{"id":989648,"date":"2025-08-21T14:17:49","date_gmt":"2025-08-21T12:17:49","guid":{"rendered":"https:\/\/fischer-badacsony.hu\/?post_type=product&#038;p=989648"},"modified":"2026-03-31T11:14:28","modified_gmt":"2026-03-31T09:14:28","slug":"deluxe-borvalogatas","status":"publish","type":"product","link":"https:\/\/fischer-badacsony.hu\/en\/product\/deluxe-borvalogatas\/","title":{"rendered":"DELUXE Wine Selection"},"content":{"rendered":"<div class=\"vgblk-rw-wrapper limit-wrapper\"><strong>A good wine always brings people closer!<\/strong><\/p>\n<p data-start=\"143\" data-end=\"379\">This selected wine collection is the perfect choice for friendly conversations, shared wine drinking, and unforgettable evenings.<br data-start=\"263\" data-end=\"266\" \/>The package <strong data-start=\"275\" data-end=\"327\">consists of 4 different wines, 3 bottles of each,<\/strong>so everyone is guaranteed to find their favorite.<\/p>\n<p data-start=\"381\" data-end=\"556\">Whether it's a light white wine, a fruity ros\u00e9 or a characterful red wine, the diverse flavors make every occasion special.<br data-start=\"516\" data-end=\"519\" \/><strong data-start=\"519\" data-end=\"554\">An excellent choice for a gift too!<\/strong><\/p>\n<p data-start=\"558\" data-end=\"661\">Now, <strong data-start=\"574\" data-end=\"619\">this premium wine series can be yours<\/strong> for only 21,990 HUF instead of 35,700 HUF!<\/p>\n<p>&nbsp;<\/p><\/div>\n<p><!-- .vgblk-rw-wrapper --><\/p>","protected":false},"excerpt":{"rendered":"<p>Egy j\u00f3 bor mindig k\u00f6zelebb hozza az embereket! Ez a v\u00e1logatott borkollekci\u00f3 t\u00f6k\u00e9letes v\u00e1laszt\u00e1s bar\u00e1ti besz\u00e9lget\u00e9sekhez, k\u00f6z\u00f6s boroz\u00e1sokhoz \u00e9s felejthetetlen est\u00e9khez.A csomag 4 k\u00fcl\u00f6nb\u00f6z\u0151 borb\u00f3l \u00e1ll, mindegyikb\u0151l 3 palackkal, \u00edgy garant\u00e1ltan mindenki megtal\u00e1lja a kedvenc\u00e9t. Legyen sz\u00f3 k\u00f6nnyed feh\u00e9rborr\u00f3l, gy\u00fcm\u00f6lcs\u00f6s roz\u00e9r\u00f3l vagy karakteres v\u00f6r\u00f6sborr\u00f3l, a v\u00e1ltozatos \u00edzvil\u00e1g minden alkalmat k\u00fcl\u00f6nlegess\u00e9 tesz.Aj\u00e1nd\u00e9knak is kit\u0171n\u0151 v\u00e1laszt\u00e1s! Most&#8230;<\/p>","protected":false},"featured_media":990098,"template":"","meta":{"_acf_changed":false,"_monsterinsights_skip_tracking":false,"_monsterinsights_sitenote_active":false,"_monsterinsights_sitenote_note":"","_monsterinsights_sitenote_category":0},"product_brand":[],"product_cat":[141],"product_tag":[235,168,177,175,176],"class_list":{"0":"post-989648","1":"product","2":"type-product","3":"status-publish","4":"has-post-thumbnail","6":"product_cat-borcsomagok","7":"product_tag-akcio","8":"product_tag-borcsomag","9":"product_tag-borvalogatas","10":"product_tag-deluxe","11":"product_tag-premium","13":"first","14":"instock","15":"sale","16":"taxable","17":"shipping-taxable","18":"purchasable","19":"product-type-woosb"},"acf":[],"aioseo_notices":[],"_links":{"self":[{"href":"https:\/\/fischer-badacsony.hu\/en\/wp-json\/wp\/v2\/product\/989648","targetHints":{"allow":["GET"]}}],"collection":[{"href":"https:\/\/fischer-badacsony.hu\/en\/wp-json\/wp\/v2\/product"}],"about":[{"href":"https:\/\/fischer-badacsony.hu\/en\/wp-json\/wp\/v2\/types\/product"}],"version-history":[{"count":4,"href":"https:\/\/fischer-badacsony.hu\/en\/wp-json\/wp\/v2\/product\/989648\/revisions"}],"predecessor-version":[{"id":989876,"href":"https:\/\/fischer-badacsony.hu\/en\/wp-json\/wp\/v2\/product\/989648\/revisions\/989876"}],"wp:featuredmedia":[{"embeddable":true,"href":"https:\/\/fischer-badacsony.hu\/en\/wp-json\/wp\/v2\/media\/990098"}],"wp:attachment":[{"href":"https:\/\/fischer-badacsony.hu\/en\/wp-json\/wp\/v2\/media?parent=989648"}],"wp:term":[{"taxonomy":"product_brand","embeddable":true,"href":"https:\/\/fischer-badacsony.hu\/en\/wp-json\/wp\/v2\/product_brand?post=989648"},{"taxonomy":"product_cat","embeddable":true,"href":"https:\/\/fischer-badacsony.hu\/en\/wp-json\/wp\/v2\/product_cat?post=989648"},{"taxonomy":"product_tag","embeddable":true,"href":"https:\/\/fischer-badacsony.hu\/en\/wp-json\/wp\/v2\/product_tag?post=989648"}],"curies":[{"name":"wp","href":"https:\/\/api.w.org\/{rel}","templated":true}]}}