{"id":989497,"date":"2025-05-23T15:18:46","date_gmt":"2025-05-23T13:18:46","guid":{"rendered":"https:\/\/fischer-badacsony.hu\/?post_type=product&#038;p=989497"},"modified":"2026-02-02T13:29:43","modified_gmt":"2026-02-02T12:29:43","slug":"borkostolo-jegy-elmeny-minden-kortyban","status":"publish","type":"product","link":"https:\/\/fischer-badacsony.hu\/en\/product\/borkostolo-jegy-elmeny-minden-kortyban\/","title":{"rendered":"Wine tasting ticket \u2013 an experience in every sip"},"content":{"rendered":"<div class=\"vgblk-rw-wrapper limit-wrapper\">\n<p data-start=\"201\" data-end=\"369\">From now on, you can purchase our tasting experience ticket at any time in our webshop, so you don't have to wait for an opportunity to surprise yourself or your loved ones with a special program.<\/p>\n<p data-start=\"201\" data-end=\"369\">Let us enchant you <strong data-start=\"415\" data-end=\"466\">in the heart of Badacsony,<\/strong>at the foot of Saint George's Hill, <strong data-start=\"475\" data-end=\"500\">where you can<\/strong> taste 7 of our <strong data-start=\"475\" data-end=\"500\">7 <\/strong><strong data-start=\"475\" data-end=\"500\">carefully selected wines<\/strong> at the foot of the basalt organs, <strong data-start=\"1094\" data-end=\"1128\">for only 4990 HUF\/person.<\/strong>The program <strong data-start=\"525\" data-end=\"548\">takes about 1 hour<\/strong>and <strong data-start=\"553\" data-end=\"582\">is available in Hungarian or<\/strong> German.<\/p>\n<p data-start=\"599\" data-end=\"919\">The venue <strong data-start=\"610\" data-end=\"635\">is located in Kisap\u00e1ti,<\/strong>where we can accommodate groups of up to 30-50 people. The relaxed, friendly atmosphere is guaranteed by our hospitality and the wonderful environment. <strong data-start=\"798\" data-end=\"832\">Of course, there are toilets, wifi, free parking<\/strong> and, as pet-friendly, <strong data-start=\"858\" data-end=\"876\">we also welcome<\/strong> your four-legged friends.<\/p>\n<p data-start=\"921\" data-end=\"1072\">This is not just a wine tasting \u2013 it's an experience you can take with you.<br data-start=\"989\" data-end=\"992\" \/><strong data-start=\"992\" data-end=\"1072\">Buy your ticket online and give the gift of moments, flavors, and memories.<\/strong><\/p>\n<p data-start=\"104\" data-end=\"214\"><strong data-start=\"107\" data-end=\"151\">Appointments can be booked after purchasing a ticket<\/strong> by calling the following number:<br data-start=\"187\" data-end=\"190\" \/>\ud83d\udcde <strong data-start=\"193\" data-end=\"214\">+36 30 867 7003<\/strong><\/p>\n<p data-start=\"216\" data-end=\"320\">Please contact us as soon as possible after purchase to arrange an exact time!<\/p>\n<p data-start=\"1074\" data-end=\"1128\"><br data-start=\"1091\" data-end=\"1094\" \/><strong data-start=\"1094\" data-end=\"1128\">Buy an experience \u2013 not just wine!<\/strong><\/p>\n<\/div>\n<p><!-- .vgblk-rw-wrapper --><\/p>","protected":false},"excerpt":{"rendered":"<p><span style=\"vertical-align: inherit;\"><span style=\"vertical-align: inherit;\">Tarts vel\u00fcnk egy k\u00fcl\u00f6nleges ny\u00e1ri d\u00e9lut\u00e1nra a Fischer Bor\u00e1szatn\u00e1l, ahol 7 v\u00e1logatott t\u00e9tel\u00fcnket ismerheted meg egy vezetett bork\u00f3stol\u00f3 keret\u00e9ben, finom falatokkal k\u00eds\u00e9rve.<\/span><\/span><\/p>","protected":false},"featured_media":988965,"template":"","meta":{"_acf_changed":false,"_monsterinsights_skip_tracking":false,"_monsterinsights_sitenote_active":false,"_monsterinsights_sitenote_note":"","_monsterinsights_sitenote_category":0},"product_brand":[],"product_cat":[162],"product_tag":[171,231,169,232,170],"class_list":{"0":"post-989497","1":"product","2":"type-product","3":"status-publish","4":"has-post-thumbnail","6":"product_cat-borkostolo","7":"product_tag-badacsony","8":"product_tag-balaton","9":"product_tag-borkostolo","10":"product_tag-csapatepito","11":"product_tag-fischer-birtok","13":"first","14":"instock","15":"virtual","16":"taxable","17":"purchasable","18":"product-type-simple"},"acf":[],"aioseo_notices":[],"_links":{"self":[{"href":"https:\/\/fischer-badacsony.hu\/en\/wp-json\/wp\/v2\/product\/989497","targetHints":{"allow":["GET"]}}],"collection":[{"href":"https:\/\/fischer-badacsony.hu\/en\/wp-json\/wp\/v2\/product"}],"about":[{"href":"https:\/\/fischer-badacsony.hu\/en\/wp-json\/wp\/v2\/types\/product"}],"version-history":[{"count":16,"href":"https:\/\/fischer-badacsony.hu\/en\/wp-json\/wp\/v2\/product\/989497\/revisions"}],"predecessor-version":[{"id":989534,"href":"https:\/\/fischer-badacsony.hu\/en\/wp-json\/wp\/v2\/product\/989497\/revisions\/989534"}],"wp:featuredmedia":[{"embeddable":true,"href":"https:\/\/fischer-badacsony.hu\/en\/wp-json\/wp\/v2\/media\/988965"}],"wp:attachment":[{"href":"https:\/\/fischer-badacsony.hu\/en\/wp-json\/wp\/v2\/media?parent=989497"}],"wp:term":[{"taxonomy":"product_brand","embeddable":true,"href":"https:\/\/fischer-badacsony.hu\/en\/wp-json\/wp\/v2\/product_brand?post=989497"},{"taxonomy":"product_cat","embeddable":true,"href":"https:\/\/fischer-badacsony.hu\/en\/wp-json\/wp\/v2\/product_cat?post=989497"},{"taxonomy":"product_tag","embeddable":true,"href":"https:\/\/fischer-badacsony.hu\/en\/wp-json\/wp\/v2\/product_tag?post=989497"}],"curies":[{"name":"wp","href":"https:\/\/api.w.org\/{rel}","templated":true}]}}