{"id":989476,"date":"2025-05-22T16:33:25","date_gmt":"2025-05-22T14:33:25","guid":{"rendered":"https:\/\/fischer-badacsony.hu\/?post_type=product&#038;p=989476"},"modified":"2026-03-31T11:10:44","modified_gmt":"2026-03-31T09:10:44","slug":"fischer-piknik-valogatas","status":"publish","type":"product","link":"https:\/\/fischer-badacsony.hu\/en\/product\/fischer-piknik-valogatas\/","title":{"rendered":"Fischer Piknik v\u00e1logat\u00e1s"},"content":{"rendered":"<div class=\"vgblk-rw-wrapper limit-wrapper\">\n<p data-section-id=\"5zw8td\" data-start=\"132\" data-end=\"184\"><strong>\u00a06 palackos borcsomag<\/strong><\/p>\n<p data-start=\"186\" data-end=\"461\">A Fischer Piknik V\u00e1logat\u00e1s egy olyan gondosan \u00f6ssze\u00e1ll\u00edtott borcsomag, amely a tavaszi\u2013ny\u00e1ri id\u0151szak legjobb pillanataihoz k\u00e9sz\u00fclt. K\u00f6nnyed, gy\u00fcm\u00f6lcs\u00f6s \u00e9s j\u00f3l ihat\u00f3 borok egy csomagban \u2013 bar\u00e1ti \u00f6sszej\u00f6vetelekhez, teraszos est\u00e9khez vagy ak\u00e1r aj\u00e1nd\u00e9knak is t\u00f6k\u00e9letes v\u00e1laszt\u00e1s.<\/p>\n<p data-start=\"463\" data-end=\"559\">A v\u00e1logat\u00e1s h\u00e1rom k\u00fcl\u00f6nb\u00f6z\u0151 karakter\u0171 bort tartalmaz, amelyek harmonikusan eg\u00e9sz\u00edtik ki egym\u00e1st:<\/p>\n<p data-start=\"561\" data-end=\"779\">\ud83c\udf77 <strong data-start=\"564\" data-end=\"591\">Fischer Syrah Ros\u00e9 2024<\/strong> \u2013 friss, \u00fcde, piros bogy\u00f3s gy\u00fcm\u00f6lcs\u00f6kkel<br data-start=\"632\" data-end=\"635\" \/>\ud83c\udf47 <strong data-start=\"638\" data-end=\"671\">Sauvignon Blanc Lieblich 2022<\/strong> \u2013 gy\u00fcm\u00f6lcs\u00f6s, \u00e9desk\u00e9s feh\u00e9rbor<br data-start=\"702\" data-end=\"705\" \/>\ud83c\udf77 <strong data-start=\"708\" data-end=\"740\">Fischer Birtok Zweigelt 2021<\/strong> \u2013 k\u00f6nnyed, m\u00e9gis karakteres v\u00f6r\u00f6sbor<\/p>\n<p data-start=\"781\" data-end=\"917\">A csomagban <strong data-start=\"793\" data-end=\"834\">mindegyik borb\u00f3l 2-2 palack tal\u00e1lhat\u00f3<\/strong>, \u00edgy ide\u00e1lis v\u00e1laszt\u00e1s, ha t\u00f6bbf\u00e9le \u00edzvil\u00e1got szeretn\u00e9l egy alkalom alatt k\u00edn\u00e1lni.<\/p>\n<p data-section-id=\"rddjzr\" data-start=\"924\" data-end=\"945\">\ud83c\udf3f Mikor aj\u00e1nljuk?<\/p>\n<ul data-start=\"947\" data-end=\"1075\">\n<li data-section-id=\"1wn08ng\" data-start=\"947\" data-end=\"989\">piknikhez vagy szabadt\u00e9ri programokhoz<\/li>\n<li data-section-id=\"1mnfvif\" data-start=\"990\" data-end=\"1018\">bar\u00e1ti \u00f6sszej\u00f6vetelekhez<\/li>\n<li data-section-id=\"5rtqnw\" data-start=\"1019\" data-end=\"1045\">k\u00f6nnyed vacsor\u00e1k mell\u00e9<\/li>\n<li data-section-id=\"17m13ea\" data-start=\"1046\" data-end=\"1075\">aj\u00e1nd\u00e9knak borrajong\u00f3knak<\/li>\n<\/ul>\n<p data-section-id=\"66ja6j\" data-start=\"1082\" data-end=\"1102\">\ud83c\udf7d\ufe0f \u00c9telp\u00e1ros\u00edt\u00e1s<\/p>\n<p data-start=\"1104\" data-end=\"1170\">A v\u00e1logat\u00e1s sokoldal\u00fas\u00e1ga miatt szinte b\u00e1rmilyen alkalomhoz illik:<\/p>\n<ul data-start=\"1172\" data-end=\"1286\">\n<li data-section-id=\"7b46lb\" data-start=\"1172\" data-end=\"1205\">sal\u00e1t\u00e1k, k\u00f6nny\u0171 \u00e9telek \u2192 ros\u00e9<\/li>\n<li data-section-id=\"17ne7ub\" data-start=\"1206\" data-end=\"1245\">desszertek, gy\u00fcm\u00f6lcs\u00f6k \u2192 \u00e9des feh\u00e9r<\/li>\n<li data-section-id=\"1886rrc\" data-start=\"1246\" data-end=\"1286\">pizza, t\u00e9szt\u00e1k, h\u00fas\u00e9telek \u2192 Zweigelt<\/li>\n<\/ul>\n<p data-section-id=\"9wdsnk\" data-start=\"1293\" data-end=\"1328\">Mi\u00e9rt v\u00e1laszd ezt a csomagot?<\/p>\n<ul>\n<li data-start=\"1330\" data-end=\"1494\">h\u00e1rom k\u00fcl\u00f6nb\u00f6z\u0151 st\u00edlus egy csomagban<\/li>\n<li data-start=\"1330\" data-end=\"1494\">\u00a0k\u00f6nnyen szerethet\u0151, j\u00f3l ihat\u00f3 borok<\/li>\n<li data-start=\"1330\" data-end=\"1494\">\u00a0ide\u00e1lis megoszt\u00e1sra, vend\u00e9gl\u00e1t\u00e1shoz<\/li>\n<li data-start=\"1330\" data-end=\"1494\">t\u00f6k\u00e9letes \u201c\u00e9lm\u00e9ny csomag\u201d, nem csak bor<\/li>\n<\/ul>\n<p data-section-id=\"2r9nvc\" data-start=\"1501\" data-end=\"1521\">\n<p data-start=\"1523\" data-end=\"1679\">\n<\/div>\n<p><!-- .vgblk-rw-wrapper --><\/p>","protected":false},"excerpt":{"rendered":"<p>\u00a06 palackos borcsomag A Fischer Piknik V\u00e1logat\u00e1s egy olyan gondosan \u00f6ssze\u00e1ll\u00edtott borcsomag, amely a tavaszi\u2013ny\u00e1ri id\u0151szak legjobb pillanataihoz k\u00e9sz\u00fclt. K\u00f6nnyed, gy\u00fcm\u00f6lcs\u00f6s \u00e9s j\u00f3l ihat\u00f3 borok egy csomagban \u2013 bar\u00e1ti \u00f6sszej\u00f6vetelekhez, teraszos est\u00e9khez vagy ak\u00e1r aj\u00e1nd\u00e9knak is t\u00f6k\u00e9letes v\u00e1laszt\u00e1s. A v\u00e1logat\u00e1s h\u00e1rom k\u00fcl\u00f6nb\u00f6z\u0151 karakter\u0171 bort tartalmaz, amelyek harmonikusan eg\u00e9sz\u00edtik ki egym\u00e1st: \ud83c\udf77 Fischer Syrah Ros\u00e9 2024&#8230;<\/p>","protected":false},"featured_media":990094,"template":"","meta":{"_acf_changed":false,"_monsterinsights_skip_tracking":false,"_monsterinsights_sitenote_active":false,"_monsterinsights_sitenote_note":"","_monsterinsights_sitenote_category":0},"product_brand":[],"product_cat":[141],"product_tag":[171,168,177,165,189,186],"class_list":{"0":"post-989476","1":"product","2":"type-product","3":"status-publish","4":"has-post-thumbnail","6":"product_cat-borcsomagok","7":"product_tag-badacsony","8":"product_tag-borcsomag","9":"product_tag-borvalogatas","10":"product_tag-feherbor","11":"product_tag-fischer","12":"product_tag-roze","14":"first","15":"instock","16":"sale","17":"taxable","18":"shipping-taxable","19":"purchasable","20":"product-type-woosb"},"acf":[],"aioseo_notices":[],"_links":{"self":[{"href":"https:\/\/fischer-badacsony.hu\/en\/wp-json\/wp\/v2\/product\/989476","targetHints":{"allow":["GET"]}}],"collection":[{"href":"https:\/\/fischer-badacsony.hu\/en\/wp-json\/wp\/v2\/product"}],"about":[{"href":"https:\/\/fischer-badacsony.hu\/en\/wp-json\/wp\/v2\/types\/product"}],"version-history":[{"count":7,"href":"https:\/\/fischer-badacsony.hu\/en\/wp-json\/wp\/v2\/product\/989476\/revisions"}],"predecessor-version":[{"id":990097,"href":"https:\/\/fischer-badacsony.hu\/en\/wp-json\/wp\/v2\/product\/989476\/revisions\/990097"}],"wp:featuredmedia":[{"embeddable":true,"href":"https:\/\/fischer-badacsony.hu\/en\/wp-json\/wp\/v2\/media\/990094"}],"wp:attachment":[{"href":"https:\/\/fischer-badacsony.hu\/en\/wp-json\/wp\/v2\/media?parent=989476"}],"wp:term":[{"taxonomy":"product_brand","embeddable":true,"href":"https:\/\/fischer-badacsony.hu\/en\/wp-json\/wp\/v2\/product_brand?post=989476"},{"taxonomy":"product_cat","embeddable":true,"href":"https:\/\/fischer-badacsony.hu\/en\/wp-json\/wp\/v2\/product_cat?post=989476"},{"taxonomy":"product_tag","embeddable":true,"href":"https:\/\/fischer-badacsony.hu\/en\/wp-json\/wp\/v2\/product_tag?post=989476"}],"curies":[{"name":"wp","href":"https:\/\/api.w.org\/{rel}","templated":true}]}}