{"id":989450,"date":"2025-04-30T14:06:39","date_gmt":"2025-04-30T12:06:39","guid":{"rendered":"https:\/\/fischer-badacsony.hu\/?post_type=product&#038;p=989450"},"modified":"2026-01-27T19:45:27","modified_gmt":"2026-01-27T18:45:27","slug":"fischer-olaszrizling-2024","status":"publish","type":"product","link":"https:\/\/fischer-badacsony.hu\/en\/product\/fischer-olaszrizling-2024\/","title":{"rendered":"Fischer Olaszrizling 2024"},"content":{"rendered":"<div class=\"vgblk-rw-wrapper limit-wrapper\">\n<p style=\"font-weight: 400;\">The\u00a0<strong>2024 Fischer Olaszrizling<\/strong>\u00a0is a high-quality dry white wine, perfect for those who crave freshness and pure flavors. The wine is one of the most popular Hungarian white wine types, which stands out with its special character and balanced characteristics.<br \/>\nThe wine has a light, straw yellow color, clean and bright, which is the result of ripe grapes and careful processing. The aroma is dominated by fresh citrus fruits, white flowers and light mineral notes, which faithfully reflect the special microclimate of the wine's origin area.<br \/>\nOn the palate, the wine is fresh and lively, with citrus and green apple flavors blending pleasantly with subtle mineral notes. The acids are well balanced, providing a long-lasting, fresh finish, providing a unique experience for wine lovers.<br \/>\nIdeal with fish dishes, seafood, white meats or light salads. Excellent to drink fresh, but with a little aging it will reveal its inherent complexity. A perfect choice for lovers of fine wines who are looking for a light but characterful drink for everyday meals or special occasions.<\/p>\n<\/div>\n<p><!-- .vgblk-rw-wrapper --><\/p>","protected":false},"excerpt":{"rendered":"<p>A 2024-es Olaszrizling \u00edz\u00e9ben friss \u00e9s \u00e9l\u00e9nk, a citrusos \u00e9s z\u00f6ld alma \u00edzek kellemesen keverednek a finom \u00e1sv\u00e1nyos jegyekkel. A savak j\u00f3l kiegyens\u00falyozottak, hosszan tart\u00f3, friss ut\u00f3\u00edzt biztos\u00edtva, ami egyed\u00fcl\u00e1ll\u00f3 \u00e9lm\u00e9nyt ny\u00fajt a bor kedvel\u0151inek.<\/p>","protected":false},"featured_media":989739,"template":"","meta":{"_acf_changed":false,"_monsterinsights_skip_tracking":false,"_monsterinsights_sitenote_active":false,"_monsterinsights_sitenote_note":"","_monsterinsights_sitenote_category":0},"product_brand":[],"product_cat":[40],"product_tag":[171,231,165,189,166,190],"class_list":{"0":"post-989450","1":"product","2":"type-product","3":"status-publish","4":"has-post-thumbnail","6":"product_cat-feher","7":"product_tag-badacsony","8":"product_tag-balaton","9":"product_tag-feherbor","10":"product_tag-fischer","11":"product_tag-olaszrizling","12":"product_tag-szaraz-bor","14":"first","15":"instock","16":"featured","17":"taxable","18":"shipping-taxable","19":"purchasable","20":"product-type-simple"},"acf":[],"aioseo_notices":[],"_links":{"self":[{"href":"https:\/\/fischer-badacsony.hu\/en\/wp-json\/wp\/v2\/product\/989450","targetHints":{"allow":["GET"]}}],"collection":[{"href":"https:\/\/fischer-badacsony.hu\/en\/wp-json\/wp\/v2\/product"}],"about":[{"href":"https:\/\/fischer-badacsony.hu\/en\/wp-json\/wp\/v2\/types\/product"}],"version-history":[{"count":5,"href":"https:\/\/fischer-badacsony.hu\/en\/wp-json\/wp\/v2\/product\/989450\/revisions"}],"predecessor-version":[{"id":989738,"href":"https:\/\/fischer-badacsony.hu\/en\/wp-json\/wp\/v2\/product\/989450\/revisions\/989738"}],"wp:featuredmedia":[{"embeddable":true,"href":"https:\/\/fischer-badacsony.hu\/en\/wp-json\/wp\/v2\/media\/989739"}],"wp:attachment":[{"href":"https:\/\/fischer-badacsony.hu\/en\/wp-json\/wp\/v2\/media?parent=989450"}],"wp:term":[{"taxonomy":"product_brand","embeddable":true,"href":"https:\/\/fischer-badacsony.hu\/en\/wp-json\/wp\/v2\/product_brand?post=989450"},{"taxonomy":"product_cat","embeddable":true,"href":"https:\/\/fischer-badacsony.hu\/en\/wp-json\/wp\/v2\/product_cat?post=989450"},{"taxonomy":"product_tag","embeddable":true,"href":"https:\/\/fischer-badacsony.hu\/en\/wp-json\/wp\/v2\/product_tag?post=989450"}],"curies":[{"name":"wp","href":"https:\/\/api.w.org\/{rel}","templated":true}]}}