{"id":989438,"date":"2025-04-29T19:22:53","date_gmt":"2025-04-29T17:22:53","guid":{"rendered":"https:\/\/fischer-badacsony.hu\/?post_type=product&#038;p=989438"},"modified":"2026-04-25T00:21:11","modified_gmt":"2026-04-24T22:21:11","slug":"fischer-szurkebarat-2024","status":"publish","type":"product","link":"https:\/\/fischer-badacsony.hu\/en\/product\/fischer-szurkebarat-2024\/","title":{"rendered":"Fischer Sz\u00fcrkebar\u00e1t 2024"},"content":{"rendered":"<div class=\"vgblk-rw-wrapper limit-wrapper\"><strong>Sz\u00fcrkebar\u00e1t 2024 <\/strong><strong style=\"font-size: 16px;\">\u2013 elegant, fruity dry white wine<\/strong><\/p>\n<p>The 2024 Sz\u00fcrkebar\u00e1t, also known as Pinot Gris, is a white grape variety known worldwide, especially popular in Badacsony, Hungary. The wine is full-bodied, with medium to high alcohol content, and fruity notes. The taste may also include citrus, pear, peach, and a slight spice. Depending on the aging method, it can be fresh and light, or full-bodied and creamy.<\/p>\n<p>In terms of food pairing, it goes well with roasted poultry, creamy pasta, smoked fish, but also harmonizes with softer, mature cheeses. An elegant wine that is a great accompaniment to a festive lunch or a pleasant conversation with friends.<\/p><\/div>\n<p><!-- .vgblk-rw-wrapper --><\/p>","protected":false},"excerpt":{"rendered":"<p>A 2024-es sz\u00fcrkebar\u00e1t\u00a0telt, k\u00f6zepes vagy magas alkoholtartalm\u00fa, gy\u00fcm\u00f6lcs\u00f6s jegyekkel rendelkezik. \u00cdz\u00e9ben citrusok, k\u00f6rte, \u0151szibarack \u00e9s enyhe f\u0171szeress\u00e9g is megjelenhet.<\/p>","protected":false},"featured_media":989735,"template":"","meta":{"_acf_changed":false,"_monsterinsights_skip_tracking":false,"_monsterinsights_sitenote_active":false,"_monsterinsights_sitenote_note":"","_monsterinsights_sitenote_category":0},"product_brand":[],"product_cat":[40],"product_tag":[171,231,165,189,190,167],"class_list":{"0":"post-989438","1":"product","2":"type-product","3":"status-publish","4":"has-post-thumbnail","6":"product_cat-feher","7":"product_tag-badacsony","8":"product_tag-balaton","9":"product_tag-feherbor","10":"product_tag-fischer","11":"product_tag-szaraz-bor","12":"product_tag-szurkebarat","14":"first","15":"instock","16":"taxable","17":"shipping-taxable","18":"purchasable","19":"product-type-simple"},"acf":[],"aioseo_notices":[],"_links":{"self":[{"href":"https:\/\/fischer-badacsony.hu\/en\/wp-json\/wp\/v2\/product\/989438","targetHints":{"allow":["GET"]}}],"collection":[{"href":"https:\/\/fischer-badacsony.hu\/en\/wp-json\/wp\/v2\/product"}],"about":[{"href":"https:\/\/fischer-badacsony.hu\/en\/wp-json\/wp\/v2\/types\/product"}],"version-history":[{"count":3,"href":"https:\/\/fischer-badacsony.hu\/en\/wp-json\/wp\/v2\/product\/989438\/revisions"}],"predecessor-version":[{"id":989758,"href":"https:\/\/fischer-badacsony.hu\/en\/wp-json\/wp\/v2\/product\/989438\/revisions\/989758"}],"wp:featuredmedia":[{"embeddable":true,"href":"https:\/\/fischer-badacsony.hu\/en\/wp-json\/wp\/v2\/media\/989735"}],"wp:attachment":[{"href":"https:\/\/fischer-badacsony.hu\/en\/wp-json\/wp\/v2\/media?parent=989438"}],"wp:term":[{"taxonomy":"product_brand","embeddable":true,"href":"https:\/\/fischer-badacsony.hu\/en\/wp-json\/wp\/v2\/product_brand?post=989438"},{"taxonomy":"product_cat","embeddable":true,"href":"https:\/\/fischer-badacsony.hu\/en\/wp-json\/wp\/v2\/product_cat?post=989438"},{"taxonomy":"product_tag","embeddable":true,"href":"https:\/\/fischer-badacsony.hu\/en\/wp-json\/wp\/v2\/product_tag?post=989438"}],"curies":[{"name":"wp","href":"https:\/\/api.w.org\/{rel}","templated":true}]}}