{"id":988652,"date":"2025-03-03T13:39:05","date_gmt":"2025-03-03T12:39:05","guid":{"rendered":"https:\/\/dev.horvathkaroly.hu\/fischer\/?post_type=product&#038;p=988652"},"modified":"2026-03-24T13:01:57","modified_gmt":"2026-03-24T12:01:57","slug":"fischer-syrah-rose-2024","status":"publish","type":"product","link":"https:\/\/fischer-badacsony.hu\/en\/product\/fischer-syrah-rose-2024\/","title":{"rendered":"Fischer Syrah Ros\u00e9 2024"},"content":{"rendered":"<div data-elementor-type=\"product-post\" data-elementor-id=\"988652\" class=\"elementor elementor-988652\" data-elementor-post-type=\"product\">\n\t\t\t\t\t\t<section class=\"elementor-section elementor-top-section elementor-element elementor-element-09d125d elementor-section-boxed elementor-section-height-default elementor-section-height-default\" data-id=\"09d125d\" data-element_type=\"section\">\n\t\t\t\t\t\t<div class=\"elementor-container elementor-column-gap-default\">\n\t\t\t\t\t<div class=\"elementor-column elementor-col-100 elementor-top-column elementor-element elementor-element-37769ce\" data-id=\"37769ce\" data-element_type=\"column\">\n\t\t\t<div class=\"elementor-widget-wrap elementor-element-populated\">\n\t\t\t\t\t\t<div class=\"elementor-element elementor-element-551e381 elementor-widget elementor-widget-text-editor\" data-id=\"551e381\" data-element_type=\"widget\" data-widget_type=\"text-editor.default\">\n\t\t\t\t<div class=\"elementor-widget-container\">\n\t\t\t\t\t\t\t\t\t<p><strong>The 2024 Fischer Syrah Ros\u00e9<\/strong> is a special batch: the ros\u00e9 version of the international Syrah variety is rare, but all the more exciting. The proximity of Lake Balaton and the volcanic soil of Badacsony resulted in a characteristic yet fresh wine<\/p><p>Its color is light salmon pink, and its aroma reveals red berries \u2014 raspberries, currants \u2014 and delicate spicy notes that evoke the unique character of Syrah.<\/p><p>Medium-bodied, fresh and dry, with low residual sugar (2.3 g\/l). The palate is refreshing, elegant and long-lasting, with a balance between fruitiness and vigor.<\/p><p>We recommend drinking it chilled to 6 \u00b0C \u2014 it's a great choice on its own for warmer days, but it's also a perfect accompaniment to light salads, grilled fish, or friendly conversations.<\/p>\t\t\t\t\t\t\t\t<\/div>\n\t\t\t\t<\/div>\n\t\t\t\t\t<\/div>\n\t\t<\/div>\n\t\t\t\t\t<\/div>\n\t\t<\/section>\n\t\t\t\t<\/div>","protected":false},"excerpt":{"rendered":"<p data-start=\"272\" data-end=\"651\">A 2024-es Fischer Syrah Ros\u00e9 k\u00fcl\u00f6nleges t\u00e9tel: a nemzetk\u00f6zi Syrah fajta ros\u00e9 v\u00e1ltozata ritka, de ann\u00e1l izgalmasabb.<\/p>","protected":false},"featured_media":988653,"template":"","meta":{"_acf_changed":false,"_monsterinsights_skip_tracking":false,"_monsterinsights_sitenote_active":false,"_monsterinsights_sitenote_note":"","_monsterinsights_sitenote_category":0},"product_brand":[],"product_cat":[15],"product_tag":[171,231,189,186,200,190],"class_list":{"0":"post-988652","1":"product","2":"type-product","3":"status-publish","4":"has-post-thumbnail","6":"product_cat-roze","7":"product_tag-badacsony","8":"product_tag-balaton","9":"product_tag-fischer","10":"product_tag-roze","11":"product_tag-syrah","12":"product_tag-szaraz-bor","14":"first","15":"instock","16":"taxable","17":"shipping-taxable","18":"purchasable","19":"product-type-simple"},"acf":[],"aioseo_notices":[],"_links":{"self":[{"href":"https:\/\/fischer-badacsony.hu\/en\/wp-json\/wp\/v2\/product\/988652","targetHints":{"allow":["GET"]}}],"collection":[{"href":"https:\/\/fischer-badacsony.hu\/en\/wp-json\/wp\/v2\/product"}],"about":[{"href":"https:\/\/fischer-badacsony.hu\/en\/wp-json\/wp\/v2\/types\/product"}],"version-history":[{"count":9,"href":"https:\/\/fischer-badacsony.hu\/en\/wp-json\/wp\/v2\/product\/988652\/revisions"}],"predecessor-version":[{"id":989762,"href":"https:\/\/fischer-badacsony.hu\/en\/wp-json\/wp\/v2\/product\/988652\/revisions\/989762"}],"wp:featuredmedia":[{"embeddable":true,"href":"https:\/\/fischer-badacsony.hu\/en\/wp-json\/wp\/v2\/media\/988653"}],"wp:attachment":[{"href":"https:\/\/fischer-badacsony.hu\/en\/wp-json\/wp\/v2\/media?parent=988652"}],"wp:term":[{"taxonomy":"product_brand","embeddable":true,"href":"https:\/\/fischer-badacsony.hu\/en\/wp-json\/wp\/v2\/product_brand?post=988652"},{"taxonomy":"product_cat","embeddable":true,"href":"https:\/\/fischer-badacsony.hu\/en\/wp-json\/wp\/v2\/product_cat?post=988652"},{"taxonomy":"product_tag","embeddable":true,"href":"https:\/\/fischer-badacsony.hu\/en\/wp-json\/wp\/v2\/product_tag?post=988652"}],"curies":[{"name":"wp","href":"https:\/\/api.w.org\/{rel}","templated":true}]}}