{"id":988649,"date":"2025-03-03T13:35:18","date_gmt":"2025-03-03T12:35:18","guid":{"rendered":"https:\/\/dev.horvathkaroly.hu\/fischer\/?post_type=product&#038;p=988649"},"modified":"2026-01-27T19:45:27","modified_gmt":"2026-01-27T18:45:27","slug":"fischer-rosalia-dac-rose-dobozzal-2023","status":"publish","type":"product","link":"https:\/\/fischer-badacsony.hu\/en\/product\/fischer-rosalia-dac-rose-dobozzal-2023\/","title":{"rendered":"Fischer Rosalia DAC Ros\u00e9 (dobozzal) 2023"},"content":{"rendered":"<div class=\"vgblk-rw-wrapper limit-wrapper\">\n<p style=\"text-align: left;\">Fischer DAC Ros\u00e9 is a high-quality, dry ros\u00e9 wine made from Blue Frank grapes from the best vineyards in the Burgenland wine region. This wine has an alcohol content of 13.0% and a residual sugar content of 2.5 g\/l. The wine was aged in steel tanks to preserve its freshness and fruitiness.<\/p>\n<p><strong>Color and Fragrance:<\/strong> Light salmon pink in color with silvery reflections. The aroma is dominated by delicate red cherries, a hint of fresh pear and strawberries, an inviting fruity aroma.<\/p>\n<p><strong>Taste and Texture:<\/strong> Juicy, elegant, balanced, with refreshing acidity and a fruity aftertaste. A very delicious summer wine that goes perfectly with light dishes, salmon, caviar, and an unforgettable summer breakfast on the terrace.<\/p>\n<p><strong>Awards:<\/strong> International Frankfurt \u2013 Gold Medal, OGZ Sieger 2023 Ros\u00e9 (category award-winning ros\u00e9), category-winning Ros\u00e92 by Die Presse magazine.<\/div>\n<p><!-- .vgblk-rw-wrapper --><\/p>","protected":false},"excerpt":{"rendered":"<p>Fischer DAC Ros\u00e9 is a high-quality, dry ros\u00e9 wine made from Blue Frank grapes from the best vineyards in the Burgenland wine region.<\/p>","protected":false},"featured_media":988650,"template":"","meta":{"_acf_changed":false,"_monsterinsights_skip_tracking":false,"_monsterinsights_sitenote_active":false,"_monsterinsights_sitenote_note":"","_monsterinsights_sitenote_category":0},"product_brand":[],"product_cat":[15],"product_tag":[231,201,189,198,186],"class_list":{"0":"post-988649","1":"product","2":"type-product","3":"status-publish","4":"has-post-thumbnail","6":"product_cat-roze","7":"product_tag-balaton","8":"product_tag-dobozos-ajandek","9":"product_tag-fischer","10":"product_tag-premium-bor","11":"product_tag-roze","13":"first","14":"instock","15":"taxable","16":"shipping-taxable","17":"purchasable","18":"product-type-simple"},"acf":[],"aioseo_notices":[],"_links":{"self":[{"href":"https:\/\/fischer-badacsony.hu\/en\/wp-json\/wp\/v2\/product\/988649","targetHints":{"allow":["GET"]}}],"collection":[{"href":"https:\/\/fischer-badacsony.hu\/en\/wp-json\/wp\/v2\/product"}],"about":[{"href":"https:\/\/fischer-badacsony.hu\/en\/wp-json\/wp\/v2\/types\/product"}],"version-history":[{"count":1,"href":"https:\/\/fischer-badacsony.hu\/en\/wp-json\/wp\/v2\/product\/988649\/revisions"}],"predecessor-version":[{"id":989681,"href":"https:\/\/fischer-badacsony.hu\/en\/wp-json\/wp\/v2\/product\/988649\/revisions\/989681"}],"wp:featuredmedia":[{"embeddable":true,"href":"https:\/\/fischer-badacsony.hu\/en\/wp-json\/wp\/v2\/media\/988650"}],"wp:attachment":[{"href":"https:\/\/fischer-badacsony.hu\/en\/wp-json\/wp\/v2\/media?parent=988649"}],"wp:term":[{"taxonomy":"product_brand","embeddable":true,"href":"https:\/\/fischer-badacsony.hu\/en\/wp-json\/wp\/v2\/product_brand?post=988649"},{"taxonomy":"product_cat","embeddable":true,"href":"https:\/\/fischer-badacsony.hu\/en\/wp-json\/wp\/v2\/product_cat?post=988649"},{"taxonomy":"product_tag","embeddable":true,"href":"https:\/\/fischer-badacsony.hu\/en\/wp-json\/wp\/v2\/product_tag?post=988649"}],"curies":[{"name":"wp","href":"https:\/\/api.w.org\/{rel}","templated":true}]}}