{"id":988577,"date":"2025-03-03T12:03:55","date_gmt":"2025-03-03T11:03:55","guid":{"rendered":"https:\/\/dev.horvathkaroly.hu\/fischer\/?post_type=product&#038;p=988577"},"modified":"2026-03-24T13:01:57","modified_gmt":"2026-03-24T12:01:57","slug":"fischer-chardonnay-2024","status":"publish","type":"product","link":"https:\/\/fischer-badacsony.hu\/en\/product\/fischer-chardonnay-2024\/","title":{"rendered":"Fischer Chardonnay 2024"},"content":{"rendered":"<div class=\"vgblk-rw-wrapper limit-wrapper\">\n<p style=\"text-align: left;\">A Fischer Chardonnay 2024 egy kiv\u00e1l\u00f3 min\u0151s\u00e9g\u0171, sz\u00e1raz feh\u00e9rbor, amely a Badacsony borvid\u00e9k legjobb sz\u0151l\u0151\u00fcltetv\u00e9nyeir\u0151l sz\u00e1rmaz\u00f3 Chardonnay sz\u0151l\u0151b\u0151l k\u00e9sz\u00fclt. Ez a bor 13,0% alkoholtartalommal rendelkezik, \u00e9s 4,2 g\/l marad\u00e9kcukrot tartalmaz. A bort ac\u00e9ltart\u00e1lyban \u00e9rlelt\u00fck, hogy meg\u0151rizze frissess\u00e9g\u00e9t \u00e9s gy\u00fcm\u00f6lcs\u00f6ss\u00e9g\u00e9t.<\/p>\n<p><strong>Color and Fragrance:<\/strong> It is characterized by a pale yellow color, and its aroma is dominated by subdued coconut shell, quince, and slightly salty notes.<\/p>\n<p><strong>Taste and Texture:<\/strong> Full-bodied, fresh, lemony and exciting on the palate, the wine is medium-bodied, with lively acidity and a long, elegant finish.<\/p>\n<p><strong>Food pairing:<\/strong> It goes well with salads, seafood and light poultry dishes. It is also a great choice for grilled vegetables and fresh cheeses.<\/div>\n<p><!-- .vgblk-rw-wrapper --><\/p>","protected":false},"excerpt":{"rendered":"<p>A Fischer Chardonnay 2024 egy kiv\u00e1l\u00f3 min\u0151s\u00e9g\u0171, sz\u00e1raz feh\u00e9rbor, amely a Badacsony borvid\u00e9k legjobb sz\u0151l\u0151\u00fcltetv\u00e9nyeir\u0151l sz\u00e1rmaz\u00f3 Chardonnay sz\u0151l\u0151b\u0151l k\u00e9sz\u00fclt.<\/p>","protected":false},"featured_media":988578,"template":"","meta":{"_acf_changed":false,"_monsterinsights_skip_tracking":false,"_monsterinsights_sitenote_active":false,"_monsterinsights_sitenote_note":"","_monsterinsights_sitenote_category":0},"product_brand":[],"product_cat":[40],"product_tag":[171,231,32,165,189,190],"class_list":{"0":"post-988577","1":"product","2":"type-product","3":"status-publish","4":"has-post-thumbnail","6":"product_cat-feher","7":"product_tag-badacsony","8":"product_tag-balaton","9":"product_tag-chardonnay","10":"product_tag-feherbor","11":"product_tag-fischer","12":"product_tag-szaraz-bor","14":"first","15":"instock","16":"taxable","17":"shipping-taxable","18":"purchasable","19":"product-type-simple"},"acf":[],"aioseo_notices":[],"_links":{"self":[{"href":"https:\/\/fischer-badacsony.hu\/en\/wp-json\/wp\/v2\/product\/988577","targetHints":{"allow":["GET"]}}],"collection":[{"href":"https:\/\/fischer-badacsony.hu\/en\/wp-json\/wp\/v2\/product"}],"about":[{"href":"https:\/\/fischer-badacsony.hu\/en\/wp-json\/wp\/v2\/types\/product"}],"version-history":[{"count":5,"href":"https:\/\/fischer-badacsony.hu\/en\/wp-json\/wp\/v2\/product\/988577\/revisions"}],"predecessor-version":[{"id":989676,"href":"https:\/\/fischer-badacsony.hu\/en\/wp-json\/wp\/v2\/product\/988577\/revisions\/989676"}],"wp:featuredmedia":[{"embeddable":true,"href":"https:\/\/fischer-badacsony.hu\/en\/wp-json\/wp\/v2\/media\/988578"}],"wp:attachment":[{"href":"https:\/\/fischer-badacsony.hu\/en\/wp-json\/wp\/v2\/media?parent=988577"}],"wp:term":[{"taxonomy":"product_brand","embeddable":true,"href":"https:\/\/fischer-badacsony.hu\/en\/wp-json\/wp\/v2\/product_brand?post=988577"},{"taxonomy":"product_cat","embeddable":true,"href":"https:\/\/fischer-badacsony.hu\/en\/wp-json\/wp\/v2\/product_cat?post=988577"},{"taxonomy":"product_tag","embeddable":true,"href":"https:\/\/fischer-badacsony.hu\/en\/wp-json\/wp\/v2\/product_tag?post=988577"}],"curies":[{"name":"wp","href":"https:\/\/api.w.org\/{rel}","templated":true}]}}