{"id":988562,"date":"2025-03-03T11:33:40","date_gmt":"2025-03-03T10:33:40","guid":{"rendered":"https:\/\/dev.horvathkaroly.hu\/fischer\/?post_type=product&#038;p=988562"},"modified":"2026-03-22T14:39:03","modified_gmt":"2026-03-22T13:39:03","slug":"fischer-feher-szolole-2020","status":"publish","type":"product","link":"https:\/\/fischer-badacsony.hu\/en\/product\/fischer-feher-szolole-2020\/","title":{"rendered":"Fischer Feh\u00e9r Sz\u0151l\u0151l\u00e9 2020"},"content":{"rendered":"<div class=\"vgblk-rw-wrapper limit-wrapper\">Fischer Birtok white grape juice is made exclusively from Sauvignon Blanc grapes, filtered and pasteurized, without any additives. This natural grape juice preserves the refreshing and fruity flavor of the Sauvignon Blanc grape, which is made special by tropical fruits and citrus notes. It is the perfect choice for those who want to enjoy the natural flavor and freshness of grapes without consuming any artificial ingredients.<\/div>\n<p><!-- .vgblk-rw-wrapper --><\/p>","protected":false},"excerpt":{"rendered":"<p>A Fischer Birtok feh\u00e9r sz\u0151l\u0151leve kiz\u00e1r\u00f3lag Sauvignon Blanc sz\u0151l\u0151b\u0151l k\u00e9sz\u00fcl, sz\u0171rve \u00e9s paszt\u00f6r\u00f6zve, mindenf\u00e9le adal\u00e9kanyag n\u00e9lk\u00fcl. Ez a term\u00e9szetes sz\u0151l\u0151l\u00e9 meg\u0151rzi a Sauvignon Blanc sz\u0151l\u0151 friss\u00edt\u0151 \u00e9s gy\u00fcm\u00f6lcs\u00f6s \u00edzvil\u00e1g\u00e1t, amelyet a tr\u00f3pusi gy\u00fcm\u00f6lcs\u00f6k \u00e9s a citrusos jegyek tesznek k\u00fcl\u00f6nlegess\u00e9. T\u00f6k\u00e9letes v\u00e1laszt\u00e1s azok sz\u00e1m\u00e1ra, akik szeretn\u00e9k \u00e9lvezni a sz\u0151l\u0151 term\u00e9szetes \u00edz\u00e9t \u00e9s frissess\u00e9g\u00e9t, an\u00e9lk\u00fcl, hogy b\u00e1rmilyen&#8230;<\/p>","protected":false},"featured_media":988563,"template":"","meta":{"_acf_changed":false,"_monsterinsights_skip_tracking":false,"_monsterinsights_sitenote_active":false,"_monsterinsights_sitenote_note":"","_monsterinsights_sitenote_category":0},"product_brand":[],"product_cat":[40],"product_tag":[208,231,214,189,210,207],"class_list":{"0":"post-988562","1":"product","2":"type-product","3":"status-publish","4":"has-post-thumbnail","6":"product_cat-feher","7":"product_tag-alkoholmentes","8":"product_tag-balaton","9":"product_tag-feher-szolo","10":"product_tag-fischer","11":"product_tag-must","12":"product_tag-szolole","14":"first","15":"instock","16":"taxable","17":"shipping-taxable","18":"purchasable","19":"product-type-simple"},"acf":[],"aioseo_notices":[],"_links":{"self":[{"href":"https:\/\/fischer-badacsony.hu\/en\/wp-json\/wp\/v2\/product\/988562","targetHints":{"allow":["GET"]}}],"collection":[{"href":"https:\/\/fischer-badacsony.hu\/en\/wp-json\/wp\/v2\/product"}],"about":[{"href":"https:\/\/fischer-badacsony.hu\/en\/wp-json\/wp\/v2\/types\/product"}],"version-history":[{"count":1,"href":"https:\/\/fischer-badacsony.hu\/en\/wp-json\/wp\/v2\/product\/988562\/revisions"}],"predecessor-version":[{"id":989693,"href":"https:\/\/fischer-badacsony.hu\/en\/wp-json\/wp\/v2\/product\/988562\/revisions\/989693"}],"wp:featuredmedia":[{"embeddable":true,"href":"https:\/\/fischer-badacsony.hu\/en\/wp-json\/wp\/v2\/media\/988563"}],"wp:attachment":[{"href":"https:\/\/fischer-badacsony.hu\/en\/wp-json\/wp\/v2\/media?parent=988562"}],"wp:term":[{"taxonomy":"product_brand","embeddable":true,"href":"https:\/\/fischer-badacsony.hu\/en\/wp-json\/wp\/v2\/product_brand?post=988562"},{"taxonomy":"product_cat","embeddable":true,"href":"https:\/\/fischer-badacsony.hu\/en\/wp-json\/wp\/v2\/product_cat?post=988562"},{"taxonomy":"product_tag","embeddable":true,"href":"https:\/\/fischer-badacsony.hu\/en\/wp-json\/wp\/v2\/product_tag?post=988562"}],"curies":[{"name":"wp","href":"https:\/\/api.w.org\/{rel}","templated":true}]}}