{"id":988848,"date":"2025-03-03T18:27:47","date_gmt":"2025-03-03T17:27:47","guid":{"rendered":"https:\/\/dev.horvathkaroly.hu\/fischer\/?page_id=988848"},"modified":"2025-12-05T16:52:01","modified_gmt":"2025-12-05T15:52:01","slug":"borcsomagok","status":"publish","type":"page","link":"https:\/\/fischer-badacsony.hu\/en\/borcsomagok\/","title":{"rendered":"Wine Packages"},"content":{"rendered":"<div data-elementor-type=\"wp-page\" data-elementor-id=\"988848\" class=\"elementor elementor-988848\" data-elementor-post-type=\"page\">\n\t\t\t\t\t\t<section class=\"elementor-section elementor-top-section elementor-element elementor-element-1d188cf elementor-section-height-min-height elementor-section-content-bottom elementor-section-boxed elementor-section-height-default elementor-section-items-middle elementor-invisible\" data-id=\"1d188cf\" data-element_type=\"section\" data-settings=\"{&quot;background_background&quot;:&quot;slideshow&quot;,&quot;animation&quot;:&quot;fadeIn&quot;,&quot;background_slideshow_gallery&quot;:[{&quot;id&quot;:988542,&quot;url&quot;:&quot;https:\\\/\\\/fischer-badacsony.hu\\\/wp-content\\\/uploads\\\/2025\\\/03\\\/slide_4.webp&quot;},{&quot;id&quot;:988541,&quot;url&quot;:&quot;https:\\\/\\\/fischer-badacsony.hu\\\/wp-content\\\/uploads\\\/2025\\\/03\\\/slide_3.webp&quot;},{&quot;id&quot;:988539,&quot;url&quot;:&quot;https:\\\/\\\/fischer-badacsony.hu\\\/wp-content\\\/uploads\\\/2025\\\/03\\\/slide_1.webp&quot;},{&quot;id&quot;:988540,&quot;url&quot;:&quot;https:\\\/\\\/fischer-badacsony.hu\\\/wp-content\\\/uploads\\\/2025\\\/03\\\/slide_2.webp&quot;}],&quot;background_slideshow_transition_duration&quot;:1000,&quot;background_slideshow_ken_burns&quot;:&quot;yes&quot;,&quot;background_slideshow_loop&quot;:&quot;yes&quot;,&quot;background_slideshow_slide_duration&quot;:5000,&quot;background_slideshow_slide_transition&quot;:&quot;fade&quot;,&quot;background_slideshow_ken_burns_zoom_direction&quot;:&quot;in&quot;}\">\n\t\t\t\t\t\t\t<div class=\"elementor-background-overlay\"><\/div>\n\t\t\t\t\t\t\t<div class=\"elementor-container elementor-column-gap-default\">\n\t\t\t\t\t<div class=\"elementor-column elementor-col-100 elementor-top-column elementor-element elementor-element-0376f93\" data-id=\"0376f93\" data-element_type=\"column\">\n\t\t\t<div class=\"elementor-widget-wrap elementor-element-populated\">\n\t\t\t\t\t\t\t<\/div>\n\t\t<\/div>\n\t\t\t\t\t<\/div>\n\t\t<\/section>\n\t\t\t\t<section class=\"elementor-section elementor-top-section elementor-element elementor-element-4bb6549 elementor-section-boxed elementor-section-height-default elementor-section-height-default\" data-id=\"4bb6549\" data-element_type=\"section\">\n\t\t\t\t\t\t<div class=\"elementor-container elementor-column-gap-default\">\n\t\t\t\t\t<div class=\"elementor-column elementor-col-100 elementor-top-column elementor-element elementor-element-bd5f0dd\" data-id=\"bd5f0dd\" data-element_type=\"column\">\n\t\t\t<div class=\"elementor-widget-wrap elementor-element-populated\">\n\t\t\t\t\t\t<div class=\"elementor-element elementor-element-ac74c4b elementor-product-loop-item--align-center elementor-grid-3 elementor-grid-tablet-1 elementor-grid-mobile-1 elementor-products-grid elementor-wc-products elementor-widget elementor-widget-woocommerce-products\" data-id=\"ac74c4b\" data-element_type=\"widget\" data-widget_type=\"woocommerce-products.default\">\n\t\t\t\t<div class=\"elementor-widget-container\">\n\t\t\t\t\t<div class=\"woocommerce columns-3\"><ul class=\"products elementor-grid vamtam-wc columns-3\">\n<li class=\"product type-product post-989648 status-publish first instock product_cat-borcsomagok product_tag-akcio product_tag-borcsomag product_tag-borvalogatas product_tag-deluxe product_tag-premium has-post-thumbnail sale taxable shipping-taxable purchasable product-type-woosb\">\n\t<a href=\"https:\/\/fischer-badacsony.hu\/en\/product\/deluxe-borvalogatas\/\" class=\"woocommerce-LoopProduct-link woocommerce-loop-product__link\">\n\t<span class=\"onsale\" data-no-translation=\"\" data-trp-gettext=\"\">Akci\u00f3!<\/span>\n\t<img loading=\"lazy\" decoding=\"async\" width=\"335\" height=\"268\" src=\"https:\/\/fischer-badacsony.hu\/wp-content\/uploads\/2025\/08\/deluxe-borcsomag-335x268.png\" class=\"attachment-woocommerce_thumbnail size-woocommerce_thumbnail\" alt=\"Fischer Deluxe borv\u00e1logat\u00e1s \u2013 gondosan \u00f6sszev\u00e1logatott pr\u00e9mium borcsomag\" srcset=\"https:\/\/fischer-badacsony.hu\/wp-content\/uploads\/2025\/08\/deluxe-borcsomag-335x268.png 335w, https:\/\/fischer-badacsony.hu\/wp-content\/uploads\/2025\/08\/deluxe-borcsomag-300x240.png 300w, https:\/\/fischer-badacsony.hu\/wp-content\/uploads\/2025\/08\/deluxe-borcsomag-1024x819.png 1024w, https:\/\/fischer-badacsony.hu\/wp-content\/uploads\/2025\/08\/deluxe-borcsomag-768x614.png 768w, https:\/\/fischer-badacsony.hu\/wp-content\/uploads\/2025\/08\/deluxe-borcsomag-15x12.png 15w, https:\/\/fischer-badacsony.hu\/wp-content\/uploads\/2025\/08\/deluxe-borcsomag-670x536.png 670w, https:\/\/fischer-badacsony.hu\/wp-content\/uploads\/2025\/08\/deluxe-borcsomag-1340x1071.png 1340w, https:\/\/fischer-badacsony.hu\/wp-content\/uploads\/2025\/08\/deluxe-borcsomag.png 1402w\" sizes=\"auto, (max-width: 335px) 100vw, 335px\" \/>\t\t\t<\/a>\t\t\t<!-- Open content -->\n\t\t\t<div class=\"vamtam-product-content\">\n\t\t\t<a href=\"https:\/\/fischer-badacsony.hu\/en\/product\/deluxe-borvalogatas\/\" class=\"woocommerce-LoopProduct-link woocommerce-loop-product__link\"><h2 class=\"woocommerce-loop-product__title\">DELUXE Wine Selection<\/h2>\t\t\t\t\t<\/a><div class=\"vamtam-product-cats\"><a href=\"https:\/\/fischer-badacsony.hu\/en\/product-category\/borcsomagok\/\" rel=\"tag\">Wine Packages<\/a><\/div>\n\t<span class=\"price\"><del aria-hidden=\"true\"><span class=\"woocommerce-Price-amount amount\"><bdi>35 700&nbsp;<span class=\"woocommerce-Price-currencySymbol\">&#70;&#116;<\/span><\/bdi><\/span><\/del> <span class=\"screen-reader-text\" data-no-translation=\"\" data-trp-gettext=\"\">Original price was: 35 700&nbsp;&#070;&#116;.<\/span><ins aria-hidden=\"true\"><span class=\"woocommerce-Price-amount amount\"><bdi>21 990&nbsp;<span class=\"woocommerce-Price-currencySymbol\">&#70;&#116;<\/span><\/bdi><\/span><\/ins><span class=\"screen-reader-text\" data-no-translation=\"\" data-trp-gettext=\"\">Current price is: 21 990&nbsp;&#070;&#116;.<\/span><\/span>\n\t\t\t<\/div>\n\t\t\t<!-- Close content -->\n\t\t\t<div class=\"vamtam-add-to-cart-wrap\"><a href=\"\/en\/wp-json\/wp\/v2\/pages\/988848?add-to-cart=989648\" aria-describedby=\"woocommerce_loop_add_to_cart_link_describedby_989648\" data-quantity=\"1\" class=\"button product_type_woosb add_to_cart_button ajax_add_to_cart\" data-product_id=\"989648\" data-product_sku=\"\" aria-label=\"\u201cDELUXE Borv\u00e1logat\u00e1s\u201d term\u00e9kr\u0151l t\u00f6bb inform\u00e1ci\u00f3\" rel=\"nofollow\" data-no-translation-aria-label=\"\">Add to cart<\/a><\/div>\t<span id=\"woocommerce_loop_add_to_cart_link_describedby_989648\" class=\"screen-reader-text\">\n\t\t\t<\/span>\n\t\t<span class=\"acoplw-badge acoplw-textBlock acoplw-elemBlock\"><span class=\"acoplw-badge-icon acoplw-bseight acoplwLeftAlign acoplwPosTop acoplw-custom-badge-990073\" style=\"opacity:1;width:93px;font-size:20px;line-height:px;font-weight: 600;height:93px;transform:rotateX(0deg) rotateY(0deg) rotateZ(0deg);top:1px;bottom:auto;background:rgba(0, 0, 0, 1);\"><span class=\"acoplw-blockText\" style=\"color:rgba(255, 255, 255, 1);\">AKCI\u00d3<\/span><\/span><\/span><\/li>\n<li class=\"product type-product post-989476 status-publish instock product_cat-borcsomagok product_tag-badacsony product_tag-borcsomag product_tag-borvalogatas product_tag-feherbor product_tag-fischer product_tag-roze has-post-thumbnail sale taxable shipping-taxable purchasable product-type-woosb\">\n\t<a href=\"https:\/\/fischer-badacsony.hu\/en\/product\/fischer-piknik-valogatas\/\" class=\"woocommerce-LoopProduct-link woocommerce-loop-product__link\">\n\t<span class=\"onsale\" data-no-translation=\"\" data-trp-gettext=\"\">Akci\u00f3!<\/span>\n\t<img loading=\"lazy\" decoding=\"async\" width=\"335\" height=\"268\" src=\"https:\/\/fischer-badacsony.hu\/wp-content\/uploads\/2025\/05\/Piknik-borcsomag-335x268.png\" class=\"attachment-woocommerce_thumbnail size-woocommerce_thumbnail\" alt=\"Tavaszi Piknik borcsomag\" srcset=\"https:\/\/fischer-badacsony.hu\/wp-content\/uploads\/2025\/05\/Piknik-borcsomag-335x268.png 335w, https:\/\/fischer-badacsony.hu\/wp-content\/uploads\/2025\/05\/Piknik-borcsomag-300x240.png 300w, https:\/\/fischer-badacsony.hu\/wp-content\/uploads\/2025\/05\/Piknik-borcsomag-1024x819.png 1024w, https:\/\/fischer-badacsony.hu\/wp-content\/uploads\/2025\/05\/Piknik-borcsomag-768x614.png 768w, https:\/\/fischer-badacsony.hu\/wp-content\/uploads\/2025\/05\/Piknik-borcsomag-15x12.png 15w, https:\/\/fischer-badacsony.hu\/wp-content\/uploads\/2025\/05\/Piknik-borcsomag-670x536.png 670w, https:\/\/fischer-badacsony.hu\/wp-content\/uploads\/2025\/05\/Piknik-borcsomag-1340x1071.png 1340w, https:\/\/fischer-badacsony.hu\/wp-content\/uploads\/2025\/05\/Piknik-borcsomag.png 1402w\" sizes=\"auto, (max-width: 335px) 100vw, 335px\" \/>\t\t\t<\/a>\t\t\t<!-- Open content -->\n\t\t\t<div class=\"vamtam-product-content\">\n\t\t\t<a href=\"https:\/\/fischer-badacsony.hu\/en\/product\/fischer-piknik-valogatas\/\" class=\"woocommerce-LoopProduct-link woocommerce-loop-product__link\"><h2 class=\"woocommerce-loop-product__title\">Fischer Piknik v\u00e1logat\u00e1s<\/h2>\t\t\t\t\t<\/a><div class=\"vamtam-product-cats\"><a href=\"https:\/\/fischer-badacsony.hu\/en\/product-category\/borcsomagok\/\" rel=\"tag\">Wine Packages<\/a><\/div>\n\t<span class=\"price\"><del aria-hidden=\"true\"><span class=\"woocommerce-Price-amount amount\"><bdi>16 800&nbsp;<span class=\"woocommerce-Price-currencySymbol\">&#70;&#116;<\/span><\/bdi><\/span><\/del> <span class=\"screen-reader-text\" data-no-translation=\"\" data-trp-gettext=\"\">Original price was: 16 800&nbsp;&#070;&#116;.<\/span><ins aria-hidden=\"true\"><span class=\"woocommerce-Price-amount amount\"><bdi>13 440&nbsp;<span class=\"woocommerce-Price-currencySymbol\">&#70;&#116;<\/span><\/bdi><\/span><\/ins><span class=\"screen-reader-text\" data-no-translation=\"\" data-trp-gettext=\"\">Current price is: 13 440&nbsp;&#070;&#116;.<\/span><\/span>\n\t\t\t<\/div>\n\t\t\t<!-- Close content -->\n\t\t\t<div class=\"vamtam-add-to-cart-wrap\"><a href=\"\/en\/wp-json\/wp\/v2\/pages\/988848?add-to-cart=989476\" aria-describedby=\"woocommerce_loop_add_to_cart_link_describedby_989476\" data-quantity=\"1\" class=\"button product_type_woosb add_to_cart_button ajax_add_to_cart\" data-product_id=\"989476\" data-product_sku=\"\" aria-label=\"\u201cFischer Piknik v\u00e1logat\u00e1s\u201d term\u00e9kr\u0151l t\u00f6bb inform\u00e1ci\u00f3\" rel=\"nofollow\" data-no-translation-aria-label=\"\">Add to cart<\/a><\/div>\t<span id=\"woocommerce_loop_add_to_cart_link_describedby_989476\" class=\"screen-reader-text\">\n\t\t\t<\/span>\n\t\t<span class=\"acoplw-badge acoplw-textBlock acoplw-elemBlock\"><span class=\"acoplw-badge-icon acoplw-bseight acoplwLeftAlign acoplwPosTop acoplw-custom-badge-990073\" style=\"opacity:1;width:93px;font-size:20px;line-height:px;font-weight: 600;height:93px;transform:rotateX(0deg) rotateY(0deg) rotateZ(0deg);top:1px;bottom:auto;background:rgba(0, 0, 0, 1);\"><span class=\"acoplw-blockText\" style=\"color:rgba(255, 255, 255, 1);\">AKCI\u00d3<\/span><\/span><\/span><\/li>\n<li class=\"product type-product post-989473 status-publish last instock product_cat-borcsomagok product_tag-badacsony product_tag-borcsomag product_tag-borvalogatas product_tag-fischer-boraszat product_tag-vorosbor has-post-thumbnail sale taxable shipping-taxable purchasable product-type-woosb\">\n\t<a href=\"https:\/\/fischer-badacsony.hu\/en\/product\/fischer-premium-borcsomag\/\" class=\"woocommerce-LoopProduct-link woocommerce-loop-product__link\">\n\t<span class=\"onsale\" data-no-translation=\"\" data-trp-gettext=\"\">Akci\u00f3!<\/span>\n\t<img loading=\"lazy\" decoding=\"async\" width=\"335\" height=\"268\" src=\"https:\/\/fischer-badacsony.hu\/wp-content\/uploads\/2025\/05\/Fischer-wein-335x268.png\" class=\"attachment-woocommerce_thumbnail size-woocommerce_thumbnail\" alt=\"Fischer Pr\u00e9mium Borv\u00e1logat\u00e1s \u2013 3 t\u00e9teles csomag\" srcset=\"https:\/\/fischer-badacsony.hu\/wp-content\/uploads\/2025\/05\/Fischer-wein-335x268.png 335w, https:\/\/fischer-badacsony.hu\/wp-content\/uploads\/2025\/05\/Fischer-wein-300x240.png 300w, https:\/\/fischer-badacsony.hu\/wp-content\/uploads\/2025\/05\/Fischer-wein-1024x819.png 1024w, https:\/\/fischer-badacsony.hu\/wp-content\/uploads\/2025\/05\/Fischer-wein-768x614.png 768w, https:\/\/fischer-badacsony.hu\/wp-content\/uploads\/2025\/05\/Fischer-wein-15x12.png 15w, https:\/\/fischer-badacsony.hu\/wp-content\/uploads\/2025\/05\/Fischer-wein-670x536.png 670w, https:\/\/fischer-badacsony.hu\/wp-content\/uploads\/2025\/05\/Fischer-wein-1340x1071.png 1340w, https:\/\/fischer-badacsony.hu\/wp-content\/uploads\/2025\/05\/Fischer-wein.png 1402w\" sizes=\"auto, (max-width: 335px) 100vw, 335px\" \/>\t\t\t<\/a>\t\t\t<!-- Open content -->\n\t\t\t<div class=\"vamtam-product-content\">\n\t\t\t<a href=\"https:\/\/fischer-badacsony.hu\/en\/product\/fischer-premium-borcsomag\/\" class=\"woocommerce-LoopProduct-link woocommerce-loop-product__link\"><h2 class=\"woocommerce-loop-product__title\">Fischer Pr\u00e9mium Borcsomag<\/h2>\t\t\t\t\t<\/a><div class=\"vamtam-product-cats\"><a href=\"https:\/\/fischer-badacsony.hu\/en\/product-category\/borcsomagok\/\" rel=\"tag\">Wine Packages<\/a><\/div>\n\t<span class=\"price\"><del aria-hidden=\"true\"><span class=\"woocommerce-Price-amount amount\"><bdi>11 990&nbsp;<span class=\"woocommerce-Price-currencySymbol\">&#70;&#116;<\/span><\/bdi><\/span><\/del> <span class=\"screen-reader-text\" data-no-translation=\"\" data-trp-gettext=\"\">Original price was: 11 990&nbsp;&#070;&#116;.<\/span><ins aria-hidden=\"true\"><span class=\"woocommerce-Price-amount amount\"><bdi>10 990&nbsp;<span class=\"woocommerce-Price-currencySymbol\">&#70;&#116;<\/span><\/bdi><\/span><\/ins><span class=\"screen-reader-text\" data-no-translation=\"\" data-trp-gettext=\"\">Current price is: 10 990&nbsp;&#070;&#116;.<\/span><\/span>\n\t\t\t<\/div>\n\t\t\t<!-- Close content -->\n\t\t\t<div class=\"vamtam-add-to-cart-wrap\"><a href=\"\/en\/wp-json\/wp\/v2\/pages\/988848?add-to-cart=989473\" aria-describedby=\"woocommerce_loop_add_to_cart_link_describedby_989473\" data-quantity=\"1\" class=\"button product_type_woosb add_to_cart_button ajax_add_to_cart\" data-product_id=\"989473\" data-product_sku=\"\" aria-label=\"\u201cFischer Pr\u00e9mium Borcsomag\u201d term\u00e9kr\u0151l t\u00f6bb inform\u00e1ci\u00f3\" rel=\"nofollow\" data-no-translation-aria-label=\"\">Add to cart<\/a><\/div>\t<span id=\"woocommerce_loop_add_to_cart_link_describedby_989473\" class=\"screen-reader-text\">\n\t\t\t<\/span>\n\t\t<span class=\"acoplw-badge acoplw-textBlock acoplw-elemBlock\"><span class=\"acoplw-badge-icon acoplw-bseight acoplwLeftAlign acoplwPosTop acoplw-custom-badge-990073\" style=\"opacity:1;width:93px;font-size:20px;line-height:px;font-weight: 600;height:93px;transform:rotateX(0deg) rotateY(0deg) rotateZ(0deg);top:1px;bottom:auto;background:rgba(0, 0, 0, 1);\"><span class=\"acoplw-blockText\" style=\"color:rgba(255, 255, 255, 1);\">AKCI\u00d3<\/span><\/span><\/span><\/li>\n<li class=\"product type-product post-989470 status-publish first instock product_cat-borcsomagok product_tag-borcsomag product_tag-borvalogatas product_tag-cabernet-franc product_tag-fischer-boraszat product_tag-kekfrankos product_tag-sauvignon-blanc product_tag-syrah product_tag-syrah-barrique has-post-thumbnail sale taxable shipping-taxable purchasable product-type-woosb\">\n\t<a href=\"https:\/\/fischer-badacsony.hu\/en\/product\/bajnok-borcsomag\/\" class=\"woocommerce-LoopProduct-link woocommerce-loop-product__link\">\n\t<span class=\"onsale\" data-no-translation=\"\" data-trp-gettext=\"\">Akci\u00f3!<\/span>\n\t<img loading=\"lazy\" decoding=\"async\" width=\"335\" height=\"268\" src=\"https:\/\/fischer-badacsony.hu\/wp-content\/uploads\/2025\/05\/borcsomagok-335x268.png\" class=\"attachment-woocommerce_thumbnail size-woocommerce_thumbnail\" alt=\"D\u00edjnyertes Fischer borok\" srcset=\"https:\/\/fischer-badacsony.hu\/wp-content\/uploads\/2025\/05\/borcsomagok-335x268.png 335w, https:\/\/fischer-badacsony.hu\/wp-content\/uploads\/2025\/05\/borcsomagok-300x240.png 300w, https:\/\/fischer-badacsony.hu\/wp-content\/uploads\/2025\/05\/borcsomagok-1024x819.png 1024w, https:\/\/fischer-badacsony.hu\/wp-content\/uploads\/2025\/05\/borcsomagok-768x614.png 768w, https:\/\/fischer-badacsony.hu\/wp-content\/uploads\/2025\/05\/borcsomagok-15x12.png 15w, https:\/\/fischer-badacsony.hu\/wp-content\/uploads\/2025\/05\/borcsomagok-670x536.png 670w, https:\/\/fischer-badacsony.hu\/wp-content\/uploads\/2025\/05\/borcsomagok-1340x1071.png 1340w, https:\/\/fischer-badacsony.hu\/wp-content\/uploads\/2025\/05\/borcsomagok.png 1402w\" sizes=\"auto, (max-width: 335px) 100vw, 335px\" \/>\t\t\t<\/a>\t\t\t<!-- Open content -->\n\t\t\t<div class=\"vamtam-product-content\">\n\t\t\t<a href=\"https:\/\/fischer-badacsony.hu\/en\/product\/bajnok-borcsomag\/\" class=\"woocommerce-LoopProduct-link woocommerce-loop-product__link\"><h2 class=\"woocommerce-loop-product__title\">Bajnok Borcsomag<\/h2>\t\t\t\t\t<\/a><div class=\"vamtam-product-cats\"><a href=\"https:\/\/fischer-badacsony.hu\/en\/product-category\/borcsomagok\/\" rel=\"tag\">Wine Packages<\/a><\/div>\n\t<span class=\"price\"><del aria-hidden=\"true\"><span class=\"woocommerce-Price-amount amount\"><bdi>23 040&nbsp;<span class=\"woocommerce-Price-currencySymbol\">&#70;&#116;<\/span><\/bdi><\/span><\/del> <span class=\"screen-reader-text\" data-no-translation=\"\" data-trp-gettext=\"\">Original price was: 23 040&nbsp;&#070;&#116;.<\/span><ins aria-hidden=\"true\"><span class=\"woocommerce-Price-amount amount\"><bdi>19 990&nbsp;<span class=\"woocommerce-Price-currencySymbol\">&#70;&#116;<\/span><\/bdi><\/span><\/ins><span class=\"screen-reader-text\" data-no-translation=\"\" data-trp-gettext=\"\">Current price is: 19 990&nbsp;&#070;&#116;.<\/span><\/span>\n\t\t\t<\/div>\n\t\t\t<!-- Close content -->\n\t\t\t<div class=\"vamtam-add-to-cart-wrap\"><a href=\"\/en\/wp-json\/wp\/v2\/pages\/988848?add-to-cart=989470\" aria-describedby=\"woocommerce_loop_add_to_cart_link_describedby_989470\" data-quantity=\"1\" class=\"button product_type_woosb add_to_cart_button ajax_add_to_cart\" data-product_id=\"989470\" data-product_sku=\"\" aria-label=\"\u201cBajnok Borcsomag\u201d term\u00e9kr\u0151l t\u00f6bb inform\u00e1ci\u00f3\" rel=\"nofollow\" data-no-translation-aria-label=\"\">Add to cart<\/a><\/div>\t<span id=\"woocommerce_loop_add_to_cart_link_describedby_989470\" class=\"screen-reader-text\">\n\t\t\t<\/span>\n\t\t<span class=\"acoplw-badge acoplw-textBlock acoplw-elemBlock\"><span class=\"acoplw-badge-icon acoplw-bseight acoplwLeftAlign acoplwPosTop acoplw-custom-badge-990073\" style=\"opacity:1;width:93px;font-size:20px;line-height:px;font-weight: 600;height:93px;transform:rotateX(0deg) rotateY(0deg) rotateZ(0deg);top:1px;bottom:auto;background:rgba(0, 0, 0, 1);\"><span class=\"acoplw-blockText\" style=\"color:rgba(255, 255, 255, 1);\">AKCI\u00d3<\/span><\/span><\/span><\/li>\n<\/ul>\n<\/div>\t\t\t\t<\/div>\n\t\t\t\t<\/div>\n\t\t\t\t\t<\/div>\n\t\t<\/div>\n\t\t\t\t\t<\/div>\n\t\t<\/section>\n\t\t\t\t<\/div>","protected":false},"excerpt":{"rendered":"","protected":false},"author":1,"featured_media":0,"parent":0,"menu_order":0,"comment_status":"closed","ping_status":"closed","template":"","meta":{"_acf_changed":false,"_monsterinsights_skip_tracking":false,"_monsterinsights_sitenote_active":false,"_monsterinsights_sitenote_note":"","_monsterinsights_sitenote_category":0,"footnotes":""},"class_list":["post-988848","page","type-page","status-publish","hentry"],"acf":[],"aioseo_notices":[],"_links":{"self":[{"href":"https:\/\/fischer-badacsony.hu\/en\/wp-json\/wp\/v2\/pages\/988848","targetHints":{"allow":["GET"]}}],"collection":[{"href":"https:\/\/fischer-badacsony.hu\/en\/wp-json\/wp\/v2\/pages"}],"about":[{"href":"https:\/\/fischer-badacsony.hu\/en\/wp-json\/wp\/v2\/types\/page"}],"author":[{"embeddable":true,"href":"https:\/\/fischer-badacsony.hu\/en\/wp-json\/wp\/v2\/users\/1"}],"replies":[{"embeddable":true,"href":"https:\/\/fischer-badacsony.hu\/en\/wp-json\/wp\/v2\/comments?post=988848"}],"version-history":[{"count":1,"href":"https:\/\/fischer-badacsony.hu\/en\/wp-json\/wp\/v2\/pages\/988848\/revisions"}],"predecessor-version":[{"id":989554,"href":"https:\/\/fischer-badacsony.hu\/en\/wp-json\/wp\/v2\/pages\/988848\/revisions\/989554"}],"wp:attachment":[{"href":"https:\/\/fischer-badacsony.hu\/en\/wp-json\/wp\/v2\/media?parent=988848"}],"curies":[{"name":"wp","href":"https:\/\/api.w.org\/{rel}","templated":true}]}}