{"id":988754,"date":"2025-03-03T14:38:20","date_gmt":"2025-03-03T13:38:20","guid":{"rendered":"https:\/\/dev.horvathkaroly.hu\/fischer\/?page_id=988754"},"modified":"2025-07-01T09:12:17","modified_gmt":"2025-07-01T07:12:17","slug":"esemenyek","status":"publish","type":"page","link":"https:\/\/fischer-badacsony.hu\/en\/esemenyek\/","title":{"rendered":"Event"},"content":{"rendered":"<div data-elementor-type=\"wp-page\" data-elementor-id=\"988754\" class=\"elementor elementor-988754\" data-elementor-post-type=\"page\">\n\t\t\t\t\t\t<section class=\"elementor-section elementor-top-section elementor-element elementor-element-328f71c elementor-section-height-min-height elementor-section-content-bottom elementor-section-boxed elementor-section-height-default elementor-section-items-middle elementor-invisible\" data-id=\"328f71c\" data-element_type=\"section\" data-settings=\"{&quot;background_background&quot;:&quot;slideshow&quot;,&quot;animation&quot;:&quot;fadeIn&quot;,&quot;background_slideshow_gallery&quot;:[{&quot;id&quot;:988542,&quot;url&quot;:&quot;https:\\\/\\\/fischer-badacsony.hu\\\/wp-content\\\/uploads\\\/2025\\\/03\\\/slide_4.webp&quot;},{&quot;id&quot;:988541,&quot;url&quot;:&quot;https:\\\/\\\/fischer-badacsony.hu\\\/wp-content\\\/uploads\\\/2025\\\/03\\\/slide_3.webp&quot;},{&quot;id&quot;:988539,&quot;url&quot;:&quot;https:\\\/\\\/fischer-badacsony.hu\\\/wp-content\\\/uploads\\\/2025\\\/03\\\/slide_1.webp&quot;},{&quot;id&quot;:988540,&quot;url&quot;:&quot;https:\\\/\\\/fischer-badacsony.hu\\\/wp-content\\\/uploads\\\/2025\\\/03\\\/slide_2.webp&quot;}],&quot;background_slideshow_transition_duration&quot;:1000,&quot;background_slideshow_ken_burns&quot;:&quot;yes&quot;,&quot;background_slideshow_loop&quot;:&quot;yes&quot;,&quot;background_slideshow_slide_duration&quot;:5000,&quot;background_slideshow_slide_transition&quot;:&quot;fade&quot;,&quot;background_slideshow_ken_burns_zoom_direction&quot;:&quot;in&quot;}\">\n\t\t\t\t\t\t\t<div class=\"elementor-background-overlay\"><\/div>\n\t\t\t\t\t\t\t<div class=\"elementor-container elementor-column-gap-default\">\n\t\t\t\t\t<div class=\"elementor-column elementor-col-100 elementor-top-column elementor-element elementor-element-cc69d42\" data-id=\"cc69d42\" data-element_type=\"column\">\n\t\t\t<div class=\"elementor-widget-wrap elementor-element-populated\">\n\t\t\t\t\t\t\t<\/div>\n\t\t<\/div>\n\t\t\t\t\t<\/div>\n\t\t<\/section>\n\t\t\t\t<section class=\"elementor-section elementor-top-section elementor-element elementor-element-6436358 elementor-section-boxed elementor-section-height-default elementor-section-height-default\" data-id=\"6436358\" data-element_type=\"section\">\n\t\t\t\t\t\t<div class=\"elementor-container elementor-column-gap-default\">\n\t\t\t\t\t<div class=\"elementor-column elementor-col-100 elementor-top-column elementor-element elementor-element-2e3ea40\" data-id=\"2e3ea40\" data-element_type=\"column\">\n\t\t\t<div class=\"elementor-widget-wrap elementor-element-populated\">\n\t\t\t\t\t\t<div class=\"elementor-element elementor-element-55c2dcf elementor-posts--align-left elementor-grid-2 elementor-grid-tablet-1 elementor-grid-mobile-1 elementor-posts--thumbnail-top elementor-invisible elementor-widget elementor-widget-posts\" data-id=\"55c2dcf\" data-element_type=\"widget\" data-settings=\"{&quot;classic_row_gap&quot;:{&quot;unit&quot;:&quot;px&quot;,&quot;size&quot;:50,&quot;sizes&quot;:[]},&quot;_animation&quot;:&quot;fadeIn&quot;,&quot;classic_columns&quot;:&quot;2&quot;,&quot;classic_columns_tablet&quot;:&quot;1&quot;,&quot;classic_columns_mobile&quot;:&quot;1&quot;,&quot;classic_row_gap_tablet&quot;:{&quot;unit&quot;:&quot;px&quot;,&quot;size&quot;:&quot;&quot;,&quot;sizes&quot;:[]},&quot;classic_row_gap_mobile&quot;:{&quot;unit&quot;:&quot;px&quot;,&quot;size&quot;:&quot;&quot;,&quot;sizes&quot;:[]}}\" data-widget_type=\"posts.classic\">\n\t\t\t\t<div class=\"elementor-widget-container\">\n\t\t\t\t\t\t\t<div class=\"elementor-posts-container elementor-posts elementor-posts--skin-classic elementor-grid\">\n\t\t\t\t<article class=\"elementor-post elementor-grid-item post-990117 post type-post status-publish format-standard has-post-thumbnail hentry category-esemenyek tag-badacsony tag-balatoni-program tag-bazaltorgona-borut tag-borkostolo tag-fischer-birtok tag-kisapati tag-szent-gyorgy-hegy\">\n\t\t\t\t<a class=\"elementor-post__thumbnail__link\" href=\"https:\/\/fischer-badacsony.hu\/en\/bazaltorgona-borut-a-szent-gyorgy-hegyi-napokon-2026\/\" tabindex=\"-1\" >\n\t\t\t<div class=\"elementor-post__thumbnail\"><img loading=\"lazy\" decoding=\"async\" width=\"768\" height=\"432\" src=\"https:\/\/fischer-badacsony.hu\/wp-content\/uploads\/2026\/03\/Bazaltorgona-Borut-768x432.png\" class=\"attachment-medium_large size-medium_large wp-image-990119\" alt=\"Szent Gy\u00f6rgy-hegyi napok_Bazaltorgona Bor\u00fat_ Fischer Birtok\" srcset=\"https:\/\/fischer-badacsony.hu\/wp-content\/uploads\/2026\/03\/Bazaltorgona-Borut-768x432.png 768w, https:\/\/fischer-badacsony.hu\/wp-content\/uploads\/2026\/03\/Bazaltorgona-Borut-300x169.png 300w, https:\/\/fischer-badacsony.hu\/wp-content\/uploads\/2026\/03\/Bazaltorgona-Borut-1024x576.png 1024w, https:\/\/fischer-badacsony.hu\/wp-content\/uploads\/2026\/03\/Bazaltorgona-Borut-1536x864.png 1536w, https:\/\/fischer-badacsony.hu\/wp-content\/uploads\/2026\/03\/Bazaltorgona-Borut-18x10.png 18w, https:\/\/fischer-badacsony.hu\/wp-content\/uploads\/2026\/03\/Bazaltorgona-Borut-670x377.png 670w, https:\/\/fischer-badacsony.hu\/wp-content\/uploads\/2026\/03\/Bazaltorgona-Borut-1340x754.png 1340w, https:\/\/fischer-badacsony.hu\/wp-content\/uploads\/2026\/03\/Bazaltorgona-Borut-335x188.png 335w, https:\/\/fischer-badacsony.hu\/wp-content\/uploads\/2026\/03\/Bazaltorgona-Borut.png 1920w\" sizes=\"auto, (max-width: 768px) 100vw, 768px\" \/><\/div>\n\t\t<\/a>\n\t\t\t\t<div class=\"elementor-post__text\">\n\t\t\t\t<h3 class=\"elementor-post__title\">\n\t\t\t<a href=\"https:\/\/fischer-badacsony.hu\/en\/bazaltorgona-borut-a-szent-gyorgy-hegyi-napokon-2026\/\" >\n\t\t\t\tBazaltorgona Bor\u00fat a Szent Gy\u00f6rgy-hegyi Napokon 2026\t\t\t<\/a>\n\t\t<\/h3>\n\t\t\t\t<div class=\"elementor-post__excerpt\">\n\t\t\t<p>Bazaltorgona Bor\u00fat a Szent Gy\u00f6rgy-hegyi Napokon 2026 A Szent Gy\u00f6rgy-hegy k\u00fcl\u00f6nleges hangulata, a bazaltorgon\u00e1k leny\u0171g\u00f6z\u0151 l\u00e1tv\u00e1nya, a kiv\u00e1l\u00f3 helyi borok<\/p>\n\t\t<\/div>\n\t\t\n\t\t<a class=\"elementor-post__read-more\" href=\"https:\/\/fischer-badacsony.hu\/en\/bazaltorgona-borut-a-szent-gyorgy-hegyi-napokon-2026\/\" aria-label=\"Read more about Bazaltorgona Bor\u00fat a Szent Gy\u00f6rgy-hegyi Napokon 2026\" tabindex=\"-1\" >\n\t\t\tRead more\t\t<\/a>\n\n\t\t\t\t<\/div>\n\t\t\t\t<\/article>\n\t\t\t\t<article class=\"elementor-post elementor-grid-item post-990104 post type-post status-publish format-standard has-post-thumbnail hentry category-esemenyek tag-badacsony-new-yorkban tag-borkostolo-budapest tag-budapesti-program tag-fischer-birtok\">\n\t\t\t\t<a class=\"elementor-post__thumbnail__link\" href=\"https:\/\/fischer-badacsony.hu\/en\/badacsony-new-yorkban-2026-fischer-birtok\/\" tabindex=\"-1\" >\n\t\t\t<div class=\"elementor-post__thumbnail\"><img loading=\"lazy\" decoding=\"async\" width=\"768\" height=\"432\" src=\"https:\/\/fischer-badacsony.hu\/wp-content\/uploads\/2026\/03\/New-York-2026.-banner-1920-x-1080-keppont-1-768x432.png\" class=\"attachment-medium_large size-medium_large wp-image-990105\" alt=\"Badacsony New Yorkban 15.\" srcset=\"https:\/\/fischer-badacsony.hu\/wp-content\/uploads\/2026\/03\/New-York-2026.-banner-1920-x-1080-keppont-1-768x432.png 768w, https:\/\/fischer-badacsony.hu\/wp-content\/uploads\/2026\/03\/New-York-2026.-banner-1920-x-1080-keppont-1-300x169.png 300w, https:\/\/fischer-badacsony.hu\/wp-content\/uploads\/2026\/03\/New-York-2026.-banner-1920-x-1080-keppont-1-1024x576.png 1024w, https:\/\/fischer-badacsony.hu\/wp-content\/uploads\/2026\/03\/New-York-2026.-banner-1920-x-1080-keppont-1-1536x864.png 1536w, https:\/\/fischer-badacsony.hu\/wp-content\/uploads\/2026\/03\/New-York-2026.-banner-1920-x-1080-keppont-1-18x10.png 18w, https:\/\/fischer-badacsony.hu\/wp-content\/uploads\/2026\/03\/New-York-2026.-banner-1920-x-1080-keppont-1-670x377.png 670w, https:\/\/fischer-badacsony.hu\/wp-content\/uploads\/2026\/03\/New-York-2026.-banner-1920-x-1080-keppont-1-1340x754.png 1340w, https:\/\/fischer-badacsony.hu\/wp-content\/uploads\/2026\/03\/New-York-2026.-banner-1920-x-1080-keppont-1-335x188.png 335w, https:\/\/fischer-badacsony.hu\/wp-content\/uploads\/2026\/03\/New-York-2026.-banner-1920-x-1080-keppont-1.png 1920w\" sizes=\"auto, (max-width: 768px) 100vw, 768px\" \/><\/div>\n\t\t<\/a>\n\t\t\t\t<div class=\"elementor-post__text\">\n\t\t\t\t<h3 class=\"elementor-post__title\">\n\t\t\t<a href=\"https:\/\/fischer-badacsony.hu\/en\/badacsony-new-yorkban-2026-fischer-birtok\/\" >\n\t\t\t\tBadacsony New Yorkban 2026 \u2013 Fischer Birtok\t\t\t<\/a>\n\t\t<\/h3>\n\t\t\t\t<div class=\"elementor-post__excerpt\">\n\t\t\t<p>Badacsony New Yorkban 2026 \u2013 Fischer Birtok a jubileumi bor\u00fcnnepen 2026-ban ism\u00e9t Budapestre k\u00f6lt\u00f6zik a Badacsonyi borvid\u00e9k egyik legk\u00fcl\u00f6nlegesebb esem\u00e9nye,<\/p>\n\t\t<\/div>\n\t\t\n\t\t<a class=\"elementor-post__read-more\" href=\"https:\/\/fischer-badacsony.hu\/en\/badacsony-new-yorkban-2026-fischer-birtok\/\" aria-label=\"Read more about Badacsony New Yorkban 2026 \u2013 Fischer Birtok\" tabindex=\"-1\" >\n\t\t\tRead more\t\t<\/a>\n\n\t\t\t\t<\/div>\n\t\t\t\t<\/article>\n\t\t\t\t<article class=\"elementor-post elementor-grid-item post-989516 post type-post status-publish format-standard has-post-thumbnail hentry category-esemenyek tag-borkostolo tag-fischer-birtok tag-kisapati\">\n\t\t\t\t<a class=\"elementor-post__thumbnail__link\" href=\"https:\/\/fischer-badacsony.hu\/en\/fischer-borkostolo-nyari-izutazas-a-szolohegyen\/\" tabindex=\"-1\" >\n\t\t\t<div class=\"elementor-post__thumbnail\"><img loading=\"lazy\" decoding=\"async\" width=\"768\" height=\"284\" src=\"https:\/\/fischer-badacsony.hu\/wp-content\/uploads\/2025\/05\/Birtok-851-x-315-keppont-768x284.png\" class=\"attachment-medium_large size-medium_large wp-image-989537\" alt=\"borkostolo_kisapati_badacsony\" srcset=\"https:\/\/fischer-badacsony.hu\/wp-content\/uploads\/2025\/05\/Birtok-851-x-315-keppont-768x284.png 768w, https:\/\/fischer-badacsony.hu\/wp-content\/uploads\/2025\/05\/Birtok-851-x-315-keppont-300x111.png 300w, https:\/\/fischer-badacsony.hu\/wp-content\/uploads\/2025\/05\/Birtok-851-x-315-keppont-18x7.png 18w, https:\/\/fischer-badacsony.hu\/wp-content\/uploads\/2025\/05\/Birtok-851-x-315-keppont-670x248.png 670w, https:\/\/fischer-badacsony.hu\/wp-content\/uploads\/2025\/05\/Birtok-851-x-315-keppont-335x124.png 335w, https:\/\/fischer-badacsony.hu\/wp-content\/uploads\/2025\/05\/Birtok-851-x-315-keppont.png 851w\" sizes=\"auto, (max-width: 768px) 100vw, 768px\" \/><\/div>\n\t\t<\/a>\n\t\t\t\t<div class=\"elementor-post__text\">\n\t\t\t\t<h3 class=\"elementor-post__title\">\n\t\t\t<a href=\"https:\/\/fischer-badacsony.hu\/en\/fischer-borkostolo-nyari-izutazas-a-szolohegyen\/\" >\n\t\t\t\tFischer Bork\u00f3stol\u00f3 \u2013 Ny\u00e1ri \u00edzutaz\u00e1s a sz\u0151l\u0151hegyen\t\t\t<\/a>\n\t\t<\/h3>\n\t\t\t\t<div class=\"elementor-post__excerpt\">\n\t\t\t<p>Fischer Bork\u00f3stol\u00f3 \u2013 Ny\u00e1ri \u00edzutaz\u00e1s a sz\u0151l\u0151hegyen Van valami k\u00fcl\u00f6nleges var\u00e1zsa annak, amikor egy meleg ny\u00e1ri d\u00e9lut\u00e1nt finom borokkal, j\u00f3<\/p>\n\t\t<\/div>\n\t\t\n\t\t<a class=\"elementor-post__read-more\" href=\"https:\/\/fischer-badacsony.hu\/en\/fischer-borkostolo-nyari-izutazas-a-szolohegyen\/\" aria-label=\"Read more about Fischer Bork\u00f3stol\u00f3 \u2013 Ny\u00e1ri \u00edzutaz\u00e1s a sz\u0151l\u0151hegyen\" tabindex=\"-1\" >\n\t\t\tRead more\t\t<\/a>\n\n\t\t\t\t<\/div>\n\t\t\t\t<\/article>\n\t\t\t\t<article class=\"elementor-post elementor-grid-item post-989399 post type-post status-publish format-standard has-post-thumbnail hentry category-esemenyek tag-bortura-bor tag-fischer-birtok tag-szent-gyorgy-hegy\">\n\t\t\t\t<a class=\"elementor-post__thumbnail__link\" href=\"https:\/\/fischer-badacsony.hu\/en\/30-szent-gyorgy-hegyi-napok-fischer-birtok\/\" tabindex=\"-1\" >\n\t\t\t<div class=\"elementor-post__thumbnail\"><img loading=\"lazy\" decoding=\"async\" width=\"768\" height=\"284\" src=\"https:\/\/fischer-badacsony.hu\/wp-content\/uploads\/2025\/04\/szoveg-nelkul-768x284.png\" class=\"attachment-medium_large size-medium_large wp-image-989408\" alt=\"szentgyorgynapok_fischer\" srcset=\"https:\/\/fischer-badacsony.hu\/wp-content\/uploads\/2025\/04\/szoveg-nelkul-768x284.png 768w, https:\/\/fischer-badacsony.hu\/wp-content\/uploads\/2025\/04\/szoveg-nelkul-300x111.png 300w, https:\/\/fischer-badacsony.hu\/wp-content\/uploads\/2025\/04\/szoveg-nelkul-18x7.png 18w, https:\/\/fischer-badacsony.hu\/wp-content\/uploads\/2025\/04\/szoveg-nelkul-670x248.png 670w, https:\/\/fischer-badacsony.hu\/wp-content\/uploads\/2025\/04\/szoveg-nelkul-335x124.png 335w, https:\/\/fischer-badacsony.hu\/wp-content\/uploads\/2025\/04\/szoveg-nelkul.png 851w\" sizes=\"auto, (max-width: 768px) 100vw, 768px\" \/><\/div>\n\t\t<\/a>\n\t\t\t\t<div class=\"elementor-post__text\">\n\t\t\t\t<h3 class=\"elementor-post__title\">\n\t\t\t<a href=\"https:\/\/fischer-badacsony.hu\/en\/30-szent-gyorgy-hegyi-napok-fischer-birtok\/\" >\n\t\t\t\t30. Szent Gy\u00f6rgy-hegyi napok &#8211; Fischer Birtok\t\t\t<\/a>\n\t\t<\/h3>\n\t\t\t\t<div class=\"elementor-post__excerpt\">\n\t\t\t<p>\u00dcnnepelj\u00fck egy\u00fctt a bor \u00e9s a hegy csod\u00e1j\u00e1t \u2013 30. Szent Gy\u00f6rgy-hegyi Napok! Id\u00e9n 30. alkalommal rendezik meg a Szent<\/p>\n\t\t<\/div>\n\t\t\n\t\t<a class=\"elementor-post__read-more\" href=\"https:\/\/fischer-badacsony.hu\/en\/30-szent-gyorgy-hegyi-napok-fischer-birtok\/\" aria-label=\"Read more about 30. Szent Gy\u00f6rgy-hegyi napok &#8211; Fischer Birtok\" tabindex=\"-1\" >\n\t\t\tRead more\t\t<\/a>\n\n\t\t\t\t<\/div>\n\t\t\t\t<\/article>\n\t\t\t\t<article class=\"elementor-post elementor-grid-item post-988738 post type-post status-publish format-standard has-post-thumbnail hentry category-esemenyek tag-badacsony-newyorkban tag-borkostolo tag-esemeny\">\n\t\t\t\t<a class=\"elementor-post__thumbnail__link\" href=\"https:\/\/fischer-badacsony.hu\/en\/esemeny-1\/\" tabindex=\"-1\" >\n\t\t\t<div class=\"elementor-post__thumbnail\"><img loading=\"lazy\" decoding=\"async\" width=\"768\" height=\"432\" src=\"https:\/\/fischer-badacsony.hu\/wp-content\/uploads\/2025\/03\/slide_3-768x432.webp\" class=\"attachment-medium_large size-medium_large wp-image-988541\" alt=\"birtok\" srcset=\"https:\/\/fischer-badacsony.hu\/wp-content\/uploads\/2025\/03\/slide_3-768x432.webp 768w, https:\/\/fischer-badacsony.hu\/wp-content\/uploads\/2025\/03\/slide_3-18x10.webp 18w, https:\/\/fischer-badacsony.hu\/wp-content\/uploads\/2025\/03\/slide_3-300x169.webp 300w, https:\/\/fischer-badacsony.hu\/wp-content\/uploads\/2025\/03\/slide_3-1024x576.webp 1024w, https:\/\/fischer-badacsony.hu\/wp-content\/uploads\/2025\/03\/slide_3-1536x864.webp 1536w, https:\/\/fischer-badacsony.hu\/wp-content\/uploads\/2025\/03\/slide_3-2048x1152.webp 2048w, https:\/\/fischer-badacsony.hu\/wp-content\/uploads\/2025\/03\/slide_3-670x377.webp 670w, https:\/\/fischer-badacsony.hu\/wp-content\/uploads\/2025\/03\/slide_3-1340x754.webp 1340w, https:\/\/fischer-badacsony.hu\/wp-content\/uploads\/2025\/03\/slide_3-335x188.webp 335w\" sizes=\"auto, (max-width: 768px) 100vw, 768px\" \/><\/div>\n\t\t<\/a>\n\t\t\t\t<div class=\"elementor-post__text\">\n\t\t\t\t<h3 class=\"elementor-post__title\">\n\t\t\t<a href=\"https:\/\/fischer-badacsony.hu\/en\/esemeny-1\/\" >\n\t\t\t\tBadacsony in New York - Meet me in the heart of the city!\t\t\t<\/a>\n\t\t<\/h3>\n\t\t\t\t<div class=\"elementor-post__excerpt\">\n\t\t\t<p>The Badacsony in New York wine festival will take place again this year, showcasing one of the most unique wine regions of Lake Balaton. The Fischer Winery<\/p>\n\t\t<\/div>\n\t\t\n\t\t<a class=\"elementor-post__read-more\" href=\"https:\/\/fischer-badacsony.hu\/en\/esemeny-1\/\" aria-label=\"Read more about Badacsony New Yorkban \u2013 Tal\u00e1lkozzunk a nagyv\u00e1ros sz\u00edv\u00e9ben!\" tabindex=\"-1\" >\n\t\t\tRead more\t\t<\/a>\n\n\t\t\t\t<\/div>\n\t\t\t\t<\/article>\n\t\t\t\t<\/div>\n\t\t\n\t\t\t\t\t\t<\/div>\n\t\t\t\t<\/div>\n\t\t\t\t\t<\/div>\n\t\t<\/div>\n\t\t\t\t\t<\/div>\n\t\t<\/section>\n\t\t\t\t<\/div>","protected":false},"excerpt":{"rendered":"","protected":false},"author":1,"featured_media":0,"parent":0,"menu_order":0,"comment_status":"closed","ping_status":"closed","template":"","meta":{"_acf_changed":false,"_monsterinsights_skip_tracking":false,"_monsterinsights_sitenote_active":false,"_monsterinsights_sitenote_note":"","_monsterinsights_sitenote_category":0,"footnotes":""},"class_list":["post-988754","page","type-page","status-publish","hentry"],"acf":[],"aioseo_notices":[],"_links":{"self":[{"href":"https:\/\/fischer-badacsony.hu\/en\/wp-json\/wp\/v2\/pages\/988754","targetHints":{"allow":["GET"]}}],"collection":[{"href":"https:\/\/fischer-badacsony.hu\/en\/wp-json\/wp\/v2\/pages"}],"about":[{"href":"https:\/\/fischer-badacsony.hu\/en\/wp-json\/wp\/v2\/types\/page"}],"author":[{"embeddable":true,"href":"https:\/\/fischer-badacsony.hu\/en\/wp-json\/wp\/v2\/users\/1"}],"replies":[{"embeddable":true,"href":"https:\/\/fischer-badacsony.hu\/en\/wp-json\/wp\/v2\/comments?post=988754"}],"version-history":[{"count":2,"href":"https:\/\/fischer-badacsony.hu\/en\/wp-json\/wp\/v2\/pages\/988754\/revisions"}],"predecessor-version":[{"id":989561,"href":"https:\/\/fischer-badacsony.hu\/en\/wp-json\/wp\/v2\/pages\/988754\/revisions\/989561"}],"wp:attachment":[{"href":"https:\/\/fischer-badacsony.hu\/en\/wp-json\/wp\/v2\/media?parent=988754"}],"curies":[{"name":"wp","href":"https:\/\/api.w.org\/{rel}","templated":true}]}}