{"id":2887,"date":"2020-05-02T14:32:02","date_gmt":"2020-05-02T14:32:02","guid":{"rendered":"https:\/\/lagar.vamtam.com\/?page_id=2887"},"modified":"2025-03-03T14:37:54","modified_gmt":"2025-03-03T13:37:54","slug":"blog","status":"publish","type":"page","link":"https:\/\/fischer-badacsony.hu\/en\/blog\/","title":{"rendered":"Blog"},"content":{"rendered":"<div data-elementor-type=\"wp-page\" data-elementor-id=\"2887\" class=\"elementor elementor-2887\" data-elementor-post-type=\"page\">\n\t\t\t\t\t\t<section class=\"elementor-section elementor-top-section elementor-element elementor-element-328f71c elementor-section-height-min-height elementor-section-content-bottom elementor-section-boxed elementor-section-height-default elementor-section-items-middle elementor-invisible\" data-id=\"328f71c\" data-element_type=\"section\" data-settings=\"{&quot;background_background&quot;:&quot;slideshow&quot;,&quot;animation&quot;:&quot;fadeIn&quot;,&quot;background_slideshow_gallery&quot;:[{&quot;id&quot;:988542,&quot;url&quot;:&quot;https:\\\/\\\/fischer-badacsony.hu\\\/wp-content\\\/uploads\\\/2025\\\/03\\\/slide_4.webp&quot;},{&quot;id&quot;:988541,&quot;url&quot;:&quot;https:\\\/\\\/fischer-badacsony.hu\\\/wp-content\\\/uploads\\\/2025\\\/03\\\/slide_3.webp&quot;},{&quot;id&quot;:988539,&quot;url&quot;:&quot;https:\\\/\\\/fischer-badacsony.hu\\\/wp-content\\\/uploads\\\/2025\\\/03\\\/slide_1.webp&quot;},{&quot;id&quot;:988540,&quot;url&quot;:&quot;https:\\\/\\\/fischer-badacsony.hu\\\/wp-content\\\/uploads\\\/2025\\\/03\\\/slide_2.webp&quot;}],&quot;background_slideshow_transition_duration&quot;:1000,&quot;background_slideshow_ken_burns&quot;:&quot;yes&quot;,&quot;background_slideshow_loop&quot;:&quot;yes&quot;,&quot;background_slideshow_slide_duration&quot;:5000,&quot;background_slideshow_slide_transition&quot;:&quot;fade&quot;,&quot;background_slideshow_ken_burns_zoom_direction&quot;:&quot;in&quot;}\">\n\t\t\t\t\t\t\t<div class=\"elementor-background-overlay\"><\/div>\n\t\t\t\t\t\t\t<div class=\"elementor-container elementor-column-gap-default\">\n\t\t\t\t\t<div class=\"elementor-column elementor-col-100 elementor-top-column elementor-element elementor-element-cc69d42\" data-id=\"cc69d42\" data-element_type=\"column\">\n\t\t\t<div class=\"elementor-widget-wrap elementor-element-populated\">\n\t\t\t\t\t\t\t<\/div>\n\t\t<\/div>\n\t\t\t\t\t<\/div>\n\t\t<\/section>\n\t\t\t\t<section class=\"elementor-section elementor-top-section elementor-element elementor-element-6436358 elementor-section-boxed elementor-section-height-default elementor-section-height-default\" data-id=\"6436358\" data-element_type=\"section\">\n\t\t\t\t\t\t<div class=\"elementor-container elementor-column-gap-default\">\n\t\t\t\t\t<div class=\"elementor-column elementor-col-100 elementor-top-column elementor-element elementor-element-2e3ea40\" data-id=\"2e3ea40\" data-element_type=\"column\">\n\t\t\t<div class=\"elementor-widget-wrap elementor-element-populated\">\n\t\t\t\t\t\t<div class=\"elementor-element elementor-element-55c2dcf elementor-posts--align-left elementor-grid-2 elementor-grid-tablet-1 elementor-grid-mobile-1 elementor-posts--thumbnail-top elementor-invisible elementor-widget elementor-widget-posts\" data-id=\"55c2dcf\" data-element_type=\"widget\" data-settings=\"{&quot;classic_row_gap&quot;:{&quot;unit&quot;:&quot;px&quot;,&quot;size&quot;:50,&quot;sizes&quot;:[]},&quot;_animation&quot;:&quot;fadeIn&quot;,&quot;classic_columns&quot;:&quot;2&quot;,&quot;classic_columns_tablet&quot;:&quot;1&quot;,&quot;classic_columns_mobile&quot;:&quot;1&quot;,&quot;classic_row_gap_tablet&quot;:{&quot;unit&quot;:&quot;px&quot;,&quot;size&quot;:&quot;&quot;,&quot;sizes&quot;:[]},&quot;classic_row_gap_mobile&quot;:{&quot;unit&quot;:&quot;px&quot;,&quot;size&quot;:&quot;&quot;,&quot;sizes&quot;:[]}}\" data-widget_type=\"posts.classic\">\n\t\t\t\t<div class=\"elementor-widget-container\">\n\t\t\t\t\t\t\t<div class=\"elementor-posts-container elementor-posts elementor-posts--skin-classic elementor-grid\">\n\t\t\t\t<article class=\"elementor-post elementor-grid-item post-3007 post type-post status-publish format-standard has-post-thumbnail hentry category-blog tag-badacsony tag-fischer-birtok tag-kisapati\">\n\t\t\t\t<a class=\"elementor-post__thumbnail__link\" href=\"https:\/\/fischer-badacsony.hu\/en\/blog-1\/\" tabindex=\"-1\" >\n\t\t\t<div class=\"elementor-post__thumbnail\"><img loading=\"lazy\" decoding=\"async\" width=\"768\" height=\"768\" src=\"https:\/\/fischer-badacsony.hu\/wp-content\/uploads\/2025\/03\/kep_11-768x768.webp\" class=\"attachment-medium_large size-medium_large wp-image-988534\" alt=\"Fischer Borbirtok - csal\u00e1di hagyom\u00e1nyok\" srcset=\"https:\/\/fischer-badacsony.hu\/wp-content\/uploads\/2025\/03\/kep_11-768x768.webp 768w, https:\/\/fischer-badacsony.hu\/wp-content\/uploads\/2025\/03\/kep_11-12x12.webp 12w, https:\/\/fischer-badacsony.hu\/wp-content\/uploads\/2025\/03\/kep_11-150x150.webp 150w, https:\/\/fischer-badacsony.hu\/wp-content\/uploads\/2025\/03\/kep_11-300x300.webp 300w, https:\/\/fischer-badacsony.hu\/wp-content\/uploads\/2025\/03\/kep_11-1024x1024.webp 1024w, https:\/\/fischer-badacsony.hu\/wp-content\/uploads\/2025\/03\/kep_11-670x670.webp 670w, https:\/\/fischer-badacsony.hu\/wp-content\/uploads\/2025\/03\/kep_11-335x335.webp 335w, https:\/\/fischer-badacsony.hu\/wp-content\/uploads\/2025\/03\/kep_11.webp 1200w\" sizes=\"auto, (max-width: 768px) 100vw, 768px\" \/><\/div>\n\t\t<\/a>\n\t\t\t\t<div class=\"elementor-post__text\">\n\t\t\t\t<h3 class=\"elementor-post__title\">\n\t\t\t<a href=\"https:\/\/fischer-badacsony.hu\/en\/blog-1\/\" >\n\t\t\t\tFischer Borbirtok - Where wine meets tradition\t\t\t<\/a>\n\t\t<\/h3>\n\t\t\t\t<div class=\"elementor-post__excerpt\">\n\t\t\t<p>There is a place in the heart of Lake Balaton where nature and wine culture meet in perfect harmony. An estate where the vines<\/p>\n\t\t<\/div>\n\t\t\n\t\t<a class=\"elementor-post__read-more\" href=\"https:\/\/fischer-badacsony.hu\/en\/blog-1\/\" aria-label=\"Read more about Fischer Borbirtok \u2013 Ahol a bor \u00e9s a hagyom\u00e1ny tal\u00e1lkozik\" tabindex=\"-1\" >\n\t\t\tRead more\t\t<\/a>\n\n\t\t\t\t<\/div>\n\t\t\t\t<\/article>\n\t\t\t\t<\/div>\n\t\t\n\t\t\t\t\t\t<\/div>\n\t\t\t\t<\/div>\n\t\t\t\t\t<\/div>\n\t\t<\/div>\n\t\t\t\t\t<\/div>\n\t\t<\/section>\n\t\t\t\t<\/div>","protected":false},"excerpt":{"rendered":"","protected":false},"author":1,"featured_media":0,"parent":0,"menu_order":0,"comment_status":"closed","ping_status":"closed","template":"","meta":{"_acf_changed":false,"_monsterinsights_skip_tracking":false,"_monsterinsights_sitenote_active":false,"_monsterinsights_sitenote_note":"","_monsterinsights_sitenote_category":0,"footnotes":""},"class_list":["post-2887","page","type-page","status-publish","hentry"],"acf":[],"aioseo_notices":[],"_links":{"self":[{"href":"https:\/\/fischer-badacsony.hu\/en\/wp-json\/wp\/v2\/pages\/2887","targetHints":{"allow":["GET"]}}],"collection":[{"href":"https:\/\/fischer-badacsony.hu\/en\/wp-json\/wp\/v2\/pages"}],"about":[{"href":"https:\/\/fischer-badacsony.hu\/en\/wp-json\/wp\/v2\/types\/page"}],"author":[{"embeddable":true,"href":"https:\/\/fischer-badacsony.hu\/en\/wp-json\/wp\/v2\/users\/1"}],"replies":[{"embeddable":true,"href":"https:\/\/fischer-badacsony.hu\/en\/wp-json\/wp\/v2\/comments?post=2887"}],"version-history":[{"count":0,"href":"https:\/\/fischer-badacsony.hu\/en\/wp-json\/wp\/v2\/pages\/2887\/revisions"}],"wp:attachment":[{"href":"https:\/\/fischer-badacsony.hu\/en\/wp-json\/wp\/v2\/media?parent=2887"}],"curies":[{"name":"wp","href":"https:\/\/api.w.org\/{rel}","templated":true}]}}