{"id":989727,"date":"2025-10-21T16:50:41","date_gmt":"2025-10-21T14:50:41","guid":{"rendered":"https:\/\/fischer-badacsony.hu\/?post_type=product&#038;p=989727"},"modified":"2026-03-24T13:01:57","modified_gmt":"2026-03-24T12:01:57","slug":"fischer-syrah-barrique-2021","status":"publish","type":"product","link":"https:\/\/fischer-badacsony.hu\/de\/product\/fischer-syrah-barrique-2021\/","title":{"rendered":"Fischer Syrah Barrique 2021"},"content":{"rendered":"<div class=\"vgblk-rw-wrapper limit-wrapper\">\n<p data-start=\"628\" data-end=\"952\">Der <strong data-start=\"630\" data-end=\"653\">Fischer Syrah Barrique 2021<\/strong> ist ein charakteristischer und zugleich raffinierter Rotwein vom Weingut Fischer. <strong data-start=\"713\" data-end=\"722\">Syrah<\/strong> Syrah bringt die besten Eigenschaften der Sorte zum Ausdruck. Die Trauben reifen in den hervorragenden Weinbergen des Balaton-Oberlandes, wo warme, sonnige Stunden und k\u00fchle N\u00e4chte f\u00fcr eine perfekte Balance zwischen Fruchtigkeit und w\u00fcrzigen Noten sorgen.<\/p>\n<p data-start=\"954\" data-end=\"1238\">Der Wein <strong data-start=\"960\" data-end=\"985\">hat eine tiefe rubinrote Farbe.<\/strong>mit Aromen <strong data-start=\"997\" data-end=\"1046\">von schwarzen Johannisbeeren, Brombeeren, Pfeffer und Raucharomen.<\/strong> Der Syrah besticht durch seine reichhaltigen, w\u00fcrzigen Aromen und reifen Fruchtnoten. Der Geschmack ist vollmundig, aber dennoch ausgewogen, mit zarten Schokoladen- und Beerenfruchtt\u00f6nen und einem langen, harmonischen Abgang.<\/p>\n<p data-start=\"1240\" data-end=\"1338\">Eine ideale Wahl <strong data-start=\"1258\" data-end=\"1307\">zu Rindfleisch, Wildgerichten, reifem K\u00e4se<\/strong> oder einem gem\u00fctlichen Abendessen.<\/p>\n<\/div>\n<p><!-- .vgblk-rw-wrapper --><\/p>","protected":false},"excerpt":{"rendered":"<p>Der <strong data-start=\"630\" data-end=\"653\">Fischer Syrah Barrique 2021<\/strong> ist ein charakteristischer und zugleich raffinierter Rotwein vom Weingut Fischer. <strong data-start=\"713\" data-end=\"722\">Syrah<\/strong> fajta legszebb tulajdons\u00e1gait mutatja meg<\/p>","protected":false},"featured_media":990015,"template":"","meta":{"_acf_changed":false,"_monsterinsights_skip_tracking":false,"_monsterinsights_sitenote_active":false,"_monsterinsights_sitenote_note":"","_monsterinsights_sitenote_category":0},"product_brand":[],"product_cat":[42],"product_tag":[171,231,189,200,190,187],"class_list":{"0":"post-989727","1":"product","2":"type-product","3":"status-publish","4":"has-post-thumbnail","6":"product_cat-voros","7":"product_tag-badacsony","8":"product_tag-balaton","9":"product_tag-fischer","10":"product_tag-syrah","11":"product_tag-szaraz-bor","12":"product_tag-vorosbor","14":"first","15":"instock","16":"featured","17":"taxable","18":"shipping-taxable","19":"purchasable","20":"product-type-simple"},"acf":[],"aioseo_notices":[],"_links":{"self":[{"href":"https:\/\/fischer-badacsony.hu\/de\/wp-json\/wp\/v2\/product\/989727","targetHints":{"allow":["GET"]}}],"collection":[{"href":"https:\/\/fischer-badacsony.hu\/de\/wp-json\/wp\/v2\/product"}],"about":[{"href":"https:\/\/fischer-badacsony.hu\/de\/wp-json\/wp\/v2\/types\/product"}],"version-history":[{"count":6,"href":"https:\/\/fischer-badacsony.hu\/de\/wp-json\/wp\/v2\/product\/989727\/revisions"}],"predecessor-version":[{"id":989732,"href":"https:\/\/fischer-badacsony.hu\/de\/wp-json\/wp\/v2\/product\/989727\/revisions\/989732"}],"wp:featuredmedia":[{"embeddable":true,"href":"https:\/\/fischer-badacsony.hu\/de\/wp-json\/wp\/v2\/media\/990015"}],"wp:attachment":[{"href":"https:\/\/fischer-badacsony.hu\/de\/wp-json\/wp\/v2\/media?parent=989727"}],"wp:term":[{"taxonomy":"product_brand","embeddable":true,"href":"https:\/\/fischer-badacsony.hu\/de\/wp-json\/wp\/v2\/product_brand?post=989727"},{"taxonomy":"product_cat","embeddable":true,"href":"https:\/\/fischer-badacsony.hu\/de\/wp-json\/wp\/v2\/product_cat?post=989727"},{"taxonomy":"product_tag","embeddable":true,"href":"https:\/\/fischer-badacsony.hu\/de\/wp-json\/wp\/v2\/product_tag?post=989727"}],"curies":[{"name":"wp","href":"https:\/\/api.w.org\/{rel}","templated":true}]}}