{"id":989497,"date":"2025-05-23T15:18:46","date_gmt":"2025-05-23T13:18:46","guid":{"rendered":"https:\/\/fischer-badacsony.hu\/?post_type=product&#038;p=989497"},"modified":"2026-02-02T13:29:43","modified_gmt":"2026-02-02T12:29:43","slug":"borkostolo-jegy-elmeny-minden-kortyban","status":"publish","type":"product","link":"https:\/\/fischer-badacsony.hu\/de\/product\/borkostolo-jegy-elmeny-minden-kortyban\/","title":{"rendered":"Weinverkostungsticket \u2013 Schluck f\u00fcr Schluck ein Erlebnis"},"content":{"rendered":"<div class=\"vgblk-rw-wrapper limit-wrapper\">\n<p data-start=\"201\" data-end=\"369\">Ab sofort k\u00f6nnen Sie unser Degustationserlebnis-Ticket jederzeit in unserem Webshop erwerben und m\u00fcssen somit nicht auf eine Gelegenheit warten, sich selbst oder Ihre Lieben mit einem besonderen Programm zu \u00fcberraschen.<\/p>\n<p data-start=\"201\" data-end=\"369\">Lassen Sie sich im Herzen von Badacsony <strong data-start=\"415\" data-end=\"466\">, am Fu\u00dfe des Szent Gy\u00f6rgy-Berges, verzaubern.<\/strong>, ahol a <strong data-start=\"475\" data-end=\"500\">Am Fu\u00dfe der Basaltorgeln<\/strong> k\u00f6nnen Sie <strong data-start=\"475\" data-end=\"500\">7 <\/strong><strong data-start=\"475\" data-end=\"500\">unserer sorgf\u00e4ltig ausgew\u00e4hlten<\/strong> Weine <strong data-start=\"1094\" data-end=\"1128\">f\u00fcr nur 4990 HUF\/Person verkosten.<\/strong>Das Programm dauert <strong data-start=\"525\" data-end=\"548\">etwa eine Stunde,<\/strong>und <strong data-start=\"553\" data-end=\"582\">ist auf Ungarisch oder Deutsch<\/strong> verf\u00fcgbar.<\/p>\n<p data-start=\"599\" data-end=\"919\">Der Veranstaltungsort <strong data-start=\"610\" data-end=\"635\">befindet sich in Kisap\u00e1ti,<\/strong>wo wir Gruppen von bis zu 30-50 Personen unterbringen k\u00f6nnen. Die entspannte, freundliche Atmosph\u00e4re wird durch unsere Gastfreundschaft und die wundersch\u00f6ne Umgebung garantiert. <strong data-start=\"798\" data-end=\"832\">Selbstverst\u00e4ndlich gibt es Toiletten, Wifi, kostenlose Parkpl\u00e4tze<\/strong> und <strong data-start=\"858\" data-end=\"876\">da wir haustierfreundlich sind,<\/strong> hei\u00dfen wir auch Ihre vierbeinigen Freunde willkommen.<\/p>\n<p data-start=\"921\" data-end=\"1072\">Dies ist nicht nur eine Weinprobe \u2013 es ist ein Erlebnis zum Mitnehmen.<br data-start=\"989\" data-end=\"992\" \/><strong data-start=\"992\" data-end=\"1072\">Kaufen Sie Ihr Ticket online und verschenken Sie Momente, Aromen und Erinnerungen.<\/strong><\/p>\n<p data-start=\"104\" data-end=\"214\"><strong data-start=\"107\" data-end=\"151\">Termine k\u00f6nnen nach dem Ticketkauf<\/strong> telefonisch unter folgender Nummer gebucht werden:<br data-start=\"187\" data-end=\"190\" \/>\ud83d\udcde <strong data-start=\"193\" data-end=\"214\">+36 30 867 7003<\/strong><\/p>\n<p data-start=\"216\" data-end=\"320\">Bitte kontaktieren Sie uns schnellstm\u00f6glich nach dem Kauf, um einen genauen Termin zu vereinbaren!<\/p>\n<p data-start=\"1074\" data-end=\"1128\"><br data-start=\"1091\" data-end=\"1094\" \/><strong data-start=\"1094\" data-end=\"1128\">Kaufen Sie ein Erlebnis \u2013 nicht nur Wein!<\/strong><\/p>\n<\/div>\n<p><!-- .vgblk-rw-wrapper --><\/p>","protected":false},"excerpt":{"rendered":"<p><span style=\"vertical-align: inherit;\"><span style=\"vertical-align: inherit;\">Tarts vel\u00fcnk egy k\u00fcl\u00f6nleges ny\u00e1ri d\u00e9lut\u00e1nra a Fischer Bor\u00e1szatn\u00e1l, ahol 7 v\u00e1logatott t\u00e9tel\u00fcnket ismerheted meg egy vezetett bork\u00f3stol\u00f3 keret\u00e9ben, finom falatokkal k\u00eds\u00e9rve.<\/span><\/span><\/p>","protected":false},"featured_media":988965,"template":"","meta":{"_acf_changed":false,"_monsterinsights_skip_tracking":false,"_monsterinsights_sitenote_active":false,"_monsterinsights_sitenote_note":"","_monsterinsights_sitenote_category":0},"product_brand":[],"product_cat":[162],"product_tag":[171,231,169,232,170],"class_list":{"0":"post-989497","1":"product","2":"type-product","3":"status-publish","4":"has-post-thumbnail","6":"product_cat-borkostolo","7":"product_tag-badacsony","8":"product_tag-balaton","9":"product_tag-borkostolo","10":"product_tag-csapatepito","11":"product_tag-fischer-birtok","13":"first","14":"instock","15":"virtual","16":"taxable","17":"purchasable","18":"product-type-simple"},"acf":[],"aioseo_notices":[],"_links":{"self":[{"href":"https:\/\/fischer-badacsony.hu\/de\/wp-json\/wp\/v2\/product\/989497","targetHints":{"allow":["GET"]}}],"collection":[{"href":"https:\/\/fischer-badacsony.hu\/de\/wp-json\/wp\/v2\/product"}],"about":[{"href":"https:\/\/fischer-badacsony.hu\/de\/wp-json\/wp\/v2\/types\/product"}],"version-history":[{"count":16,"href":"https:\/\/fischer-badacsony.hu\/de\/wp-json\/wp\/v2\/product\/989497\/revisions"}],"predecessor-version":[{"id":989534,"href":"https:\/\/fischer-badacsony.hu\/de\/wp-json\/wp\/v2\/product\/989497\/revisions\/989534"}],"wp:featuredmedia":[{"embeddable":true,"href":"https:\/\/fischer-badacsony.hu\/de\/wp-json\/wp\/v2\/media\/988965"}],"wp:attachment":[{"href":"https:\/\/fischer-badacsony.hu\/de\/wp-json\/wp\/v2\/media?parent=989497"}],"wp:term":[{"taxonomy":"product_brand","embeddable":true,"href":"https:\/\/fischer-badacsony.hu\/de\/wp-json\/wp\/v2\/product_brand?post=989497"},{"taxonomy":"product_cat","embeddable":true,"href":"https:\/\/fischer-badacsony.hu\/de\/wp-json\/wp\/v2\/product_cat?post=989497"},{"taxonomy":"product_tag","embeddable":true,"href":"https:\/\/fischer-badacsony.hu\/de\/wp-json\/wp\/v2\/product_tag?post=989497"}],"curies":[{"name":"wp","href":"https:\/\/api.w.org\/{rel}","templated":true}]}}