{"id":989470,"date":"2025-05-22T15:57:05","date_gmt":"2025-05-22T13:57:05","guid":{"rendered":"https:\/\/fischer-badacsony.hu\/?post_type=product&#038;p=989470"},"modified":"2026-04-08T14:58:08","modified_gmt":"2026-04-08T12:58:08","slug":"bajnok-borcsomag","status":"publish","type":"product","link":"https:\/\/fischer-badacsony.hu\/de\/product\/bajnok-borcsomag\/","title":{"rendered":"Bajnok Borcsomag"},"content":{"rendered":"<div class=\"vgblk-rw-wrapper limit-wrapper\">\n<p data-start=\"132\" data-end=\"336\">Fedezd fel a Fischer birtok d\u00edjnyertes borait egy pr\u00e9mium v\u00e1logat\u00e1sban!<br data-start=\"203\" data-end=\"206\" \/>Ez a csomag a legjobbakb\u00f3l k\u00e9sz\u00fclt \u2013 karakteres v\u00f6r\u00f6s\u00f6k \u00e9s eleg\u00e1ns feh\u00e9rek egy helyen, azoknak, akik nem kompromisszumot keresnek.<\/p>\n<p data-start=\"338\" data-end=\"454\">T\u00f6k\u00e9letes v\u00e1laszt\u00e1s aj\u00e1nd\u00e9knak, \u00fcnnepi alkalmakra vagy ha egy igaz\u00e1n k\u00fcl\u00f6nleges bork\u00f3stol\u00f3 \u00e9lm\u00e9nyt szeretn\u00e9l otthon.<\/p>\n<p data-start=\"255\" data-end=\"277\"><strong data-start=\"255\" data-end=\"277\">Packungsinhalt:<\/strong><\/p>\n<ul data-start=\"278\" data-end=\"357\">\n<li data-section-id=\"3l0pwt\" data-start=\"278\" data-end=\"292\">Blaufr\u00e4nkisch<\/li>\n<li data-section-id=\"1dmb1ix\" data-start=\"293\" data-end=\"302\">Syrah<\/li>\n<li data-section-id=\"1gwl54o\" data-start=\"303\" data-end=\"321\">Cabernet Franc<\/li>\n<li data-section-id=\"95baii\" data-start=\"322\" data-end=\"341\">Sauvignon Blanc<\/li>\n<li data-section-id=\"95baii\" data-start=\"322\" data-end=\"341\">Syrah Barrique<\/li>\n<\/ul>\n<\/div>\n<p><!-- .vgblk-rw-wrapper --><\/p>","protected":false},"excerpt":{"rendered":"<p>Fedezd fel a Fischer birtok d\u00edjnyertes borait egy pr\u00e9mium v\u00e1logat\u00e1sban!Ez a csomag a legjobbakb\u00f3l k\u00e9sz\u00fclt \u2013 karakteres v\u00f6r\u00f6s\u00f6k \u00e9s eleg\u00e1ns feh\u00e9rek egy helyen, azoknak, akik nem kompromisszumot keresnek. T\u00f6k\u00e9letes v\u00e1laszt\u00e1s aj\u00e1nd\u00e9knak, \u00fcnnepi alkalmakra vagy ha egy igaz\u00e1n k\u00fcl\u00f6nleges bork\u00f3stol\u00f3 \u00e9lm\u00e9nyt szeretn\u00e9l otthon. A csomag tartalma: K\u00e9kfrankos Syrah Cabernet Franc Sauvignon Blanc Syrah Barrique<\/p>","protected":false},"featured_media":990131,"template":"","meta":{"_acf_changed":false,"_monsterinsights_skip_tracking":false,"_monsterinsights_sitenote_active":false,"_monsterinsights_sitenote_note":"","_monsterinsights_sitenote_category":0},"product_brand":[],"product_cat":[141],"product_tag":[168,177,217,179,202,192,200,223],"class_list":{"0":"post-989470","1":"product","2":"type-product","3":"status-publish","4":"has-post-thumbnail","6":"product_cat-borcsomagok","7":"product_tag-borcsomag","8":"product_tag-borvalogatas","9":"product_tag-cabernet-franc","10":"product_tag-fischer-boraszat","11":"product_tag-kekfrankos","12":"product_tag-sauvignon-blanc","13":"product_tag-syrah","14":"product_tag-syrah-barrique","16":"first","17":"instock","18":"sale","19":"taxable","20":"shipping-taxable","21":"purchasable","22":"product-type-woosb"},"acf":[],"aioseo_notices":[],"_links":{"self":[{"href":"https:\/\/fischer-badacsony.hu\/de\/wp-json\/wp\/v2\/product\/989470","targetHints":{"allow":["GET"]}}],"collection":[{"href":"https:\/\/fischer-badacsony.hu\/de\/wp-json\/wp\/v2\/product"}],"about":[{"href":"https:\/\/fischer-badacsony.hu\/de\/wp-json\/wp\/v2\/types\/product"}],"version-history":[{"count":5,"href":"https:\/\/fischer-badacsony.hu\/de\/wp-json\/wp\/v2\/product\/989470\/revisions"}],"predecessor-version":[{"id":990132,"href":"https:\/\/fischer-badacsony.hu\/de\/wp-json\/wp\/v2\/product\/989470\/revisions\/990132"}],"wp:featuredmedia":[{"embeddable":true,"href":"https:\/\/fischer-badacsony.hu\/de\/wp-json\/wp\/v2\/media\/990131"}],"wp:attachment":[{"href":"https:\/\/fischer-badacsony.hu\/de\/wp-json\/wp\/v2\/media?parent=989470"}],"wp:term":[{"taxonomy":"product_brand","embeddable":true,"href":"https:\/\/fischer-badacsony.hu\/de\/wp-json\/wp\/v2\/product_brand?post=989470"},{"taxonomy":"product_cat","embeddable":true,"href":"https:\/\/fischer-badacsony.hu\/de\/wp-json\/wp\/v2\/product_cat?post=989470"},{"taxonomy":"product_tag","embeddable":true,"href":"https:\/\/fischer-badacsony.hu\/de\/wp-json\/wp\/v2\/product_tag?post=989470"}],"curies":[{"name":"wp","href":"https:\/\/api.w.org\/{rel}","templated":true}]}}