{"id":989170,"date":"2025-03-24T17:38:24","date_gmt":"2025-03-24T16:38:24","guid":{"rendered":"https:\/\/dev.horvathkaroly.hu\/fischer\/?post_type=product&#038;p=989170"},"modified":"2026-03-12T20:00:38","modified_gmt":"2026-03-12T19:00:38","slug":"fischer-birtok-zweigelt-2021","status":"publish","type":"product","link":"https:\/\/fischer-badacsony.hu\/de\/product\/fischer-birtok-zweigelt-2021\/","title":{"rendered":"Fischer Birtok Zweigelt 2021"},"content":{"rendered":"<div class=\"vgblk-rw-wrapper limit-wrapper\"><strong>W\u00fcrziger, vollmundiger, charaktervoller Rotwein<\/strong><br \/>\nDer Zweigelt 2021 ist ein vollmundiger, trockener Rotwein, der fruchtige Noten mit einem zart w\u00fcrzigen und samtigen Abgang bietet. Sein Alkoholgehalt von 13 % und die ausgewogene S\u00e4ure machen ihn ideal zu Braten, w\u00fcrzigen Gerichten und pikanten Gem\u00fcsegerichten. Er ist die perfekte Wahl f\u00fcr ein Barbecue mit Freunden oder ein gem\u00fctliches Abendessen. Probieren Sie ihn zu einem saftigen Shepherd's Pie, knusprigen Zwiebelringen oder ger\u00f6stetem Wurzelgem\u00fcse und genie\u00dfen Sie die charakteristischen und zugleich eleganten Aromen des Zweigelt.<\/div>\n<p><!-- .vgblk-rw-wrapper --><\/p>","protected":false},"excerpt":{"rendered":"<p>A 2021-es Zweigelt egy testes, sz\u00e1raz v\u00f6r\u00f6sbor, amely a gy\u00fcm\u00f6lcs\u00f6s jegyek mellett finoman f\u0171szeres \u00e9s b\u00e1rsonyos lecseng\u00e9st k\u00edn\u00e1l.<\/p>","protected":false},"featured_media":989171,"template":"","meta":{"_acf_changed":false,"_monsterinsights_skip_tracking":false,"_monsterinsights_sitenote_active":false,"_monsterinsights_sitenote_note":"","_monsterinsights_sitenote_category":0},"product_brand":[],"product_cat":[42],"product_tag":[171,231,189,190,187,191],"class_list":{"0":"post-989170","1":"product","2":"type-product","3":"status-publish","4":"has-post-thumbnail","6":"product_cat-voros","7":"product_tag-badacsony","8":"product_tag-balaton","9":"product_tag-fischer","10":"product_tag-szaraz-bor","11":"product_tag-vorosbor","12":"product_tag-zweigelt","14":"first","15":"instock","16":"taxable","17":"shipping-taxable","18":"purchasable","19":"product-type-simple"},"acf":[],"aioseo_notices":[],"_links":{"self":[{"href":"https:\/\/fischer-badacsony.hu\/de\/wp-json\/wp\/v2\/product\/989170","targetHints":{"allow":["GET"]}}],"collection":[{"href":"https:\/\/fischer-badacsony.hu\/de\/wp-json\/wp\/v2\/product"}],"about":[{"href":"https:\/\/fischer-badacsony.hu\/de\/wp-json\/wp\/v2\/types\/product"}],"version-history":[{"count":1,"href":"https:\/\/fischer-badacsony.hu\/de\/wp-json\/wp\/v2\/product\/989170\/revisions"}],"predecessor-version":[{"id":989645,"href":"https:\/\/fischer-badacsony.hu\/de\/wp-json\/wp\/v2\/product\/989170\/revisions\/989645"}],"wp:featuredmedia":[{"embeddable":true,"href":"https:\/\/fischer-badacsony.hu\/de\/wp-json\/wp\/v2\/media\/989171"}],"wp:attachment":[{"href":"https:\/\/fischer-badacsony.hu\/de\/wp-json\/wp\/v2\/media?parent=989170"}],"wp:term":[{"taxonomy":"product_brand","embeddable":true,"href":"https:\/\/fischer-badacsony.hu\/de\/wp-json\/wp\/v2\/product_brand?post=989170"},{"taxonomy":"product_cat","embeddable":true,"href":"https:\/\/fischer-badacsony.hu\/de\/wp-json\/wp\/v2\/product_cat?post=989170"},{"taxonomy":"product_tag","embeddable":true,"href":"https:\/\/fischer-badacsony.hu\/de\/wp-json\/wp\/v2\/product_tag?post=989170"}],"curies":[{"name":"wp","href":"https:\/\/api.w.org\/{rel}","templated":true}]}}