{"id":989167,"date":"2025-03-24T17:31:07","date_gmt":"2025-03-24T16:31:07","guid":{"rendered":"https:\/\/dev.horvathkaroly.hu\/fischer\/?post_type=product&#038;p=989167"},"modified":"2026-02-20T15:29:02","modified_gmt":"2026-02-20T14:29:02","slug":"sauvignon-blanc-liblich-2022","status":"publish","type":"product","link":"https:\/\/fischer-badacsony.hu\/de\/product\/sauvignon-blanc-liblich-2022\/","title":{"rendered":"Sauvignon Blanc Liblich 2022"},"content":{"rendered":"<div class=\"vgblk-rw-wrapper limit-wrapper\"><strong>Sauvignon Blanc 2022 \u2013 Ein s\u00fc\u00df-fruchtiges Festerlebnis<\/strong><br \/>\nDieser besondere Sauvignon Blanc ist f\u00fcr alle gemacht, die s\u00fc\u00dfe, weiche Wei\u00dfweine lieben. Ausgewogene S\u00e4ure und 19,9 g\/l Restzucker machen ihn ausgesprochen harmonisch. Aufgrund seines geringen Alkohol- und S\u00e4uregehalts kann er pur genossen werden, in Kombination mit Desserts kommt sein s\u00fc\u00dfer und fruchtiger Charakter jedoch noch besser zur Geltung. Eine perfekte Wahl f\u00fcr festliche Anl\u00e4sse oder einen gem\u00fctlichen Weinabend. Probieren Sie es doch mal mit Lebkuchen, Christstollen oder auch einem leckeren Pfirsichpfannkuchen \u2013 es wird garantiert ein unvergessliches Erlebnis!<\/div>\n<p><!-- .vgblk-rw-wrapper --><\/p>","protected":false},"excerpt":{"rendered":"<p>Dieser besondere Sauvignon Blanc ist f\u00fcr alle gemacht, die s\u00fc\u00dfe, weiche Wei\u00dfweine lieben. Ausgewogene S\u00e4ure und 19,9 g\/l Restzucker machen ihn ausgesprochen harmonisch.<\/p>","protected":false},"featured_media":989168,"template":"","meta":{"_acf_changed":false,"_monsterinsights_skip_tracking":false,"_monsterinsights_sitenote_active":false,"_monsterinsights_sitenote_note":"","_monsterinsights_sitenote_category":0},"product_brand":[],"product_cat":[40],"product_tag":[171,231,165,193,189,192],"class_list":{"0":"post-989167","1":"product","2":"type-product","3":"status-publish","4":"has-post-thumbnail","6":"product_cat-feher","7":"product_tag-badacsony","8":"product_tag-balaton","9":"product_tag-feherbor","10":"product_tag-feledes-bor","11":"product_tag-fischer","12":"product_tag-sauvignon-blanc","14":"first","15":"instock","16":"taxable","17":"shipping-taxable","18":"purchasable","19":"product-type-simple"},"acf":[],"aioseo_notices":[],"_links":{"self":[{"href":"https:\/\/fischer-badacsony.hu\/de\/wp-json\/wp\/v2\/product\/989167","targetHints":{"allow":["GET"]}}],"collection":[{"href":"https:\/\/fischer-badacsony.hu\/de\/wp-json\/wp\/v2\/product"}],"about":[{"href":"https:\/\/fischer-badacsony.hu\/de\/wp-json\/wp\/v2\/types\/product"}],"version-history":[{"count":1,"href":"https:\/\/fischer-badacsony.hu\/de\/wp-json\/wp\/v2\/product\/989167\/revisions"}],"predecessor-version":[{"id":989388,"href":"https:\/\/fischer-badacsony.hu\/de\/wp-json\/wp\/v2\/product\/989167\/revisions\/989388"}],"wp:featuredmedia":[{"embeddable":true,"href":"https:\/\/fischer-badacsony.hu\/de\/wp-json\/wp\/v2\/media\/989168"}],"wp:attachment":[{"href":"https:\/\/fischer-badacsony.hu\/de\/wp-json\/wp\/v2\/media?parent=989167"}],"wp:term":[{"taxonomy":"product_brand","embeddable":true,"href":"https:\/\/fischer-badacsony.hu\/de\/wp-json\/wp\/v2\/product_brand?post=989167"},{"taxonomy":"product_cat","embeddable":true,"href":"https:\/\/fischer-badacsony.hu\/de\/wp-json\/wp\/v2\/product_cat?post=989167"},{"taxonomy":"product_tag","embeddable":true,"href":"https:\/\/fischer-badacsony.hu\/de\/wp-json\/wp\/v2\/product_tag?post=989167"}],"curies":[{"name":"wp","href":"https:\/\/api.w.org\/{rel}","templated":true}]}}