{"id":988655,"date":"2025-03-03T13:42:59","date_gmt":"2025-03-03T12:42:59","guid":{"rendered":"https:\/\/dev.horvathkaroly.hu\/fischer\/?post_type=product&#038;p=988655"},"modified":"2026-02-08T17:58:30","modified_gmt":"2026-02-08T16:58:30","slug":"fischer-sauvignon-blanc-oaked-2021","status":"publish","type":"product","link":"https:\/\/fischer-badacsony.hu\/de\/product\/fischer-sauvignon-blanc-oaked-2021\/","title":{"rendered":"Fischer Sauvignon Blanc &#8222;oaked&#8221; 2021"},"content":{"rendered":"<div class=\"vgblk-rw-wrapper limit-wrapper\">\n<p style=\"text-align: left;\">Fischer Sauvignon Blanc OAKED ist ein hochwertiger, trockener Wei\u00dfwein aus Sauvignon Blanc-Trauben aus den besten Weinbergen der Weinregion Badacsony. Dieser Wein hat einen Alkoholgehalt von 14,5 % und enth\u00e4lt 5,2 g\/l Restzucker. Der Wein wurde in Stahltanks gereift, um seine Frische und Fruchtigkeit zu bewahren, und anschlie\u00dfend kurz in Holzf\u00e4ssern gelagert, um ihn reicher und komplexer zu machen.<\/p>\n<p><strong>Farbe und Duft:<\/strong> Tiefes, stark sortentypisches Aroma nach geschnittenem Gras, gew\u00fcrzt mit Holunder und gr\u00fcnem Pfeffer. Zum Aroma kommt ein sehr reifer, feuriger Geschmack hinzu, der durch den vulkanischen Boden vermittelt wird.<\/p>\n<p><strong>Geschmack und Textur:<\/strong> Es handelt sich nicht um einen klassischen Leichtwein. Geschmacklich dominieren frisch geschnittenes Gras, Holunder und gr\u00fcner Pfeffer, erg\u00e4nzt durch die reifen, feurigen Noten der Vulkanerde. Der Wein hat einen mittleren K\u00f6rper, lebendige S\u00e4ure und einen langen, eleganten Abgang.<\/p>\n<p><strong>Speisenempfehlung:<\/strong> Er passt gut zu Salaten, pfeffrigen und w\u00fcrzigen Gerichten, am meisten empfehlen wir ihn jedoch zu Fisch, insbesondere Lachs und Rosmarinforelle.<\/p>\n<p><strong>Auswertung:<\/strong> Er erhielt 92 Punkte vom renommierten, international anerkannten deutschen Weinmagazin Falstaff. Falstaff beschreibt ihn wie folgt: \u201eReichhaltig, vollmundig und unglaublich energiegeladen, ein echter vulkanischer Sauvignon Blanc, der zudem etwas im Holzfass gereift ist. Ein echter Top-Kauf, ein gro\u00dfartiger Wei\u00dfwein.\u201c<\/div>\n<p><!-- .vgblk-rw-wrapper --><\/p>","protected":false},"excerpt":{"rendered":"<p>Fischer Sauvignon Blanc OAKED ist ein hochwertiger, trockener Wei\u00dfwein aus Sauvignon Blanc-Trauben aus den besten Weinbergen der Weinregion Badacsony.<\/p>","protected":false},"featured_media":988656,"template":"","meta":{"_acf_changed":false,"_monsterinsights_skip_tracking":false,"_monsterinsights_sitenote_active":false,"_monsterinsights_sitenote_note":"","_monsterinsights_sitenote_category":0},"product_brand":[],"product_cat":[40],"product_tag":[171,231,165,189,199,198,192],"class_list":{"0":"post-988655","1":"product","2":"type-product","3":"status-publish","4":"has-post-thumbnail","6":"product_cat-feher","7":"product_tag-badacsony","8":"product_tag-balaton","9":"product_tag-feherbor","10":"product_tag-fischer","11":"product_tag-hordos-erleles","12":"product_tag-premium-bor","13":"product_tag-sauvignon-blanc","15":"first","16":"instock","17":"taxable","18":"shipping-taxable","19":"purchasable","20":"product-type-simple"},"acf":[],"aioseo_notices":[],"_links":{"self":[{"href":"https:\/\/fischer-badacsony.hu\/de\/wp-json\/wp\/v2\/product\/988655","targetHints":{"allow":["GET"]}}],"collection":[{"href":"https:\/\/fischer-badacsony.hu\/de\/wp-json\/wp\/v2\/product"}],"about":[{"href":"https:\/\/fischer-badacsony.hu\/de\/wp-json\/wp\/v2\/types\/product"}],"version-history":[{"count":2,"href":"https:\/\/fischer-badacsony.hu\/de\/wp-json\/wp\/v2\/product\/988655\/revisions"}],"predecessor-version":[{"id":989680,"href":"https:\/\/fischer-badacsony.hu\/de\/wp-json\/wp\/v2\/product\/988655\/revisions\/989680"}],"wp:featuredmedia":[{"embeddable":true,"href":"https:\/\/fischer-badacsony.hu\/de\/wp-json\/wp\/v2\/media\/988656"}],"wp:attachment":[{"href":"https:\/\/fischer-badacsony.hu\/de\/wp-json\/wp\/v2\/media?parent=988655"}],"wp:term":[{"taxonomy":"product_brand","embeddable":true,"href":"https:\/\/fischer-badacsony.hu\/de\/wp-json\/wp\/v2\/product_brand?post=988655"},{"taxonomy":"product_cat","embeddable":true,"href":"https:\/\/fischer-badacsony.hu\/de\/wp-json\/wp\/v2\/product_cat?post=988655"},{"taxonomy":"product_tag","embeddable":true,"href":"https:\/\/fischer-badacsony.hu\/de\/wp-json\/wp\/v2\/product_tag?post=988655"}],"curies":[{"name":"wp","href":"https:\/\/api.w.org\/{rel}","templated":true}]}}