{"id":988652,"date":"2025-03-03T13:39:05","date_gmt":"2025-03-03T12:39:05","guid":{"rendered":"https:\/\/dev.horvathkaroly.hu\/fischer\/?post_type=product&#038;p=988652"},"modified":"2026-03-24T13:01:57","modified_gmt":"2026-03-24T12:01:57","slug":"fischer-syrah-rose-2024","status":"publish","type":"product","link":"https:\/\/fischer-badacsony.hu\/de\/product\/fischer-syrah-rose-2024\/","title":{"rendered":"Fischer Syrah Ros\u00e9 2024"},"content":{"rendered":"<div data-elementor-type=\"product-post\" data-elementor-id=\"988652\" class=\"elementor elementor-988652\" data-elementor-post-type=\"product\">\n\t\t\t\t\t\t<section class=\"elementor-section elementor-top-section elementor-element elementor-element-09d125d elementor-section-boxed elementor-section-height-default elementor-section-height-default\" data-id=\"09d125d\" data-element_type=\"section\">\n\t\t\t\t\t\t<div class=\"elementor-container elementor-column-gap-default\">\n\t\t\t\t\t<div class=\"elementor-column elementor-col-100 elementor-top-column elementor-element elementor-element-37769ce\" data-id=\"37769ce\" data-element_type=\"column\">\n\t\t\t<div class=\"elementor-widget-wrap elementor-element-populated\">\n\t\t\t\t\t\t<div class=\"elementor-element elementor-element-551e381 elementor-widget elementor-widget-text-editor\" data-id=\"551e381\" data-element_type=\"widget\" data-widget_type=\"text-editor.default\">\n\t\t\t\t<div class=\"elementor-widget-container\">\n\t\t\t\t\t\t\t\t\t<p><strong>Der Fischer Syrah Ros\u00e9 2024<\/strong> ist eine besondere Charge: Die Ros\u00e9-Version der internationalen Sorte Syrah ist selten, aber umso spannender. Die N\u00e4he zum Plattensee und der vulkanische Boden von Badacsony f\u00fchrten zu einem charakteristischen und dennoch frischen Wein.<\/p><p>Seine Farbe ist helllachsrosa und sein Aroma offenbart rote Beeren \u2013 Himbeeren, Johannisbeeren \u2013 und zarte w\u00fcrzige Noten, die den einzigartigen Charakter von Syrah hervorrufen.<\/p><p>Mittelkr\u00e4ftig, frisch und trocken, mit geringem Restzucker (2,3 g\/l). Am Gaumen erfrischend, elegant und langanhaltend, mit einem Gleichgewicht zwischen Fruchtigkeit und Kraft.<\/p><p>Wir empfehlen, ihn gek\u00fchlt auf 6 \u00b0C zu trinken \u2013 er ist eine tolle Wahl f\u00fcr den puren Genuss an w\u00e4rmeren Tagen, passt aber auch perfekt zu leichten Salaten, gegrilltem Fisch oder netten Gespr\u00e4chen.<\/p>\t\t\t\t\t\t\t\t<\/div>\n\t\t\t\t<\/div>\n\t\t\t\t\t<\/div>\n\t\t<\/div>\n\t\t\t\t\t<\/div>\n\t\t<\/section>\n\t\t\t\t<\/div>","protected":false},"excerpt":{"rendered":"<p data-start=\"272\" data-end=\"651\">A 2024-es Fischer Syrah Ros\u00e9 k\u00fcl\u00f6nleges t\u00e9tel: a nemzetk\u00f6zi Syrah fajta ros\u00e9 v\u00e1ltozata ritka, de ann\u00e1l izgalmasabb.<\/p>","protected":false},"featured_media":988653,"template":"","meta":{"_acf_changed":false,"_monsterinsights_skip_tracking":false,"_monsterinsights_sitenote_active":false,"_monsterinsights_sitenote_note":"","_monsterinsights_sitenote_category":0},"product_brand":[],"product_cat":[15],"product_tag":[171,231,189,186,200,190],"class_list":{"0":"post-988652","1":"product","2":"type-product","3":"status-publish","4":"has-post-thumbnail","6":"product_cat-roze","7":"product_tag-badacsony","8":"product_tag-balaton","9":"product_tag-fischer","10":"product_tag-roze","11":"product_tag-syrah","12":"product_tag-szaraz-bor","14":"first","15":"instock","16":"taxable","17":"shipping-taxable","18":"purchasable","19":"product-type-simple"},"acf":[],"aioseo_notices":[],"_links":{"self":[{"href":"https:\/\/fischer-badacsony.hu\/de\/wp-json\/wp\/v2\/product\/988652","targetHints":{"allow":["GET"]}}],"collection":[{"href":"https:\/\/fischer-badacsony.hu\/de\/wp-json\/wp\/v2\/product"}],"about":[{"href":"https:\/\/fischer-badacsony.hu\/de\/wp-json\/wp\/v2\/types\/product"}],"version-history":[{"count":9,"href":"https:\/\/fischer-badacsony.hu\/de\/wp-json\/wp\/v2\/product\/988652\/revisions"}],"predecessor-version":[{"id":989762,"href":"https:\/\/fischer-badacsony.hu\/de\/wp-json\/wp\/v2\/product\/988652\/revisions\/989762"}],"wp:featuredmedia":[{"embeddable":true,"href":"https:\/\/fischer-badacsony.hu\/de\/wp-json\/wp\/v2\/media\/988653"}],"wp:attachment":[{"href":"https:\/\/fischer-badacsony.hu\/de\/wp-json\/wp\/v2\/media?parent=988652"}],"wp:term":[{"taxonomy":"product_brand","embeddable":true,"href":"https:\/\/fischer-badacsony.hu\/de\/wp-json\/wp\/v2\/product_brand?post=988652"},{"taxonomy":"product_cat","embeddable":true,"href":"https:\/\/fischer-badacsony.hu\/de\/wp-json\/wp\/v2\/product_cat?post=988652"},{"taxonomy":"product_tag","embeddable":true,"href":"https:\/\/fischer-badacsony.hu\/de\/wp-json\/wp\/v2\/product_tag?post=988652"}],"curies":[{"name":"wp","href":"https:\/\/api.w.org\/{rel}","templated":true}]}}