{"id":988638,"date":"2025-03-03T13:23:04","date_gmt":"2025-03-03T12:23:04","guid":{"rendered":"https:\/\/dev.horvathkaroly.hu\/fischer\/?post_type=product&#038;p=988638"},"modified":"2026-04-11T21:50:29","modified_gmt":"2026-04-11T19:50:29","slug":"fischer-szolole-voros-2024","status":"publish","type":"product","link":"https:\/\/fischer-badacsony.hu\/de\/product\/fischer-szolole-voros-2024\/","title":{"rendered":"Fischer Sz\u0151l\u0151l\u00e9 v\u00f6r\u00f6s 2024"},"content":{"rendered":"<div class=\"vgblk-rw-wrapper limit-wrapper\">\n<p style=\"text-align: left;\">Der rote Traubensaft von Fischer Birtok wird ausschlie\u00dflich aus Zweigelt-Trauben hergestellt, gefiltert und pasteurisiert, ohne jegliche Zus\u00e4tze. Dieser naturbelassene Traubensaft bewahrt den reichen und fruchtigen Geschmack der Zweigelt-Traube, der durch rote Beeren und w\u00fcrzige Noten besonders ausgepr\u00e4gt ist. Es ist die perfekte Wahl f\u00fcr alle, die den nat\u00fcrlichen Geschmack und die Frische von Trauben genie\u00dfen m\u00f6chten, ohne k\u00fcnstliche Zutaten zu sich zu nehmen.<\/p>\n<\/div>\n<p><!-- .vgblk-rw-wrapper --><\/p>","protected":false},"excerpt":{"rendered":"<p>A Fischer Birtok v\u00f6r\u00f6s sz\u0151l\u0151leve kiz\u00e1r\u00f3lag Zweigelt sz\u0151l\u0151b\u0151l k\u00e9sz\u00fcl, sz\u0171rve \u00e9s paszt\u00f6r\u00f6zve, mindenf\u00e9le adal\u00e9kanyag n\u00e9lk\u00fcl. Ez a term\u00e9szetes sz\u0151l\u0151l\u00e9 meg\u0151rzi a Zweigelt sz\u0151l\u0151 gazdag \u00e9s gy\u00fcm\u00f6lcs\u00f6s \u00edzvil\u00e1g\u00e1t, amelyet a piros bogy\u00f3s gy\u00fcm\u00f6lcs\u00f6k \u00e9s a f\u0171szeres jegyek tesznek k\u00fcl\u00f6nlegess\u00e9. T\u00f6k\u00e9letes v\u00e1laszt\u00e1s azok sz\u00e1m\u00e1ra, akik szeretn\u00e9k \u00e9lvezni a sz\u0151l\u0151 term\u00e9szetes \u00edz\u00e9t \u00e9s frissess\u00e9g\u00e9t, an\u00e9lk\u00fcl, hogy b\u00e1rmilyen mesters\u00e9ges&#8230;<\/p>","protected":false},"featured_media":988639,"template":"","meta":{"_acf_changed":false,"_monsterinsights_skip_tracking":false,"_monsterinsights_sitenote_active":false,"_monsterinsights_sitenote_note":"","_monsterinsights_sitenote_category":0},"product_brand":[],"product_cat":[42],"product_tag":[208,231,189,210,207,209],"class_list":{"0":"post-988638","1":"product","2":"type-product","3":"status-publish","4":"has-post-thumbnail","6":"product_cat-voros","7":"product_tag-alkoholmentes","8":"product_tag-balaton","9":"product_tag-fischer","10":"product_tag-must","11":"product_tag-szolole","12":"product_tag-voros-szolo","14":"first","15":"instock","16":"taxable","17":"shipping-taxable","18":"purchasable","19":"product-type-simple"},"acf":[],"aioseo_notices":[],"_links":{"self":[{"href":"https:\/\/fischer-badacsony.hu\/de\/wp-json\/wp\/v2\/product\/988638","targetHints":{"allow":["GET"]}}],"collection":[{"href":"https:\/\/fischer-badacsony.hu\/de\/wp-json\/wp\/v2\/product"}],"about":[{"href":"https:\/\/fischer-badacsony.hu\/de\/wp-json\/wp\/v2\/types\/product"}],"version-history":[{"count":1,"href":"https:\/\/fischer-badacsony.hu\/de\/wp-json\/wp\/v2\/product\/988638\/revisions"}],"predecessor-version":[{"id":989651,"href":"https:\/\/fischer-badacsony.hu\/de\/wp-json\/wp\/v2\/product\/988638\/revisions\/989651"}],"wp:featuredmedia":[{"embeddable":true,"href":"https:\/\/fischer-badacsony.hu\/de\/wp-json\/wp\/v2\/media\/988639"}],"wp:attachment":[{"href":"https:\/\/fischer-badacsony.hu\/de\/wp-json\/wp\/v2\/media?parent=988638"}],"wp:term":[{"taxonomy":"product_brand","embeddable":true,"href":"https:\/\/fischer-badacsony.hu\/de\/wp-json\/wp\/v2\/product_brand?post=988638"},{"taxonomy":"product_cat","embeddable":true,"href":"https:\/\/fischer-badacsony.hu\/de\/wp-json\/wp\/v2\/product_cat?post=988638"},{"taxonomy":"product_tag","embeddable":true,"href":"https:\/\/fischer-badacsony.hu\/de\/wp-json\/wp\/v2\/product_tag?post=988638"}],"curies":[{"name":"wp","href":"https:\/\/api.w.org\/{rel}","templated":true}]}}