{"id":988632,"date":"2025-03-03T13:14:57","date_gmt":"2025-03-03T12:14:57","guid":{"rendered":"https:\/\/dev.horvathkaroly.hu\/fischer\/?post_type=product&#038;p=988632"},"modified":"2025-12-05T17:27:20","modified_gmt":"2025-12-05T16:27:20","slug":"fischer-zweigelt-feledes-2019","status":"publish","type":"product","link":"https:\/\/fischer-badacsony.hu\/de\/product\/fischer-zweigelt-feledes-2019\/","title":{"rendered":"Fischer Zweigelt f\u00e9l\u00e9des 2019"},"content":{"rendered":"<div class=\"vgblk-rw-wrapper limit-wrapper\">\n<p style=\"text-align: left;\">Charakteristisch f\u00fcr ihn sind seine rubin- und granatrote Farbe, sein fruchtig-w\u00fcrziges Aroma, sein intensives Schokoladenaroma im Geschmack, seine leichte S\u00fc\u00dfe im Mund und sein langer und eleganter Abgang. Passt zu: Schokoladenfondue, Maronen, Brat\u00e4pfel, Lebkuchen, knusprige s\u00fc\u00df-saure Ente, gebratene Zwiebelringe, frisch gebackener Lebkuchen, Schokolade, Lindorkugeln, Nougatpfannkuchen, warmer Walnuss-\/Maronenstrudel mit Rosinen.<\/p>\n<\/div>\n<p><!-- .vgblk-rw-wrapper --><\/p>","protected":false},"excerpt":{"rendered":"<p>Charakteristisch f\u00fcr ihn sind seine rubin- und granatrote Farbe, sein fruchtig-w\u00fcrziges Aroma, sein intensives Schokoladenaroma im Geschmack, seine leichte S\u00fc\u00dfe im Mund und sein langer und eleganter Abgang. Passt zu: Schokoladenfondue, Maronen, Brat\u00e4pfel, Lebkuchen, knusprige s\u00fc\u00df-saure Ente, gebratene Zwiebelringe, frisch gebackener Lebkuchen, Schokolade, Lindorkugeln, Nougatpfannkuchen, warmer Walnuss-\/Maronenstrudel mit Rosinen.<\/p>","protected":false},"featured_media":988633,"template":"","meta":{"_acf_changed":false,"_monsterinsights_skip_tracking":false,"_monsterinsights_sitenote_active":false,"_monsterinsights_sitenote_note":"","_monsterinsights_sitenote_category":0},"product_brand":[],"product_cat":[42],"product_tag":[231,193,189,187,191],"class_list":{"0":"post-988632","1":"product","2":"type-product","3":"status-publish","4":"has-post-thumbnail","6":"product_cat-voros","7":"product_tag-balaton","8":"product_tag-feledes-bor","9":"product_tag-fischer","10":"product_tag-vorosbor","11":"product_tag-zweigelt","13":"first","14":"instock","15":"taxable","16":"shipping-taxable","17":"purchasable","18":"product-type-simple"},"acf":[],"aioseo_notices":[],"_links":{"self":[{"href":"https:\/\/fischer-badacsony.hu\/de\/wp-json\/wp\/v2\/product\/988632","targetHints":{"allow":["GET"]}}],"collection":[{"href":"https:\/\/fischer-badacsony.hu\/de\/wp-json\/wp\/v2\/product"}],"about":[{"href":"https:\/\/fischer-badacsony.hu\/de\/wp-json\/wp\/v2\/types\/product"}],"version-history":[{"count":1,"href":"https:\/\/fischer-badacsony.hu\/de\/wp-json\/wp\/v2\/product\/988632\/revisions"}],"predecessor-version":[{"id":989685,"href":"https:\/\/fischer-badacsony.hu\/de\/wp-json\/wp\/v2\/product\/988632\/revisions\/989685"}],"wp:featuredmedia":[{"embeddable":true,"href":"https:\/\/fischer-badacsony.hu\/de\/wp-json\/wp\/v2\/media\/988633"}],"wp:attachment":[{"href":"https:\/\/fischer-badacsony.hu\/de\/wp-json\/wp\/v2\/media?parent=988632"}],"wp:term":[{"taxonomy":"product_brand","embeddable":true,"href":"https:\/\/fischer-badacsony.hu\/de\/wp-json\/wp\/v2\/product_brand?post=988632"},{"taxonomy":"product_cat","embeddable":true,"href":"https:\/\/fischer-badacsony.hu\/de\/wp-json\/wp\/v2\/product_cat?post=988632"},{"taxonomy":"product_tag","embeddable":true,"href":"https:\/\/fischer-badacsony.hu\/de\/wp-json\/wp\/v2\/product_tag?post=988632"}],"curies":[{"name":"wp","href":"https:\/\/api.w.org\/{rel}","templated":true}]}}