{"id":988629,"date":"2025-03-03T13:10:28","date_gmt":"2025-03-03T12:10:28","guid":{"rendered":"https:\/\/dev.horvathkaroly.hu\/fischer\/?post_type=product&#038;p=988629"},"modified":"2026-03-24T13:01:57","modified_gmt":"2026-03-24T12:01:57","slug":"fischer-gruner-veltliner-limited-2023","status":"publish","type":"product","link":"https:\/\/fischer-badacsony.hu\/de\/product\/fischer-gruner-veltliner-limited-2023\/","title":{"rendered":"Fischer Gr\u00fcner Veltliner limited 2023"},"content":{"rendered":"<div class=\"vgblk-rw-wrapper limit-wrapper\">\n<p style=\"text-align: left;\">Fischer Gr\u00fcner Veltliner limitiert wird aus gr\u00fcnen Veltliner-Trauben hergestellt. Dieser Wein hat einen Alkoholgehalt von 12,5 % und enth\u00e4lt 1,5 g\/l Restzucker. Um seine Frische und Fruchtigkeit zu bewahren, wurde der Wein in Stahltanks ausgebaut.<\/p>\n<p><strong>Farbe und Duft:<\/strong> Er zeichnet sich durch eine leuchtend blassgoldgelbe Farbe aus und sein Aroma wird von saftigen \u00c4pfeln, Zitrusfr\u00fcchten und leichten Pfeffernoten dominiert.<\/p>\n<p><strong>Geschmack und Textur:<\/strong> Sein Geschmack ist frisch und erfrischend dank seiner lebendigen S\u00e4ure, erg\u00e4nzt durch die Aromen von Apfel und Zitrusfr\u00fcchten. Der Wein hat einen mittleren K\u00f6rper, lebendige S\u00e4ure und einen langen, eleganten Abgang.<\/p>\n<p><strong>Speisenempfehlung:<\/strong> Er passt hervorragend zu hellem Fleisch, Fisch und leichten Gerichten. Es kann auch eine gute Wahl f\u00fcr Salate und Frischk\u00e4se sein. Dank seiner saftigen, duftigen und lebendigen S\u00e4ure schmeckt man einen frischen Wein mit Aromen von Apfel, Zitrusfr\u00fcchten und einer leichten Pfeffernote. Die Farbe ist ein leuchtendes blasses Goldgelb. Dieser Gr\u00fcne Veltliner aus erlesenen Trauben stammt aus den idealen H\u00e4ngen des Burgerlandes und ist f\u00fcr jeden Anlass eine gute Wahl.<\/div>\n<p><!-- .vgblk-rw-wrapper --><\/p>","protected":false},"excerpt":{"rendered":"<p>Fischer Gr\u00fcner Veltliner limited z\u00f6ld veltelini sz\u0151l\u0151b\u0151l k\u00e9sz\u00fclt. Ez a bor 12,5% alkoholtartalommal rendelkezik, \u00e9s 1,5 g\/l marad\u00e9kcukrot tartalmaz. A bort ac\u00e9ltart\u00e1lyban \u00e9rlelt\u00fck, hogy meg\u0151rizze frissess\u00e9g\u00e9t \u00e9s gy\u00fcm\u00f6lcs\u00f6ss\u00e9g\u00e9t. Sz\u00edn \u00e9s Illat: Ragyog\u00f3 halv\u00e1ny aranys\u00e1rga sz\u00edn jellemzi, illat\u00e1ban zamatos alma, citrusok \u00e9s enyhe borsos jegyek domin\u00e1lnak. \u00cdz \u00e9s Text\u00fara: \u00cdz\u00e9ben \u00e9l\u00e9nk savtartalm\u00e1nak k\u00f6sz\u00f6nhet\u0151en \u00fcde \u00e9s friss\u00edt\u0151,&#8230;<\/p>","protected":false},"featured_media":988630,"template":"","meta":{"_acf_changed":false,"_monsterinsights_skip_tracking":false,"_monsterinsights_sitenote_active":false,"_monsterinsights_sitenote_note":"","_monsterinsights_sitenote_category":0},"product_brand":[],"product_cat":[40],"product_tag":[231,165,189,213,212],"class_list":{"0":"post-988629","1":"product","2":"type-product","3":"status-publish","4":"has-post-thumbnail","6":"product_cat-feher","7":"product_tag-balaton","8":"product_tag-feherbor","9":"product_tag-fischer","10":"product_tag-limitalt","11":"product_tag-zold-veltelini","13":"first","14":"instock","15":"taxable","16":"shipping-taxable","17":"purchasable","18":"product-type-simple"},"acf":[],"aioseo_notices":[],"_links":{"self":[{"href":"https:\/\/fischer-badacsony.hu\/de\/wp-json\/wp\/v2\/product\/988629","targetHints":{"allow":["GET"]}}],"collection":[{"href":"https:\/\/fischer-badacsony.hu\/de\/wp-json\/wp\/v2\/product"}],"about":[{"href":"https:\/\/fischer-badacsony.hu\/de\/wp-json\/wp\/v2\/types\/product"}],"version-history":[{"count":1,"href":"https:\/\/fischer-badacsony.hu\/de\/wp-json\/wp\/v2\/product\/988629\/revisions"}],"predecessor-version":[{"id":989686,"href":"https:\/\/fischer-badacsony.hu\/de\/wp-json\/wp\/v2\/product\/988629\/revisions\/989686"}],"wp:featuredmedia":[{"embeddable":true,"href":"https:\/\/fischer-badacsony.hu\/de\/wp-json\/wp\/v2\/media\/988630"}],"wp:attachment":[{"href":"https:\/\/fischer-badacsony.hu\/de\/wp-json\/wp\/v2\/media?parent=988629"}],"wp:term":[{"taxonomy":"product_brand","embeddable":true,"href":"https:\/\/fischer-badacsony.hu\/de\/wp-json\/wp\/v2\/product_brand?post=988629"},{"taxonomy":"product_cat","embeddable":true,"href":"https:\/\/fischer-badacsony.hu\/de\/wp-json\/wp\/v2\/product_cat?post=988629"},{"taxonomy":"product_tag","embeddable":true,"href":"https:\/\/fischer-badacsony.hu\/de\/wp-json\/wp\/v2\/product_tag?post=988629"}],"curies":[{"name":"wp","href":"https:\/\/api.w.org\/{rel}","templated":true}]}}