{"id":988622,"date":"2025-03-03T12:58:43","date_gmt":"2025-03-03T11:58:43","guid":{"rendered":"https:\/\/dev.horvathkaroly.hu\/fischer\/?post_type=product&#038;p=988622"},"modified":"2025-12-05T17:27:46","modified_gmt":"2025-12-05T16:27:46","slug":"fischer-sauvignon-blanc-premium-2021","status":"publish","type":"product","link":"https:\/\/fischer-badacsony.hu\/de\/product\/fischer-sauvignon-blanc-premium-2021\/","title":{"rendered":"Fischer Sauvignon Blanc Premium 2021"},"content":{"rendered":"<div class=\"vgblk-rw-wrapper limit-wrapper\">\n<p style=\"text-align: left;\">A Fischer Sauvignon Blanc Pr\u00e9mium 2021 egy kiv\u00e1l\u00f3 min\u0151s\u00e9g\u0171, sz\u00e1raz feh\u00e9rbor, amely a Badacsony borvid\u00e9k legjobb sz\u0151l\u0151\u00fcltetv\u00e9nyeir\u0151l sz\u00e1rmaz\u00f3 Sauvignon Blanc sz\u0151l\u0151b\u0151l k\u00e9sz\u00fclt. Ez a bor 14,0% alkoholtartalommal rendelkezik, \u00e9s 3,6 g\/l marad\u00e9kcukrot tartalmaz. A bort ac\u00e9ltart\u00e1lyban \u00e9rlelt\u00fck, hogy meg\u0151rizze frissess\u00e9g\u00e9t \u00e9s gy\u00fcm\u00f6lcs\u00f6ss\u00e9g\u00e9t.<\/p>\n<p><strong>Farbe und Duft:<\/strong> Tiefes, stark sortentypisches Aroma nach geschnittenem Gras, gew\u00fcrzt mit Holunder und gr\u00fcnem Pfeffer. Zum Aroma kommt ein sehr reifer, feuriger Geschmack hinzu, der durch den vulkanischen Boden vermittelt wird.<\/p>\n<p><strong>Geschmack und Textur:<\/strong> Es handelt sich nicht um einen klassischen Leichtwein. Geschmacklich dominieren frisch geschnittenes Gras, Holunder und gr\u00fcner Pfeffer, erg\u00e4nzt durch die reifen, feurigen Noten der Vulkanerde. Der Wein hat einen mittleren K\u00f6rper, lebendige S\u00e4ure und einen langen, eleganten Abgang.<\/p>\n<p><strong>Speisenempfehlung:<\/strong> Er passt gut zu Salaten, pfeffrigen und w\u00fcrzigen Gerichten, am meisten empfehlen wir ihn jedoch zu Fisch, insbesondere Lachs und Rosmarinforelle.<\/div>\n<p><!-- .vgblk-rw-wrapper --><\/p>","protected":false},"excerpt":{"rendered":"<p>Ein wirklich gehaltvoller Wein mit reifen Fr\u00fcchten und erfrischenden Kr\u00e4uternoten. Es bietet anspruchsvollen Weinliebhabern ein einzigartiges Erlebnis.<\/p>","protected":false},"featured_media":988623,"template":"","meta":{"_acf_changed":false,"_monsterinsights_skip_tracking":false,"_monsterinsights_sitenote_active":false,"_monsterinsights_sitenote_note":"","_monsterinsights_sitenote_category":0},"product_brand":[],"product_cat":[40],"product_tag":[171,231,165,189,176,192],"class_list":{"0":"post-988622","1":"product","2":"type-product","3":"status-publish","4":"has-post-thumbnail","6":"product_cat-feher","7":"product_tag-badacsony","8":"product_tag-balaton","9":"product_tag-feherbor","10":"product_tag-fischer","11":"product_tag-premium","12":"product_tag-sauvignon-blanc","14":"first","15":"instock","16":"taxable","17":"shipping-taxable","18":"purchasable","19":"product-type-simple"},"acf":[],"aioseo_notices":[],"_links":{"self":[{"href":"https:\/\/fischer-badacsony.hu\/de\/wp-json\/wp\/v2\/product\/988622","targetHints":{"allow":["GET"]}}],"collection":[{"href":"https:\/\/fischer-badacsony.hu\/de\/wp-json\/wp\/v2\/product"}],"about":[{"href":"https:\/\/fischer-badacsony.hu\/de\/wp-json\/wp\/v2\/types\/product"}],"version-history":[{"count":1,"href":"https:\/\/fischer-badacsony.hu\/de\/wp-json\/wp\/v2\/product\/988622\/revisions"}],"predecessor-version":[{"id":989687,"href":"https:\/\/fischer-badacsony.hu\/de\/wp-json\/wp\/v2\/product\/988622\/revisions\/989687"}],"wp:featuredmedia":[{"embeddable":true,"href":"https:\/\/fischer-badacsony.hu\/de\/wp-json\/wp\/v2\/media\/988623"}],"wp:attachment":[{"href":"https:\/\/fischer-badacsony.hu\/de\/wp-json\/wp\/v2\/media?parent=988622"}],"wp:term":[{"taxonomy":"product_brand","embeddable":true,"href":"https:\/\/fischer-badacsony.hu\/de\/wp-json\/wp\/v2\/product_brand?post=988622"},{"taxonomy":"product_cat","embeddable":true,"href":"https:\/\/fischer-badacsony.hu\/de\/wp-json\/wp\/v2\/product_cat?post=988622"},{"taxonomy":"product_tag","embeddable":true,"href":"https:\/\/fischer-badacsony.hu\/de\/wp-json\/wp\/v2\/product_tag?post=988622"}],"curies":[{"name":"wp","href":"https:\/\/api.w.org\/{rel}","templated":true}]}}