{"id":988614,"date":"2025-03-03T12:46:38","date_gmt":"2025-03-03T11:46:38","guid":{"rendered":"https:\/\/dev.horvathkaroly.hu\/fischer\/?post_type=product&#038;p=988614"},"modified":"2026-03-24T13:01:57","modified_gmt":"2026-03-24T12:01:57","slug":"fischer-merlot-2021","status":"publish","type":"product","link":"https:\/\/fischer-badacsony.hu\/de\/product\/fischer-merlot-2021\/","title":{"rendered":"Fischer Merlot 2021"},"content":{"rendered":"<div class=\"vgblk-rw-wrapper limit-wrapper\">\n<p style=\"text-align: left;\">Es handelt sich um eine Sorte franz\u00f6sischen Ursprungs und sie ist international anerkannt. Sie passt sich den Besonderheiten des Anbaugebiets sehr gut an und ist daher eine der tragenden S\u00e4ulen der Bordeaux-Cuv\u00e9es.<\/p>\n<p>Unser aus dieser Sorte hergestellter Wein hat ein s\u00fc\u00dfes, fruchtiges Aroma \u2013 Pflaumen, Erdbeeren \u2013 mit marmeladigen, leicht kaffeeartigen und tabakartigen Noten. Mittlerer K\u00f6rper, reife Kirsche, Pflaume, Tabak, leichter Rauch. Ein richtig feuriger Rotwein. Der Schluck ist vollmundig und bringt auch im Abgang die im Aroma versprochenen Noten mit. Eine harmonische Erg\u00e4nzung, besonders zu Grillgerichten zu empfehlen. Ein Muss f\u00fcr Grillpartys, er passt hervorragend zu herzhaft-w\u00fcrzigen Fleischgerichten, aber auch zu dunklem Fleisch, gegrillten Zwiebeln, Ente mit Rotkohl und Teigtaschen sowie gegrilltem H\u00e4hnchen mit mexikanischem Gem\u00fcse (Chili, rote Bohnen). warmer Maronenstrudel mit Rumtropfen, Tafelspitz mit Meerrettich, gebratener Hirschr\u00fccken in Rotweinsauce (nat\u00fcrlich mit Merlotsauce), Topfenpfannkuchen.<\/p><\/div>\n<p><!-- .vgblk-rw-wrapper --><\/p>","protected":false},"excerpt":{"rendered":"<p>Es handelt sich um eine Sorte franz\u00f6sischen Ursprungs und sie ist international anerkannt. Sie passt sich den Besonderheiten des Anbaugebiets sehr gut an und ist daher eine der tragenden S\u00e4ulen der Bordeaux-Cuv\u00e9es.<\/p>","protected":false},"featured_media":989886,"template":"","meta":{"_acf_changed":false,"_monsterinsights_skip_tracking":false,"_monsterinsights_sitenote_active":false,"_monsterinsights_sitenote_note":"","_monsterinsights_sitenote_category":0},"product_brand":[],"product_cat":[42],"product_tag":[171,231,189,38,190,187],"class_list":{"0":"post-988614","1":"product","2":"type-product","3":"status-publish","4":"has-post-thumbnail","6":"product_cat-voros","7":"product_tag-badacsony","8":"product_tag-balaton","9":"product_tag-fischer","10":"product_tag-merlot","11":"product_tag-szaraz-bor","12":"product_tag-vorosbor","14":"first","15":"instock","16":"taxable","17":"shipping-taxable","18":"purchasable","19":"product-type-simple"},"acf":[],"aioseo_notices":[],"_links":{"self":[{"href":"https:\/\/fischer-badacsony.hu\/de\/wp-json\/wp\/v2\/product\/988614","targetHints":{"allow":["GET"]}}],"collection":[{"href":"https:\/\/fischer-badacsony.hu\/de\/wp-json\/wp\/v2\/product"}],"about":[{"href":"https:\/\/fischer-badacsony.hu\/de\/wp-json\/wp\/v2\/types\/product"}],"version-history":[{"count":2,"href":"https:\/\/fischer-badacsony.hu\/de\/wp-json\/wp\/v2\/product\/988614\/revisions"}],"predecessor-version":[{"id":989880,"href":"https:\/\/fischer-badacsony.hu\/de\/wp-json\/wp\/v2\/product\/988614\/revisions\/989880"}],"wp:featuredmedia":[{"embeddable":true,"href":"https:\/\/fischer-badacsony.hu\/de\/wp-json\/wp\/v2\/media\/989886"}],"wp:attachment":[{"href":"https:\/\/fischer-badacsony.hu\/de\/wp-json\/wp\/v2\/media?parent=988614"}],"wp:term":[{"taxonomy":"product_brand","embeddable":true,"href":"https:\/\/fischer-badacsony.hu\/de\/wp-json\/wp\/v2\/product_brand?post=988614"},{"taxonomy":"product_cat","embeddable":true,"href":"https:\/\/fischer-badacsony.hu\/de\/wp-json\/wp\/v2\/product_cat?post=988614"},{"taxonomy":"product_tag","embeddable":true,"href":"https:\/\/fischer-badacsony.hu\/de\/wp-json\/wp\/v2\/product_tag?post=988614"}],"curies":[{"name":"wp","href":"https:\/\/api.w.org\/{rel}","templated":true}]}}