{"id":988610,"date":"2025-03-03T12:41:41","date_gmt":"2025-03-03T11:41:41","guid":{"rendered":"https:\/\/dev.horvathkaroly.hu\/fischer\/?post_type=product&#038;p=988610"},"modified":"2025-12-18T23:16:43","modified_gmt":"2025-12-18T22:16:43","slug":"fischer-zweigelt-spatlese-limited-2021","status":"publish","type":"product","link":"https:\/\/fischer-badacsony.hu\/de\/product\/fischer-zweigelt-spatlese-limited-2021\/","title":{"rendered":"Fischer Zweigelt Sp\u00e4tlese limited 2021"},"content":{"rendered":"<div class=\"vgblk-rw-wrapper limit-wrapper\">\n<p style=\"text-align: left;\">Fischer Zweigelt Sp\u00e4tlese Limited ist ein hochwertiger, s\u00fc\u00dfer Rotwein aus Zweigelt-Trauben aus den besten Weinlagen des Weinbaugebietes Burgenland. Dieser Wein hat einen Alkoholgehalt von 10,0 % und bietet einen reichen, vollmundigen Geschmack.<\/p>\n<p><strong>Farbe und Duft:<\/strong> Er zeichnet sich durch eine tiefe rubinrote Farbe aus und sein Aroma wird von zarten Beerenfr\u00fcchten, w\u00fcrzigen und mineralischen Noten dominiert.<\/p>\n<p><strong>Geschmack und Textur:<\/strong> Der Geschmack vereint reife Beeren, w\u00fcrzige und mineralische Noten, was zu einem reichen und dichten Aroma f\u00fchrt. Der Wein hat einen langen und s\u00fc\u00dfen Abgang.<\/p>\n<p><strong>Speisenempfehlung:<\/strong> Es passt hervorragend zu Desserts, insbesondere zu Schokolade und Fruchtbonbons. Auch zu reifem K\u00e4se kann es eine gute Wahl sein.<\/div>\n<p><!-- .vgblk-rw-wrapper --><\/p>","protected":false},"excerpt":{"rendered":"<p>A Fischer Zweigelt Sp\u00e4tlese Limited egy kiv\u00e1l\u00f3 min\u0151s\u00e9g\u0171, \u00e9des v\u00f6r\u00f6sbor, amely a Burgenland borvid\u00e9k legjobb sz\u0151l\u0151\u00fcltetv\u00e9nyeir\u0151l sz\u00e1rmaz\u00f3 Zweigelt sz\u0151l\u0151b\u0151l k\u00e9sz\u00fclt.v<\/p>","protected":false},"featured_media":988611,"template":"","meta":{"_acf_changed":false,"_monsterinsights_skip_tracking":false,"_monsterinsights_sitenote_active":false,"_monsterinsights_sitenote_note":"","_monsterinsights_sitenote_category":0},"product_brand":[],"product_cat":[42],"product_tag":[231,189,206,187,191],"class_list":{"0":"post-988610","1":"product","2":"type-product","3":"status-publish","4":"has-post-thumbnail","6":"product_cat-voros","7":"product_tag-balaton","8":"product_tag-fischer","9":"product_tag-kesoi-szuret","10":"product_tag-vorosbor","11":"product_tag-zweigelt","13":"first","14":"instock","15":"taxable","16":"shipping-taxable","17":"purchasable","18":"product-type-simple"},"acf":[],"aioseo_notices":[],"_links":{"self":[{"href":"https:\/\/fischer-badacsony.hu\/de\/wp-json\/wp\/v2\/product\/988610","targetHints":{"allow":["GET"]}}],"collection":[{"href":"https:\/\/fischer-badacsony.hu\/de\/wp-json\/wp\/v2\/product"}],"about":[{"href":"https:\/\/fischer-badacsony.hu\/de\/wp-json\/wp\/v2\/types\/product"}],"version-history":[{"count":1,"href":"https:\/\/fischer-badacsony.hu\/de\/wp-json\/wp\/v2\/product\/988610\/revisions"}],"predecessor-version":[{"id":989689,"href":"https:\/\/fischer-badacsony.hu\/de\/wp-json\/wp\/v2\/product\/988610\/revisions\/989689"}],"wp:featuredmedia":[{"embeddable":true,"href":"https:\/\/fischer-badacsony.hu\/de\/wp-json\/wp\/v2\/media\/988611"}],"wp:attachment":[{"href":"https:\/\/fischer-badacsony.hu\/de\/wp-json\/wp\/v2\/media?parent=988610"}],"wp:term":[{"taxonomy":"product_brand","embeddable":true,"href":"https:\/\/fischer-badacsony.hu\/de\/wp-json\/wp\/v2\/product_brand?post=988610"},{"taxonomy":"product_cat","embeddable":true,"href":"https:\/\/fischer-badacsony.hu\/de\/wp-json\/wp\/v2\/product_cat?post=988610"},{"taxonomy":"product_tag","embeddable":true,"href":"https:\/\/fischer-badacsony.hu\/de\/wp-json\/wp\/v2\/product_tag?post=988610"}],"curies":[{"name":"wp","href":"https:\/\/api.w.org\/{rel}","templated":true}]}}