{"id":988601,"date":"2025-03-03T12:30:20","date_gmt":"2025-03-03T11:30:20","guid":{"rendered":"https:\/\/dev.horvathkaroly.hu\/fischer\/?post_type=product&#038;p=988601"},"modified":"2026-01-16T22:39:05","modified_gmt":"2026-01-16T21:39:05","slug":"fischer-syrah-2020","status":"publish","type":"product","link":"https:\/\/fischer-badacsony.hu\/de\/product\/fischer-syrah-2020\/","title":{"rendered":"Fischer Syrah 2020"},"content":{"rendered":"<div class=\"vgblk-rw-wrapper limit-wrapper\">\n<p style=\"text-align: left;\">Fischer Syrah 2020 ist ein hochwertiger, trockener Rotwein aus Syrah-Trauben aus unseren besten Lagen. Dieser Wein hat einen Alkoholgehalt von 13,0 % und einen S\u00e4uregehalt von 4,3 g\/l und einen Restzuckergehalt von 4,2 g\/l. Um seine Frische und Fruchtigkeit zu bewahren, wurde der Wein in Stahltanks ausgebaut.<\/p>\n<p><strong>Farbe und Duft:<\/strong> Es zeichnet sich durch eine dunkle rubinrote Farbe aus, erg\u00e4nzt durch dezente violette Reflexe. Sein Aroma wird von kr\u00e4ftigen Fruchtnoten wie schwarzer Johannisbeere und Brombeere dominiert, erg\u00e4nzt durch zarte w\u00fcrzige und pfeffrige Aromen.<\/p>\n<p><strong>Geschmack und Textur:<\/strong> Am Gaumen verschmelzen dunkle Beeren wie Schwarzkirschen und Pflaumen harmonisch mit w\u00fcrzigen Noten. Der Wein hat einen mittleren K\u00f6rper, samtige Tannine und einen langen, eleganten Abgang.<\/p>\n<p><strong>Speisenempfehlung:<\/strong> Er passt hervorragend zu traditionellen ungarischen Gerichten, wie etwa gekochtem Rindfleisch mit Meerrettich oder gebratenem Rehfleisch in Rotweinsauce. Es kann auch eine gute Wahl f\u00fcr gegrilltes Fleisch und w\u00fcrzige Gerichte sein.<\/div>\n<p><!-- .vgblk-rw-wrapper --><\/p>","protected":false},"excerpt":{"rendered":"<p>Reichhaltige Fruchtigkeit und w\u00fcrzige Aromen zeichnen diesen umwerfenden Rotwein aus und schaffen eine perfekte Balance zwischen Beeren und Gew\u00fcrzen.<\/p>","protected":false},"featured_media":988602,"template":"","meta":{"_acf_changed":false,"_monsterinsights_skip_tracking":false,"_monsterinsights_sitenote_active":false,"_monsterinsights_sitenote_note":"","_monsterinsights_sitenote_category":0},"product_brand":[],"product_cat":[42],"product_tag":[171,231,189,200,190,187],"class_list":{"0":"post-988601","1":"product","2":"type-product","3":"status-publish","4":"has-post-thumbnail","6":"product_cat-voros","7":"product_tag-badacsony","8":"product_tag-balaton","9":"product_tag-fischer","10":"product_tag-syrah","11":"product_tag-szaraz-bor","12":"product_tag-vorosbor","14":"first","15":"instock","16":"taxable","17":"shipping-taxable","18":"purchasable","19":"product-type-simple"},"acf":[],"aioseo_notices":[],"_links":{"self":[{"href":"https:\/\/fischer-badacsony.hu\/de\/wp-json\/wp\/v2\/product\/988601","targetHints":{"allow":["GET"]}}],"collection":[{"href":"https:\/\/fischer-badacsony.hu\/de\/wp-json\/wp\/v2\/product"}],"about":[{"href":"https:\/\/fischer-badacsony.hu\/de\/wp-json\/wp\/v2\/types\/product"}],"version-history":[{"count":1,"href":"https:\/\/fischer-badacsony.hu\/de\/wp-json\/wp\/v2\/product\/988601\/revisions"}],"predecessor-version":[{"id":989690,"href":"https:\/\/fischer-badacsony.hu\/de\/wp-json\/wp\/v2\/product\/988601\/revisions\/989690"}],"wp:featuredmedia":[{"embeddable":true,"href":"https:\/\/fischer-badacsony.hu\/de\/wp-json\/wp\/v2\/media\/988602"}],"wp:attachment":[{"href":"https:\/\/fischer-badacsony.hu\/de\/wp-json\/wp\/v2\/media?parent=988601"}],"wp:term":[{"taxonomy":"product_brand","embeddable":true,"href":"https:\/\/fischer-badacsony.hu\/de\/wp-json\/wp\/v2\/product_brand?post=988601"},{"taxonomy":"product_cat","embeddable":true,"href":"https:\/\/fischer-badacsony.hu\/de\/wp-json\/wp\/v2\/product_cat?post=988601"},{"taxonomy":"product_tag","embeddable":true,"href":"https:\/\/fischer-badacsony.hu\/de\/wp-json\/wp\/v2\/product_tag?post=988601"}],"curies":[{"name":"wp","href":"https:\/\/api.w.org\/{rel}","templated":true}]}}