{"id":988573,"date":"2025-03-03T12:00:41","date_gmt":"2025-03-03T11:00:41","guid":{"rendered":"https:\/\/dev.horvathkaroly.hu\/fischer\/?post_type=product&#038;p=988573"},"modified":"2025-12-05T17:28:54","modified_gmt":"2025-12-05T16:28:54","slug":"fischer-blaufrankisch-limited-2017","status":"publish","type":"product","link":"https:\/\/fischer-badacsony.hu\/de\/product\/fischer-blaufrankisch-limited-2017\/","title":{"rendered":"Fischer Blaufr\u00e4nkisch limited 2017"},"content":{"rendered":"<div class=\"vgblk-rw-wrapper limit-wrapper\">Der <strong data-start=\"531\" data-end=\"569\">Fischer Blaufr\u00e4nkisch Limited 2017<\/strong> egy k\u00fcl\u00f6nleges, osztr\u00e1k Blaufr\u00e4nkisch (k\u00e9kfrankos) t\u00e9tel, amely a Fischer\/Alfred Fischer bor\u00e1szat pr\u00e9mium sorozat\u00e1ba tartozik. M\u00e9ly rubinv\u00f6r\u00f6s sz\u00edn\u0171, illat\u00e1ban \u00e9rett piros- \u00e9s s\u00f6t\u00e9t bogy\u00f3s gy\u00fcm\u00f6lcs\u00f6k, borsos-f\u0171szeres jegyek \u00e9s finom hord\u00f3s t\u00f3nusok jelennek meg. \u00cdz\u00e9ben telt test, kiegyens\u00falyozott savak \u00e9s sima tanninok jellemzik. T\u00f6k\u00e9letes v\u00e1laszt\u00e1s v\u00f6r\u00f6s h\u00fasokhoz, vad\u00e9telekhez vagy csak \u00e9lvezetk\u00e9nt egy k\u00fcl\u00f6nleges est\u00e9hez.<\/div>\n<p><!-- .vgblk-rw-wrapper --><\/p>","protected":false},"excerpt":{"rendered":"<p>A Fischer Blaufr\u00e4nkisch Limited 2017 egy k\u00fcl\u00f6nleges, osztr\u00e1k Blaufr\u00e4nkisch (k\u00e9kfrankos) t\u00e9tel, amely a Fischer\/Alfred Fischer bor\u00e1szat pr\u00e9mium sorozat\u00e1ba tartozik. M\u00e9ly rubinv\u00f6r\u00f6s sz\u00edn\u0171, illat\u00e1ban \u00e9rett piros- \u00e9s s\u00f6t\u00e9t bogy\u00f3s gy\u00fcm\u00f6lcs\u00f6k, borsos-f\u0171szeres jegyek \u00e9s finom hord\u00f3s t\u00f3nusok jelennek meg. \u00cdz\u00e9ben telt test, kiegyens\u00falyozott savak \u00e9s sima tanninok jellemzik. T\u00f6k\u00e9letes v\u00e1laszt\u00e1s v\u00f6r\u00f6s h\u00fasokhoz, vad\u00e9telekhez vagy csak \u00e9lvezetk\u00e9nt egy&#8230;<\/p>","protected":false},"featured_media":988574,"template":"","meta":{"_acf_changed":false,"_monsterinsights_skip_tracking":false,"_monsterinsights_sitenote_active":false,"_monsterinsights_sitenote_note":"","_monsterinsights_sitenote_category":0},"product_brand":[],"product_cat":[42],"product_tag":[231,203,189,202,187],"class_list":{"0":"post-988573","1":"product","2":"type-product","3":"status-publish","4":"has-post-thumbnail","6":"product_cat-voros","7":"product_tag-balaton","8":"product_tag-blaufrankisch","9":"product_tag-fischer","10":"product_tag-kekfrankos","11":"product_tag-vorosbor","13":"first","14":"instock","15":"taxable","16":"shipping-taxable","17":"purchasable","18":"product-type-simple"},"acf":[],"aioseo_notices":[],"_links":{"self":[{"href":"https:\/\/fischer-badacsony.hu\/de\/wp-json\/wp\/v2\/product\/988573","targetHints":{"allow":["GET"]}}],"collection":[{"href":"https:\/\/fischer-badacsony.hu\/de\/wp-json\/wp\/v2\/product"}],"about":[{"href":"https:\/\/fischer-badacsony.hu\/de\/wp-json\/wp\/v2\/types\/product"}],"version-history":[{"count":2,"href":"https:\/\/fischer-badacsony.hu\/de\/wp-json\/wp\/v2\/product\/988573\/revisions"}],"predecessor-version":[{"id":989692,"href":"https:\/\/fischer-badacsony.hu\/de\/wp-json\/wp\/v2\/product\/988573\/revisions\/989692"}],"wp:featuredmedia":[{"embeddable":true,"href":"https:\/\/fischer-badacsony.hu\/de\/wp-json\/wp\/v2\/media\/988574"}],"wp:attachment":[{"href":"https:\/\/fischer-badacsony.hu\/de\/wp-json\/wp\/v2\/media?parent=988573"}],"wp:term":[{"taxonomy":"product_brand","embeddable":true,"href":"https:\/\/fischer-badacsony.hu\/de\/wp-json\/wp\/v2\/product_brand?post=988573"},{"taxonomy":"product_cat","embeddable":true,"href":"https:\/\/fischer-badacsony.hu\/de\/wp-json\/wp\/v2\/product_cat?post=988573"},{"taxonomy":"product_tag","embeddable":true,"href":"https:\/\/fischer-badacsony.hu\/de\/wp-json\/wp\/v2\/product_tag?post=988573"}],"curies":[{"name":"wp","href":"https:\/\/api.w.org\/{rel}","templated":true}]}}