{"id":987771,"date":"2025-02-18T20:58:46","date_gmt":"2025-02-18T19:58:46","guid":{"rendered":"https:\/\/dev.horvathkaroly.hu\/fischer\/?post_type=product&#038;p=987771"},"modified":"2026-04-05T18:25:16","modified_gmt":"2026-04-05T16:25:16","slug":"fischer-pinot-blanc-2024","status":"publish","type":"product","link":"https:\/\/fischer-badacsony.hu\/de\/product\/fischer-pinot-blanc-2024\/","title":{"rendered":"Fischer Pinot Blanc 2024"},"content":{"rendered":"<div class=\"vgblk-rw-wrapper limit-wrapper\">Eine der dominierenden Sorten im Weinberg Szent Gy\u00f6rgy-hegy von Fischer Birtok ist der Wei\u00dfburgunder, der in \u00d6sterreich grunds\u00e4tzlich eine sehr modische Rebsorte ist; Sogar in der Wachau ist er neben dem Gr\u00fcnen Veltliner und dem Riesling zu finden. Es handelt sich um eine Mutation der grauschaligen Traube, w\u00e4hrend die Schale der Pinot-blanc-Beere w\u00e4hrend der Reifung nicht \u201erot wird\u201c.<\/p>\n<p>Die Farbe unserer Charge 2019 ist blassgelb; Das Aroma ist von tropischen Fr\u00fcchten, Ananas, Kokosnuss und Grapefruit. Erfrischender, leichter, fruchtiger Geschmack, straffe, scharfe Struktur, s\u00fcffiger Grundwein aus Badacsony. Kategorie \u201eBester Kauf\u201c. Es geht unbemerkt zur Neige und wir f\u00fcllen bereits das n\u00e4chste Glas auf. Er passt hervorragend zu leichteren Gerichten und passt beispielsweise hervorragend zum Caesar Salad.<\/p>\n<p>Produktionsfl\u00e4che: 3,5 ha<\/p><\/div>\n<p><!-- .vgblk-rw-wrapper --><\/p>","protected":false},"excerpt":{"rendered":"<p>Ein leichter und frischer Wei\u00dfwein mit angenehm fruchtigen Aromen. Ein leicht zu trinkender Artikel, die perfekte Wahl f\u00fcr leichtere Mahlzeiten oder gesellige Zusammenk\u00fcnfte.<\/p>","protected":false},"featured_media":987775,"template":"","meta":{"_acf_changed":false,"_monsterinsights_skip_tracking":false,"_monsterinsights_sitenote_active":false,"_monsterinsights_sitenote_note":"","_monsterinsights_sitenote_category":0},"product_brand":[],"product_cat":[40],"product_tag":[171,231,165,189,211,190],"class_list":{"0":"post-987771","1":"product","2":"type-product","3":"status-publish","4":"has-post-thumbnail","6":"product_cat-feher","7":"product_tag-badacsony","8":"product_tag-balaton","9":"product_tag-feherbor","10":"product_tag-fischer","11":"product_tag-pinot-blanc","12":"product_tag-szaraz-bor","14":"first","15":"instock","16":"taxable","17":"shipping-taxable","18":"purchasable","19":"product-type-simple"},"acf":[],"aioseo_notices":[],"_links":{"self":[{"href":"https:\/\/fischer-badacsony.hu\/de\/wp-json\/wp\/v2\/product\/987771","targetHints":{"allow":["GET"]}}],"collection":[{"href":"https:\/\/fischer-badacsony.hu\/de\/wp-json\/wp\/v2\/product"}],"about":[{"href":"https:\/\/fischer-badacsony.hu\/de\/wp-json\/wp\/v2\/types\/product"}],"version-history":[{"count":1,"href":"https:\/\/fischer-badacsony.hu\/de\/wp-json\/wp\/v2\/product\/987771\/revisions"}],"predecessor-version":[{"id":989380,"href":"https:\/\/fischer-badacsony.hu\/de\/wp-json\/wp\/v2\/product\/987771\/revisions\/989380"}],"wp:featuredmedia":[{"embeddable":true,"href":"https:\/\/fischer-badacsony.hu\/de\/wp-json\/wp\/v2\/media\/987775"}],"wp:attachment":[{"href":"https:\/\/fischer-badacsony.hu\/de\/wp-json\/wp\/v2\/media?parent=987771"}],"wp:term":[{"taxonomy":"product_brand","embeddable":true,"href":"https:\/\/fischer-badacsony.hu\/de\/wp-json\/wp\/v2\/product_brand?post=987771"},{"taxonomy":"product_cat","embeddable":true,"href":"https:\/\/fischer-badacsony.hu\/de\/wp-json\/wp\/v2\/product_cat?post=987771"},{"taxonomy":"product_tag","embeddable":true,"href":"https:\/\/fischer-badacsony.hu\/de\/wp-json\/wp\/v2\/product_tag?post=987771"}],"curies":[{"name":"wp","href":"https:\/\/api.w.org\/{rel}","templated":true}]}}