{"id":5868,"date":"2020-07-28T10:15:30","date_gmt":"2020-07-28T10:15:30","guid":{"rendered":"https:\/\/lagar.vamtam.com\/?post_type=product&#038;p=5868"},"modified":"2025-12-05T17:29:41","modified_gmt":"2025-12-05T16:29:41","slug":"fischer-blaufrankisch-reserve-rosalia-dac-2017","status":"publish","type":"product","link":"https:\/\/fischer-badacsony.hu\/de\/product\/fischer-blaufrankisch-reserve-rosalia-dac-2017\/","title":{"rendered":"Fischer Blaufr\u00e4nkisch Reserve Rosalia DAC 2017"},"content":{"rendered":"<div class=\"vgblk-rw-wrapper limit-wrapper\">Der <strong data-start=\"329\" data-end=\"379\">Fischer Blaufr\u00e4nkisch Reserve Rosalia DAC 2017<\/strong> egy kiv\u00e9teles, osztr\u00e1k eredet\u0171 K\u00e9kfrankos t\u00e9tel, mely a Rosalia DAC r\u00e9gi\u00f3 terroirj\u00e1t hordozza mag\u00e1ban. M\u00e9ly rubinv\u00f6r\u00f6s sz\u00edn, illat\u00e1ban s\u00f6t\u00e9t bogy\u00f3s gy\u00fcm\u00f6lcs\u00f6k, plum \u00e9s mogyor\u00f3s t\u00f3nusok jelennek meg, finom f\u0171szeress\u00e9ggel \u00e9s eleg\u00e1nsan integr\u00e1lt hord\u00f3s jegyekkel. \u00cdz\u00e9ben telt test, sima tanninok \u00e9s j\u00f3l kiegyens\u00falyozott szerkezet domin\u00e1lnak. \u00cdnyenceknek, k\u00fcl\u00f6nleges alkalmakra, v\u00f6r\u00f6s h\u00fasok mell\u00e9 kiv\u00e1l\u00f3 v\u00e1laszt\u00e1s.<\/div>\n<p><!-- .vgblk-rw-wrapper --><\/p>","protected":false},"excerpt":{"rendered":"<p>Chambolle Guillaume de Vergy is recognized and appreciated for the full expression of its fruit by international wine sommeliers. <a href=\"https:\/\/www.bunnamagoowines.com.au\/product\/2013-bunnamagoo-estate-pinot-noir-chardonnay\/\" target=\"_blank\" rel=\"noopener noreferrer\">Product link<\/a>.<\/p>","protected":false},"featured_media":987774,"template":"","meta":{"_acf_changed":false,"_monsterinsights_skip_tracking":false,"_monsterinsights_sitenote_active":false,"_monsterinsights_sitenote_note":"","_monsterinsights_sitenote_category":0},"product_brand":[],"product_cat":[42],"product_tag":[231,203,189,202,176,187],"class_list":{"0":"post-5868","1":"product","2":"type-product","3":"status-publish","4":"has-post-thumbnail","6":"product_cat-voros","7":"product_tag-balaton","8":"product_tag-blaufrankisch","9":"product_tag-fischer","10":"product_tag-kekfrankos","11":"product_tag-premium","12":"product_tag-vorosbor","14":"first","15":"instock","16":"taxable","17":"shipping-taxable","18":"purchasable","19":"product-type-simple"},"acf":[],"aioseo_notices":[],"_links":{"self":[{"href":"https:\/\/fischer-badacsony.hu\/de\/wp-json\/wp\/v2\/product\/5868","targetHints":{"allow":["GET"]}}],"collection":[{"href":"https:\/\/fischer-badacsony.hu\/de\/wp-json\/wp\/v2\/product"}],"about":[{"href":"https:\/\/fischer-badacsony.hu\/de\/wp-json\/wp\/v2\/types\/product"}],"version-history":[{"count":2,"href":"https:\/\/fischer-badacsony.hu\/de\/wp-json\/wp\/v2\/product\/5868\/revisions"}],"predecessor-version":[{"id":989696,"href":"https:\/\/fischer-badacsony.hu\/de\/wp-json\/wp\/v2\/product\/5868\/revisions\/989696"}],"wp:featuredmedia":[{"embeddable":true,"href":"https:\/\/fischer-badacsony.hu\/de\/wp-json\/wp\/v2\/media\/987774"}],"wp:attachment":[{"href":"https:\/\/fischer-badacsony.hu\/de\/wp-json\/wp\/v2\/media?parent=5868"}],"wp:term":[{"taxonomy":"product_brand","embeddable":true,"href":"https:\/\/fischer-badacsony.hu\/de\/wp-json\/wp\/v2\/product_brand?post=5868"},{"taxonomy":"product_cat","embeddable":true,"href":"https:\/\/fischer-badacsony.hu\/de\/wp-json\/wp\/v2\/product_cat?post=5868"},{"taxonomy":"product_tag","embeddable":true,"href":"https:\/\/fischer-badacsony.hu\/de\/wp-json\/wp\/v2\/product_tag?post=5868"}],"curies":[{"name":"wp","href":"https:\/\/api.w.org\/{rel}","templated":true}]}}