{"id":338,"date":"2020-03-13T17:29:36","date_gmt":"2020-03-13T17:29:36","guid":{"rendered":"https:\/\/lagar.vamtam.com\/?page_id=338"},"modified":"2026-02-03T16:42:29","modified_gmt":"2026-02-03T15:42:29","slug":"pinceszet","status":"publish","type":"page","link":"https:\/\/fischer-badacsony.hu\/de\/pinceszet\/","title":{"rendered":"Weingut"},"content":{"rendered":"<div data-elementor-type=\"wp-page\" data-elementor-id=\"338\" class=\"elementor elementor-338\" data-elementor-post-type=\"page\">\n\t\t\t\t\t\t<section class=\"elementor-section elementor-top-section elementor-element elementor-element-1d188cf elementor-section-height-min-height elementor-section-content-bottom elementor-section-boxed elementor-section-height-default elementor-section-items-middle elementor-invisible\" data-id=\"1d188cf\" data-element_type=\"section\" data-settings=\"{&quot;background_background&quot;:&quot;slideshow&quot;,&quot;animation&quot;:&quot;fadeIn&quot;,&quot;background_slideshow_gallery&quot;:[{&quot;id&quot;:988542,&quot;url&quot;:&quot;https:\\\/\\\/fischer-badacsony.hu\\\/wp-content\\\/uploads\\\/2025\\\/03\\\/slide_4.webp&quot;},{&quot;id&quot;:988541,&quot;url&quot;:&quot;https:\\\/\\\/fischer-badacsony.hu\\\/wp-content\\\/uploads\\\/2025\\\/03\\\/slide_3.webp&quot;},{&quot;id&quot;:988539,&quot;url&quot;:&quot;https:\\\/\\\/fischer-badacsony.hu\\\/wp-content\\\/uploads\\\/2025\\\/03\\\/slide_1.webp&quot;},{&quot;id&quot;:988540,&quot;url&quot;:&quot;https:\\\/\\\/fischer-badacsony.hu\\\/wp-content\\\/uploads\\\/2025\\\/03\\\/slide_2.webp&quot;}],&quot;background_slideshow_transition_duration&quot;:1000,&quot;background_slideshow_ken_burns&quot;:&quot;yes&quot;,&quot;background_slideshow_loop&quot;:&quot;yes&quot;,&quot;background_slideshow_slide_duration&quot;:5000,&quot;background_slideshow_slide_transition&quot;:&quot;fade&quot;,&quot;background_slideshow_ken_burns_zoom_direction&quot;:&quot;in&quot;}\">\n\t\t\t\t\t\t\t<div class=\"elementor-background-overlay\"><\/div>\n\t\t\t\t\t\t\t<div class=\"elementor-container elementor-column-gap-default\">\n\t\t\t\t\t<div class=\"elementor-column elementor-col-100 elementor-top-column elementor-element elementor-element-0376f93\" data-id=\"0376f93\" data-element_type=\"column\">\n\t\t\t<div class=\"elementor-widget-wrap elementor-element-populated\">\n\t\t\t\t\t\t\t<\/div>\n\t\t<\/div>\n\t\t\t\t\t<\/div>\n\t\t<\/section>\n\t\t\t\t<section class=\"elementor-section elementor-top-section elementor-element elementor-element-0cd6191 elementor-section-boxed elementor-section-height-default elementor-section-height-default\" data-id=\"0cd6191\" data-element_type=\"section\">\n\t\t\t\t\t\t<div class=\"elementor-container elementor-column-gap-default\">\n\t\t\t\t\t<div class=\"elementor-column elementor-col-100 elementor-top-column elementor-element elementor-element-e67174b\" data-id=\"e67174b\" data-element_type=\"column\">\n\t\t\t<div class=\"elementor-widget-wrap elementor-element-populated\">\n\t\t\t\t\t\t<div class=\"elementor-element elementor-element-5aa4e16 elementor-invisible elementor-widget elementor-widget-heading\" data-id=\"5aa4e16\" data-element_type=\"widget\" data-settings=\"{&quot;_animation&quot;:&quot;fadeIn&quot;,&quot;_animation_delay&quot;:200}\" data-widget_type=\"heading.default\">\n\t\t\t\t<div class=\"elementor-widget-container\">\n\t\t\t\t\t<h6 class=\"elementor-heading-title elementor-size-default\">Fischer Weingut<\/h6>\t\t\t\t<\/div>\n\t\t\t\t<\/div>\n\t\t\t\t<div class=\"elementor-element elementor-element-12d9910 elementor-invisible elementor-widget elementor-widget-heading\" data-id=\"12d9910\" data-element_type=\"widget\" data-settings=\"{&quot;_animation&quot;:&quot;fadeIn&quot;}\" data-widget_type=\"heading.default\">\n\t\t\t\t<div class=\"elementor-widget-container\">\n\t\t\t\t\t<h2 class=\"elementor-heading-title elementor-size-default\">Familientradition und Exzellenz<\/h2>\t\t\t\t<\/div>\n\t\t\t\t<\/div>\n\t\t\t\t<div class=\"elementor-element elementor-element-338c631 elementor-absolute elementor-widget elementor-widget-image\" data-id=\"338c631\" data-element_type=\"widget\" data-settings=\"{&quot;_position&quot;:&quot;absolute&quot;}\" data-widget_type=\"image.default\">\n\t\t\t\t<div class=\"elementor-widget-container\">\n\t\t\t\t\t\t\t\t\t<div class=\"elementor-image\">\n\t\t\t\t\t\t\t\t\t\t\t\t\t\t\t\t\t\t\t\t\t<img loading=\"lazy\" decoding=\"async\" width=\"178\" height=\"281\" src=\"https:\/\/fischer-badacsony.hu\/wp-content\/uploads\/2020\/03\/Vector.png\" class=\"attachment-large size-large wp-image-583\" alt=\"Vector_sz\u0151l\u0151\" \/>\t\t\t\t\t\t\t\t\t\t\t\t\t\t\t\t\t\t\t\t\t\t\t\t<\/div>\n\t\t\t\t\t\t\t\t<\/div>\n\t\t\t\t<\/div>\n\t\t\t\t<div class=\"elementor-element elementor-element-bb5e1ad elementor-widget elementor-widget-text-editor\" data-id=\"bb5e1ad\" data-element_type=\"widget\" data-widget_type=\"text-editor.default\">\n\t\t\t\t<div class=\"elementor-widget-container\">\n\t\t\t\t\t\t\t\t\t<p>Willkommen bei Fischer Birtok, wo Familientradition auf hohe Qualit\u00e4t trifft. Unser Weingut baut auf einem seit Generationen bestehenden Familienerbe auf, und wir sind stolz darauf, unsere Weine aus Trauben zu erzeugen, die in einigen unserer besten Weinberge wachsen.<\/p>\t\t\t\t\t\t\t\t<\/div>\n\t\t\t\t<\/div>\n\t\t\t\t\t<\/div>\n\t\t<\/div>\n\t\t\t\t\t<\/div>\n\t\t<\/section>\n\t\t\t\t<section class=\"elementor-section elementor-top-section elementor-element elementor-element-c456f3a elementor-section-boxed elementor-section-height-default elementor-section-height-default\" data-id=\"c456f3a\" data-element_type=\"section\">\n\t\t\t\t\t\t<div class=\"elementor-container elementor-column-gap-default\">\n\t\t\t\t\t<div class=\"elementor-column elementor-col-50 elementor-top-column elementor-element elementor-element-1ad59ec\" data-id=\"1ad59ec\" data-element_type=\"column\" data-settings=\"{&quot;background_background&quot;:&quot;classic&quot;}\">\n\t\t\t<div class=\"elementor-widget-wrap elementor-element-populated\">\n\t\t\t\t\t\t<div class=\"elementor-element elementor-element-44bbadf elementor-invisible elementor-widget elementor-widget-image\" data-id=\"44bbadf\" data-element_type=\"widget\" data-settings=\"{&quot;_animation&quot;:&quot;imageGrowWithScaleLeft&quot;}\" data-widget_type=\"image.default\">\n\t\t\t\t<div class=\"elementor-widget-container\">\n\t\t\t\t\t\t\t\t\t<div class=\"elementor-image\">\n\t\t\t\t\t\t\t\t\t\t\t<div class=\"vamtam-image-wrapper\">\n\t\t\t\t\t\t\t\t\t\t\t\t\t\t\t\t\t\t\t\t\t<img decoding=\"async\" src=\"https:\/\/fischer-badacsony.hu\/wp-content\/uploads\/elementor\/thumbs\/csaladi_1-r3nw76n37d2ps662ldd9ut1i187qvdg2yxmodpbckk.webp\" title=\"Fischer csal\u00e1di bor\u00e1szat\" alt=\"Fischer csal\u00e1di bor\u00e1szat \u2013 k\u00f6z\u00f6s pillanatok\" loading=\"lazy\" \/>\t\t\t\t\t\t\t\t\t\t\t\t\t\t\t\t\t\t\t\t\t\t\t\t\t\t<\/div>\n\t\t\t\t\t\t\t\t\t<\/div>\n\t\t\t\t\t\t\t\t<\/div>\n\t\t\t\t<\/div>\n\t\t\t\t\t<\/div>\n\t\t<\/div>\n\t\t\t\t<div class=\"elementor-column elementor-col-50 elementor-top-column elementor-element elementor-element-bd7ea74 animated-slow elementor-invisible\" data-id=\"bd7ea74\" data-element_type=\"column\" data-settings=\"{&quot;animation&quot;:&quot;fadeIn&quot;}\">\n\t\t\t<div class=\"elementor-widget-wrap elementor-element-populated\">\n\t\t\t\t\t\t<div class=\"elementor-element elementor-element-0cff6cc elementor-invisible elementor-widget elementor-widget-heading\" data-id=\"0cff6cc\" data-element_type=\"widget\" data-settings=\"{&quot;_animation&quot;:&quot;fadeIn&quot;,&quot;_animation_delay&quot;:200}\" data-widget_type=\"heading.default\">\n\t\t\t\t<div class=\"elementor-widget-container\">\n\t\t\t\t\t<h6 class=\"elementor-heading-title elementor-size-default\">Fischer Weingut<\/h6>\t\t\t\t<\/div>\n\t\t\t\t<\/div>\n\t\t\t\t<div class=\"elementor-element elementor-element-1fec153 elementor-invisible elementor-widget elementor-widget-heading\" data-id=\"1fec153\" data-element_type=\"widget\" data-settings=\"{&quot;_animation&quot;:&quot;fadeIn&quot;}\" data-widget_type=\"heading.default\">\n\t\t\t\t<div class=\"elementor-widget-container\">\n\t\t\t\t\t<h2 class=\"elementor-heading-title elementor-size-default\">Unsere Familiengeschichte<\/h2>\t\t\t\t<\/div>\n\t\t\t\t<\/div>\n\t\t\t\t<div class=\"elementor-element elementor-element-5935fe6 elementor-widget elementor-widget-text-editor\" data-id=\"5935fe6\" data-element_type=\"widget\" data-widget_type=\"text-editor.default\">\n\t\t\t\t<div class=\"elementor-widget-container\">\n\t\t\t\t\t\t\t\t\t<p>Das Weingut Alfred Fischer wurde im Jahr 1931 von Alfred Fischer (1895-1977) gegr\u00fcndet. Seit 1931 war Alfred Fischer in verschiedenen Restaurants in Wien t\u00e4tig, seit 1964 arbeitete er in der Gastronomie im nahe gelegenen Gesch\u00e4ft seiner Familie. Der 1946 geborene Alfred Fischer \u00fcbernahm nach und nach die Leitung des Weinguts von seinem Vater und f\u00fchrte es ab 1965 selbstst\u00e4ndig. In den 1970er Jahren, als die Umstellung auf 2-Liter-Flaschen erfolgte, wurden die Weine noch in Holzf\u00e4ssern gelagert. In den 1970er Jahren wurde eine gr\u00f6\u00dfere Abf\u00fcllanlage angeschafft und das Lager erweitert. Im Jahr 1984 wurde ein gro\u00dfes Geb\u00e4ude gebaut. Seit Alfred Fischer jr. die kaufm\u00e4nnischen Aufgaben und den Betrieb \u00fcbernommen hat, ist dieser um das F\u00fcnffache gewachsen.<\/p>\t\t\t\t\t\t\t\t<\/div>\n\t\t\t\t<\/div>\n\t\t\t\t\t<\/div>\n\t\t<\/div>\n\t\t\t\t\t<\/div>\n\t\t<\/section>\n\t\t\t\t<section class=\"elementor-section elementor-top-section elementor-element elementor-element-ed24cff elementor-reverse-mobile elementor-reverse-tablet elementor-section-boxed elementor-section-height-default elementor-section-height-default\" data-id=\"ed24cff\" data-element_type=\"section\">\n\t\t\t\t\t\t<div class=\"elementor-container elementor-column-gap-default\">\n\t\t\t\t\t<div class=\"elementor-column elementor-col-50 elementor-top-column elementor-element elementor-element-ed8b4ef animated-slow elementor-invisible\" data-id=\"ed8b4ef\" data-element_type=\"column\" data-settings=\"{&quot;animation&quot;:&quot;fadeIn&quot;}\">\n\t\t\t<div class=\"elementor-widget-wrap elementor-element-populated\">\n\t\t\t\t\t\t<div class=\"elementor-element elementor-element-36628c1 elementor-widget elementor-widget-text-editor\" data-id=\"36628c1\" data-element_type=\"widget\" data-widget_type=\"text-editor.default\">\n\t\t\t\t<div class=\"elementor-widget-container\">\n\t\t\t\t\t\t\t\t\t<p>1996 gr\u00fcndete die Familie Fischer ein Weingut in Ungarn, das sich in Kisapati am Fu\u00dfe des Szent-Gy\u00f6rgy-Bergs in der N\u00e4he des Plattensees befindet. Das neue Weingut erstreckt sich \u00fcber 80 Hektar und wurde mit zahlreichen internationalen Preisen ausgezeichnet, was die konsequente Qualit\u00e4tsphilosophie der Familie Fischer best\u00e4tigt. Die S\u00f6hne von Alfred Fischer, Thomas Fischer und Alex Fischer, arbeiten in der dritten Generation im Weingut und geben die Familientradition und das Fachwissen weiter.<\/p><p>Die Familie Fischer hat starke ungarische Wurzeln, und die steirische Region war vor Trianon Teil von Ungarn. Vor dem Vertrag von Trianon waren die Gebiete des heutigen \u00d6sterreich und Ungarn enger miteinander verbunden, und die Geschichte der Familie Fischer basiert auf diesem historischen Hintergrund.<\/p>\t\t\t\t\t\t\t\t<\/div>\n\t\t\t\t<\/div>\n\t\t\t\t\t<\/div>\n\t\t<\/div>\n\t\t\t\t<div class=\"elementor-column elementor-col-50 elementor-top-column elementor-element elementor-element-e71da76\" data-id=\"e71da76\" data-element_type=\"column\" data-settings=\"{&quot;background_background&quot;:&quot;classic&quot;}\">\n\t\t\t<div class=\"elementor-widget-wrap elementor-element-populated\">\n\t\t\t\t\t\t<div class=\"elementor-element elementor-element-8c0821d elementor-invisible elementor-widget elementor-widget-image\" data-id=\"8c0821d\" data-element_type=\"widget\" data-settings=\"{&quot;_animation&quot;:&quot;imageGrowWithScaleRight&quot;,&quot;_animation_delay&quot;:200}\" data-widget_type=\"image.default\">\n\t\t\t\t<div class=\"elementor-widget-container\">\n\t\t\t\t\t\t\t\t\t<div class=\"elementor-image\">\n\t\t\t\t\t\t\t\t\t\t\t<div class=\"vamtam-image-wrapper\">\n\t\t\t\t\t\t\t\t\t\t\t\t\t\t\t\t\t\t\t\t\t<img decoding=\"async\" src=\"https:\/\/fischer-badacsony.hu\/wp-content\/uploads\/elementor\/thumbs\/kep_10-r3nw78irl15afe3cae6izskf7zyharnjn6xnc98k84.webp\" title=\"Badacsonyi sz\u0151l\u0151\u00fcltetv\u00e9ny\" alt=\"Fischer Bor\u00e1szat \u2013 sz\u0151l\u0151\u00fcltetv\u00e9ny a badacsonyi t\u00e1jban\" loading=\"lazy\" \/>\t\t\t\t\t\t\t\t\t\t\t\t\t\t\t\t\t\t\t\t\t\t\t\t\t\t<\/div>\n\t\t\t\t\t\t\t\t\t<\/div>\n\t\t\t\t\t\t\t\t<\/div>\n\t\t\t\t<\/div>\n\t\t\t\t\t<\/div>\n\t\t<\/div>\n\t\t\t\t\t<\/div>\n\t\t<\/section>\n\t\t\t\t<section class=\"elementor-section elementor-top-section elementor-element elementor-element-54da41d elementor-section-boxed elementor-section-height-default elementor-section-height-default\" data-id=\"54da41d\" data-element_type=\"section\">\n\t\t\t\t\t\t<div class=\"elementor-container elementor-column-gap-default\">\n\t\t\t\t\t<div class=\"elementor-column elementor-col-50 elementor-top-column elementor-element elementor-element-070bbbd\" data-id=\"070bbbd\" data-element_type=\"column\" data-settings=\"{&quot;background_background&quot;:&quot;classic&quot;}\">\n\t\t\t<div class=\"elementor-widget-wrap elementor-element-populated\">\n\t\t\t\t\t\t<div class=\"elementor-element elementor-element-32128cb animated-fast elementor-invisible elementor-widget elementor-widget-image\" data-id=\"32128cb\" data-element_type=\"widget\" data-settings=\"{&quot;_animation&quot;:&quot;imageGrowWithScaleLeft&quot;}\" data-widget_type=\"image.default\">\n\t\t\t\t<div class=\"elementor-widget-container\">\n\t\t\t\t\t\t\t\t\t<div class=\"elementor-image\">\n\t\t\t\t\t\t\t\t\t\t\t<div class=\"vamtam-image-wrapper\">\n\t\t\t\t\t\t\t\t\t\t\t\t\t\t\t\t\t\t\t\t\t<img decoding=\"async\" src=\"https:\/\/fischer-badacsony.hu\/wp-content\/uploads\/elementor\/thumbs\/kep_11-r3nw78irl15afe3cae6izskf7zyharnjn6xnc98k84.webp\" title=\"Fischer Borbirtok\" alt=\"Fischer Borbirtok - csal\u00e1di hagyom\u00e1nyok\" loading=\"lazy\" \/>\t\t\t\t\t\t\t\t\t\t\t\t\t\t\t\t\t\t\t\t\t\t\t\t\t\t<\/div>\n\t\t\t\t\t\t\t\t\t<\/div>\n\t\t\t\t\t\t\t\t<\/div>\n\t\t\t\t<\/div>\n\t\t\t\t\t<\/div>\n\t\t<\/div>\n\t\t\t\t<div class=\"elementor-column elementor-col-50 elementor-top-column elementor-element elementor-element-a8a617b animated-slow elementor-invisible\" data-id=\"a8a617b\" data-element_type=\"column\" data-settings=\"{&quot;animation&quot;:&quot;fadeIn&quot;}\">\n\t\t\t<div class=\"elementor-widget-wrap elementor-element-populated\">\n\t\t\t\t\t\t<div class=\"elementor-element elementor-element-87cd93a elementor-invisible elementor-widget elementor-widget-heading\" data-id=\"87cd93a\" data-element_type=\"widget\" data-settings=\"{&quot;_animation&quot;:&quot;fadeIn&quot;,&quot;_animation_delay&quot;:200}\" data-widget_type=\"heading.default\">\n\t\t\t\t<div class=\"elementor-widget-container\">\n\t\t\t\t\t<h6 class=\"elementor-heading-title elementor-size-default\">Fischer Weingut<\/h6>\t\t\t\t<\/div>\n\t\t\t\t<\/div>\n\t\t\t\t<div class=\"elementor-element elementor-element-2a713b4 elementor-invisible elementor-widget elementor-widget-heading\" data-id=\"2a713b4\" data-element_type=\"widget\" data-settings=\"{&quot;_animation&quot;:&quot;fadeIn&quot;}\" data-widget_type=\"heading.default\">\n\t\t\t\t<div class=\"elementor-widget-container\">\n\t\t\t\t\t<h2 class=\"elementor-heading-title elementor-size-default\">Unser Auftrag<\/h2>\t\t\t\t<\/div>\n\t\t\t\t<\/div>\n\t\t\t\t<div class=\"elementor-element elementor-element-dc39c3b elementor-widget elementor-widget-text-editor\" data-id=\"dc39c3b\" data-element_type=\"widget\" data-widget_type=\"text-editor.default\">\n\t\t\t\t<div class=\"elementor-widget-container\">\n\t\t\t\t\t\t\t\t\t<p>Unser Ziel ist es, die perfekte Harmonie von Natur und menschlichem K\u00f6nnen in jede Flasche zu bringen. Wir glauben, dass Wein mehr als nur ein Getr\u00e4nk ist; er ist eine Erfahrung, die Momente teilt und Erinnerungen schafft.\u00a0<\/p>\t\t\t\t\t\t\t\t<\/div>\n\t\t\t\t<\/div>\n\t\t\t\t<div class=\"elementor-element elementor-element-64fe232 elementor-invisible elementor-widget elementor-widget-heading\" data-id=\"64fe232\" data-element_type=\"widget\" data-settings=\"{&quot;_animation&quot;:&quot;fadeIn&quot;}\" data-widget_type=\"heading.default\">\n\t\t\t\t<div class=\"elementor-widget-container\">\n\t\t\t\t\t<h2 class=\"elementor-heading-title elementor-size-default\">Unser Angebot<\/h2>\t\t\t\t<\/div>\n\t\t\t\t<\/div>\n\t\t\t\t<div class=\"elementor-element elementor-element-56c07dc elementor-widget elementor-widget-text-editor\" data-id=\"56c07dc\" data-element_type=\"widget\" data-widget_type=\"text-editor.default\">\n\t\t\t\t<div class=\"elementor-widget-container\">\n\t\t\t\t\t\t\t\t\tWir sind stolz auf unsere vielf\u00e4ltige Weinauswahl, bei der jeder seinen Favoriten findet. Ob frische und fruchtige Wei\u00dfweine, gehaltvolle und samtige Rotweine oder besondere Dessertweine, bei uns finden Sie garantiert einen Wein nach Ihrem Geschmack.\t\t\t\t\t\t\t\t<\/div>\n\t\t\t\t<\/div>\n\t\t\t\t<div class=\"elementor-element elementor-element-bb10cca elementor-widget elementor-widget-button\" data-id=\"bb10cca\" data-element_type=\"widget\" data-widget_type=\"button.default\">\n\t\t\t\t<div class=\"elementor-widget-container\">\n\t\t\t\t\t\t\t\t\t<div class=\"elementor-button-wrapper\">\n\t\t\t\t\t<a class=\"elementor-button elementor-button-link elementor-size-sm\" href=\"https:\/\/fischer-badacsony.hu\/webaruhaz\/\">\n\t\t\t\t\t\t<span class=\"elementor-button-content-wrapper\">\n\t\t\t\t\t\t\t\t\t<span class=\"elementor-button-text\">Ir\u00e1ny a webshop<\/span>\n\t\t\t\t\t<\/span>\n\t\t\t\t\t<\/a>\n\t\t\t\t<\/div>\n\t\t\t\t\t\t\t\t<\/div>\n\t\t\t\t<\/div>\n\t\t\t\t\t<\/div>\n\t\t<\/div>\n\t\t\t\t\t<\/div>\n\t\t<\/section>\n\t\t\t\t<section class=\"elementor-section elementor-top-section elementor-element elementor-element-29962b5 elementor-reverse-mobile elementor-reverse-tablet elementor-section-boxed elementor-section-height-default elementor-section-height-default\" data-id=\"29962b5\" data-element_type=\"section\">\n\t\t\t\t\t\t<div class=\"elementor-container elementor-column-gap-default\">\n\t\t\t\t\t<div class=\"elementor-column elementor-col-50 elementor-top-column elementor-element elementor-element-43eff8a animated-slow elementor-invisible\" data-id=\"43eff8a\" data-element_type=\"column\" data-settings=\"{&quot;animation&quot;:&quot;fadeIn&quot;}\">\n\t\t\t<div class=\"elementor-widget-wrap elementor-element-populated\">\n\t\t\t\t\t\t<div class=\"elementor-element elementor-element-e596605 elementor-invisible elementor-widget elementor-widget-heading\" data-id=\"e596605\" data-element_type=\"widget\" data-settings=\"{&quot;_animation&quot;:&quot;fadeIn&quot;,&quot;_animation_delay&quot;:200}\" data-widget_type=\"heading.default\">\n\t\t\t\t<div class=\"elementor-widget-container\">\n\t\t\t\t\t<h6 class=\"elementor-heading-title elementor-size-default\">Fischer Weingut<\/h6>\t\t\t\t<\/div>\n\t\t\t\t<\/div>\n\t\t\t\t<div class=\"elementor-element elementor-element-73be270 elementor-invisible elementor-widget elementor-widget-heading\" data-id=\"73be270\" data-element_type=\"widget\" data-settings=\"{&quot;_animation&quot;:&quot;fadeIn&quot;}\" data-widget_type=\"heading.default\">\n\t\t\t\t<div class=\"elementor-widget-container\">\n\t\t\t\t\t<h2 class=\"elementor-heading-title elementor-size-default\">Nachhaltigkeit<\/h2>\t\t\t\t<\/div>\n\t\t\t\t<\/div>\n\t\t\t\t<div class=\"elementor-element elementor-element-20afc52 elementor-widget elementor-widget-text-editor\" data-id=\"20afc52\" data-element_type=\"widget\" data-widget_type=\"text-editor.default\">\n\t\t\t\t<div class=\"elementor-widget-container\">\n\t\t\t\t\t\t\t\t\t<p>Fischer Birtok engagiert sich f\u00fcr eine nachhaltige Landwirtschaft. Unsere schonenden Anbaumethoden und umweltfreundlichen Technologien sorgen daf\u00fcr, dass unsere Weine nicht nur lecker, sondern auch umweltfreundlich sind.\u00a0<\/p>\t\t\t\t\t\t\t\t<\/div>\n\t\t\t\t<\/div>\n\t\t\t\t<div class=\"elementor-element elementor-element-2d62bcb elementor-invisible elementor-widget elementor-widget-heading\" data-id=\"2d62bcb\" data-element_type=\"widget\" data-settings=\"{&quot;_animation&quot;:&quot;fadeIn&quot;}\" data-widget_type=\"heading.default\">\n\t\t\t\t<div class=\"elementor-widget-container\">\n\t\t\t\t\t<h2 class=\"elementor-heading-title elementor-size-default\">Besuchen Sie uns<\/h2>\t\t\t\t<\/div>\n\t\t\t\t<\/div>\n\t\t\t\t<div class=\"elementor-element elementor-element-4eecc07 elementor-widget elementor-widget-text-editor\" data-id=\"4eecc07\" data-element_type=\"widget\" data-widget_type=\"text-editor.default\">\n\t\t\t\t<div class=\"elementor-widget-container\">\n\t\t\t\t\t\t\t\t\t<p>Nincs is jobb m\u00f3dja annak, hogy megismerje borainkat, mint egy szem\u00e9lyes l\u00e1togat\u00e1s n\u00e1lunk.<br \/>Bork\u00f3stol\u00f3inkon felfedezheti bor\u00e1szatunk legkiv\u00e1l\u00f3bb t\u00e9teleit, mik\u00f6zben betekint\u00e9st nyer a bork\u00e9sz\u00edt\u00e9s vil\u00e1g\u00e1ba.<\/p>\t\t\t\t\t\t\t\t<\/div>\n\t\t\t\t<\/div>\n\t\t\t\t<div class=\"elementor-element elementor-element-8427a6a elementor-widget elementor-widget-button\" data-id=\"8427a6a\" data-element_type=\"widget\" data-widget_type=\"button.default\">\n\t\t\t\t<div class=\"elementor-widget-container\">\n\t\t\t\t\t\t\t\t\t<div class=\"elementor-button-wrapper\">\n\t\t\t\t\t<a class=\"elementor-button elementor-button-link elementor-size-sm\" href=\"https:\/\/fischer-badacsony.hu\/kapcsolat\/\">\n\t\t\t\t\t\t<span class=\"elementor-button-content-wrapper\">\n\t\t\t\t\t\t\t\t\t<span class=\"elementor-button-text\">Kontakt<\/span>\n\t\t\t\t\t<\/span>\n\t\t\t\t\t<\/a>\n\t\t\t\t<\/div>\n\t\t\t\t\t\t\t\t<\/div>\n\t\t\t\t<\/div>\n\t\t\t\t\t<\/div>\n\t\t<\/div>\n\t\t\t\t<div class=\"elementor-column elementor-col-50 elementor-top-column elementor-element elementor-element-46e7769\" data-id=\"46e7769\" data-element_type=\"column\" data-settings=\"{&quot;background_background&quot;:&quot;classic&quot;}\">\n\t\t\t<div class=\"elementor-widget-wrap elementor-element-populated\">\n\t\t\t\t\t\t<div class=\"elementor-element elementor-element-a6eb5bf elementor-invisible elementor-widget elementor-widget-image\" data-id=\"a6eb5bf\" data-element_type=\"widget\" data-settings=\"{&quot;_animation&quot;:&quot;imageGrowWithScaleRight&quot;,&quot;_animation_delay&quot;:300}\" data-widget_type=\"image.default\">\n\t\t\t\t<div class=\"elementor-widget-container\">\n\t\t\t\t\t\t\t\t\t<div class=\"elementor-image\">\n\t\t\t\t\t\t\t\t\t\t\t<div class=\"vamtam-image-wrapper\">\n\t\t\t\t\t\t\t\t\t\t\t\t\t\t\t\t\t\t\t\t\t<img decoding=\"async\" src=\"https:\/\/fischer-badacsony.hu\/wp-content\/uploads\/elementor\/thumbs\/csaladi_3-r3nw79glrv6kr01z4wl5kabvtdtuigr9zbl4tj761w.webp\" title=\"Fischer Bor\u00e1szat \u2013 csal\u00e1di sz\u0151l\u0151feldolgoz\u00e1s\" alt=\"Fischer Bor\u00e1szat \u2013 csal\u00e1di sz\u0151l\u0151feldolgoz\u00e1s\" loading=\"lazy\" \/>\t\t\t\t\t\t\t\t\t\t\t\t\t\t\t\t\t\t\t\t\t\t\t\t\t\t<\/div>\n\t\t\t\t\t\t\t\t\t<\/div>\n\t\t\t\t\t\t\t\t<\/div>\n\t\t\t\t<\/div>\n\t\t\t\t\t<\/div>\n\t\t<\/div>\n\t\t\t\t\t<\/div>\n\t\t<\/section>\n\t\t\t\t<\/div>","protected":false},"excerpt":{"rendered":"<p>Fischer Birtok Csal\u00e1di Hagyom\u00e1ny \u00e9s Kiv\u00e1l\u00f3s\u00e1g \u00dcdv\u00f6z\u00f6lj\u00fck a Fischer Birtokon, ahol a csal\u00e1di hagyom\u00e1nyok \u00e9s a kiv\u00e1l\u00f3 min\u0151s\u00e9g tal\u00e1lkozik. Bor\u00e1szatunk t\u00f6bb gener\u00e1ci\u00f3ra visszany\u00fal\u00f3 csal\u00e1di \u00f6r\u00f6ks\u00e9gre \u00e9p\u00fcl, \u00e9s b\u00fcszk\u00e9k vagyunk arra, hogy a legkiv\u00e1l\u00f3bb sz\u0151l\u0151\u00fcltetv\u00e9nyeinkr\u0151l sz\u00e1rmaz\u00f3 sz\u0151l\u0151b\u0151l k\u00e9sz\u00edtj\u00fck borainkat. Fischer Birtok Csal\u00e1dunk T\u00f6rt\u00e9nete Az Alfred Fischer Pinc\u00e9szet 1931 \u00f3ta l\u00e9tezik, \u00e9s Alfred Fischer (1895-1977) alap\u00edtotta. Alfred&#8230;<\/p>","protected":false},"author":1,"featured_media":0,"parent":0,"menu_order":0,"comment_status":"closed","ping_status":"closed","template":"","meta":{"_acf_changed":false,"_monsterinsights_skip_tracking":false,"_monsterinsights_sitenote_active":false,"_monsterinsights_sitenote_note":"","_monsterinsights_sitenote_category":0,"footnotes":""},"class_list":["post-338","page","type-page","status-publish","hentry"],"acf":[],"aioseo_notices":[],"_links":{"self":[{"href":"https:\/\/fischer-badacsony.hu\/de\/wp-json\/wp\/v2\/pages\/338","targetHints":{"allow":["GET"]}}],"collection":[{"href":"https:\/\/fischer-badacsony.hu\/de\/wp-json\/wp\/v2\/pages"}],"about":[{"href":"https:\/\/fischer-badacsony.hu\/de\/wp-json\/wp\/v2\/types\/page"}],"author":[{"embeddable":true,"href":"https:\/\/fischer-badacsony.hu\/de\/wp-json\/wp\/v2\/users\/1"}],"replies":[{"embeddable":true,"href":"https:\/\/fischer-badacsony.hu\/de\/wp-json\/wp\/v2\/comments?post=338"}],"version-history":[{"count":19,"href":"https:\/\/fischer-badacsony.hu\/de\/wp-json\/wp\/v2\/pages\/338\/revisions"}],"predecessor-version":[{"id":990007,"href":"https:\/\/fischer-badacsony.hu\/de\/wp-json\/wp\/v2\/pages\/338\/revisions\/990007"}],"wp:attachment":[{"href":"https:\/\/fischer-badacsony.hu\/de\/wp-json\/wp\/v2\/media?parent=338"}],"curies":[{"name":"wp","href":"https:\/\/api.w.org\/{rel}","templated":true}]}}